{"id":139,"date":"2024-02-21T14:35:53","date_gmt":"2024-02-21T17:35:53","guid":{"rendered":"https:\/\/sites.uel.br\/ciapg\/?page_id=139"},"modified":"2025-09-29T11:17:22","modified_gmt":"2025-09-29T14:17:22","slug":"atividades","status":"publish","type":"page","link":"https:\/\/sites.uel.br\/ciapg\/atividades\/","title":{"rendered":"Atividades"},"content":{"rendered":"\n<p class=\"has-verde-color has-text-color has-link-color has-medium-font-size wp-elements-968dfb73e4905d3eccf87353124c48e4\"><strong>Gest\u00e3o 2019-2021<\/strong><\/p>\n\n\n\n<p>A Comiss\u00e3o Institucional de Avalia\u00e7\u00e3o da P\u00f3s-Gradua\u00e7\u00e3o (CIAPG), elaborou durante a gest\u00e3o as fichas de avalia\u00e7\u00e3o Discente, Docente, Egressos e o Relat\u00f3rio de avalia\u00e7\u00e3o dos Programas de P\u00f3s-Gradua\u00e7\u00e3o <em>Stricto sensu<\/em> da UEL.<\/p>\n\n\n\n<p>A CIAPG elaborou o documento do Planejamento estrat\u00e9gico dos Programas da UEL. Onde est\u00e1 documentado as atividades e orienta\u00e7\u00f5es do processo de Autoavalia\u00e7\u00e3o e Planejamento Estrat\u00e9gico Intitucional dos Programas de P\u00f3s-Gradua\u00e7\u00e3o da UEL.<\/p>\n\n\n\n<div style=\"height:40px\" aria-hidden=\"true\" class=\"wp-block-spacer\"><\/div>\n\n\n\n<p class=\"has-verde-color has-text-color has-link-color has-medium-font-size wp-elements-257c5abaab65d64c1b2d8f0766a746a8\"><strong>Gest\u00e3o 2021-2023<\/strong><\/p>\n\n\n\n<p>A CIAPG realizou reuni\u00f5es com as Comiss\u00f5es de autoavalia\u00e7\u00e3o (CAA) dos Programas para instrumentaliza\u00e7\u00e3o e discuss\u00e3o sobre as formas de an\u00e1lise dos dados coletados nas diferentes fichas de avalia\u00e7\u00e3o. Al\u00e9m disso, discutiu a elabora\u00e7\u00e3o do Relat\u00f3rio de autoavalia\u00e7\u00e3o dos Programas de P\u00f3s-Gradua\u00e7\u00e3o.<\/p>\n\n\n\n<p>A CIAPG organizou o <strong>F\u00f3rum de Autoavalia\u00e7\u00e3o dos Programas de P\u00f3s-Gradua\u00e7\u00e3o <em>Stricto<\/em> <em>sensu<\/em><\/strong> da UEL. O evento foi realizado nos dias 18 e 19 de maio de 2023. Para as apresenta\u00e7\u00f5es e discuss\u00f5es no F\u00f3rum de autoavalia\u00e7\u00e3o institucional, os Programas foram distribu\u00eddos em tr\u00eas Col\u00e9gios: Col\u00e9gio de Ci\u00eancias da Vida, Col\u00e9gio de Humanidades, Col\u00e9gio de Ci\u00eancias Exatas, Tecnol\u00f3gicas e Multidisciplinar. Para avaliar este processo, Professores externos a UEL foram convidados: <br>Prof. Dr. \u00c2ngelo Ricardo de Souza &#8211; Coordenador da \u00c1rea de Educa\u00e7\u00e3o na CAPES.<br>Prof. Dr. Robert Evan Verhine &#8211; Professor Titular (aposentado) da Universidade Federal da Bahia<br>Profa. Dra. Evanilde Benedito &#8211; Coordenadora da \u00c1rea de Biodiversidade na CAPES<br>Prof. Dr. Edvani Curti Muniz &#8211; Coordenador Adjunto da \u00e1rea de Materiais na CAPES<\/p>\n\n\n\n<p>Cerca de 100 professores da UEL participaram deste evento, onde foi feita a divulga\u00e7\u00e3o dos resultados das autoavalia\u00e7\u00f5es dos Programas de P\u00f3s-gradua\u00e7\u00e3o <em>Stricto sensu<\/em>; a avalia\u00e7\u00e3o destes resultados pelos avaliadores externos e a realiza\u00e7\u00e3o da meta-avalia\u00e7\u00e3o deste processo.<\/p>\n\n\n\n<div style=\"height:37px\" aria-hidden=\"true\" class=\"wp-block-spacer\"><\/div>\n\n\n\n<p class=\"has-verde-escuro-color has-text-color has-link-color has-medium-font-size wp-elements-859abdbe51586f6905aba5ef8dbe93cb\"><strong>Gest\u00e3o 2023-2025<\/strong><\/p>\n\n\n\n<p>A CIAPG promoveu dois eventos pensando na autoavalia\u00e7\u00e3o e no planejamento estrat\u00e9gico. O primeiro foi o semin\u00e1rio &#8216;Planejamento Estrat\u00e9gico e Autoavalia\u00e7\u00e3o dos PPGs da UEL&#8217;, em 17 de julho, que contou com a experi\u00eancia de professores da UEL para apresentar cases de sucesso. O segundo, uma palestra com o Prof. Dr. Robert Verhine em 28 de novembro, refletiu sobre a import\u00e2ncia dos indicadores qualitativos no processo avaliativo da CAPES.<br>Assim, a CIAPG organizou os eventos:<\/p>\n\n\n\n<p>Semin\u00e1rios: &#8220;<strong>Planejamento Estrat\u00e9gico e Autoavalia\u00e7\u00e3o dos Programas de P\u00f3s-Gradua\u00e7\u00e3o <em>Stricto sensu <\/em>da UEL<\/strong>&#8220;, realizado em 17 de julho de 2024.<br>Palestrantes Convidados:<br>\u2022 Profa. Dra. Sandra Regina Ferreira de Oliveira (Doutorado em Educa\u00e7\u00e3o pela Universidade de Campinas e Professora Associada da UEL).<br>\u2022 Prof. Dr. Andr\u00e9 Luis Laforga Vanzela (Doutorado em Ci\u00eancias Biol\u00f3gicas pela Universidade de S\u00e3o Paulo e Professor Associado da UEL).<br>Objetivo: Os palestrantes apresentaram as trajet\u00f3rias e os desdobramentos que os PPGs implementaram a partir dos resultados de suas autoavalia\u00e7\u00f5es.<\/p>\n\n\n\n<p>Palestra: &#8220;<strong>Semin\u00e1rio: Reflex\u00f5es sobre o Papel de Indicadores Qualitativos na Avalia\u00e7\u00e3o da CAPES<\/strong>&#8220;, realizada em 28 de novembro de 2024.<br>\u2022 Palestrante: Prof. Dr. Robert Verhine.<br>Objetivo: O Prof. Verhine compartilhou suas reflex\u00f5es sobre os caminhos que os PPGs devem considerar para aprimorar seus processos e resultados.<\/p>\n\n\n\n<p>A CIAPG elaborou o documento do Planejamento estrat\u00e9gico dos Programas da UEL (2022-2026). Onde est\u00e1 documentado as atividades e orienta\u00e7\u00f5es do processo de Autoavalia\u00e7\u00e3o e Planejamento Estrat\u00e9gico Intitucional dos Programas de P\u00f3s-Gradua\u00e7\u00e3o da UEL. E o relat\u00f3rio institucional da autoavalia\u00e7\u00e3o dos Programas de P\u00f3s-Gradua\u00e7\u00e3o<em> Stricto sensu<\/em> da UEL.<\/p>\n\n\n\n<div style=\"height:41px\" aria-hidden=\"true\" class=\"wp-block-spacer\"><\/div>\n\n\n\n<p><\/p>\n\n\n\n<div class=\"wp-block-columns is-layout-flex wp-container-core-columns-is-layout-9d6595d7 wp-block-columns-is-layout-flex\">\n<div class=\"wp-block-column is-layout-flow wp-block-column-is-layout-flow\">\n<figure class=\"wp-block-image size-full is-resized\"><img decoding=\"async\" src=\"https:\/\/sites.uel.br\/ciapg\/wp-content\/uploads\/2022\/09\/Logo-Color-Vertical.jpg\" alt=\"\" class=\"wp-image-59\" style=\"width:228px;height:auto\" \/><\/figure>\n<\/div>\n\n\n\n<div class=\"wp-block-column is-layout-flow wp-block-column-is-layout-flow\">\n<figure class=\"wp-block-image size-full\"><img loading=\"lazy\" decoding=\"async\" width=\"400\" height=\"178\" src=\"https:\/\/sites.uel.br\/ciapg\/wp-content\/uploads\/2023\/02\/PROPPG.jpg\" alt=\"\" class=\"wp-image-103\" srcset=\"https:\/\/sites.uel.br\/ciapg\/wp-content\/uploads\/2023\/02\/PROPPG.jpg 400w, https:\/\/sites.uel.br\/ciapg\/wp-content\/uploads\/2023\/02\/PROPPG-300x134.jpg 300w\" sizes=\"auto, (max-width: 400px) 100vw, 400px\" \/><\/figure>\n<\/div>\n\n\n\n<div class=\"wp-block-column is-layout-flow wp-block-column-is-layout-flow\">\n<figure class=\"wp-block-image size-full is-resized\"><img loading=\"lazy\" decoding=\"async\" width=\"954\" height=\"631\" src=\"https:\/\/sites.uel.br\/ciapg\/wp-content\/uploads\/2022\/09\/cropped-cropped-Slide1.png\" alt=\"\" class=\"wp-image-97\" style=\"width:216px;height:auto\" srcset=\"https:\/\/sites.uel.br\/ciapg\/wp-content\/uploads\/2022\/09\/cropped-cropped-Slide1.png 954w, https:\/\/sites.uel.br\/ciapg\/wp-content\/uploads\/2022\/09\/cropped-cropped-Slide1-300x198.png 300w, https:\/\/sites.uel.br\/ciapg\/wp-content\/uploads\/2022\/09\/cropped-cropped-Slide1-768x508.png 768w\" sizes=\"auto, (max-width: 954px) 100vw, 954px\" \/><\/figure>\n<\/div>\n<\/div>\n","protected":false},"excerpt":{"rendered":"<p>Gest\u00e3o 2019-2021 A Comiss\u00e3o Institucional de Avalia\u00e7\u00e3o da P\u00f3s-Gradua\u00e7\u00e3o (CIAPG), elaborou durante a gest\u00e3o as fichas de avalia\u00e7\u00e3o Discente, Docente, Egressos e o Relat\u00f3rio de avalia\u00e7\u00e3o dos Programas de P\u00f3s-Gradua\u00e7\u00e3o Stricto sensu da UEL. A CIAPG elaborou o documento do Planejamento estrat\u00e9gico dos Programas da UEL. Onde est\u00e1 documentado as atividades e orienta\u00e7\u00f5es do processo [&hellip;]<\/p>\n","protected":false},"author":6,"featured_media":0,"parent":0,"menu_order":0,"comment_status":"closed","ping_status":"closed","template":"","meta":{"footnotes":""},"class_list":["post-139","page","type-page","status-publish","hentry"],"acf":[],"_links":{"self":[{"href":"https:\/\/sites.uel.br\/ciapg\/wp-json\/wp\/v2\/pages\/139","targetHints":{"allow":["GET"]}}],"collection":[{"href":"https:\/\/sites.uel.br\/ciapg\/wp-json\/wp\/v2\/pages"}],"about":[{"href":"https:\/\/sites.uel.br\/ciapg\/wp-json\/wp\/v2\/types\/page"}],"author":[{"embeddable":true,"href":"https:\/\/sites.uel.br\/ciapg\/wp-json\/wp\/v2\/users\/6"}],"replies":[{"embeddable":true,"href":"https:\/\/sites.uel.br\/ciapg\/wp-json\/wp\/v2\/comments?post=139"}],"version-history":[{"count":8,"href":"https:\/\/sites.uel.br\/ciapg\/wp-json\/wp\/v2\/pages\/139\/revisions"}],"predecessor-version":[{"id":295,"href":"https:\/\/sites.uel.br\/ciapg\/wp-json\/wp\/v2\/pages\/139\/revisions\/295"}],"wp:attachment":[{"href":"https:\/\/sites.uel.br\/ciapg\/wp-json\/wp\/v2\/media?parent=139"}],"curies":[{"name":"wp","href":"https:\/\/api.w.org\/{rel}","templated":true}]}}