{"id":451,"date":"2022-09-22T21:29:09","date_gmt":"2022-09-23T00:29:09","guid":{"rendered":"https:\/\/sites.uel.br\/cesa\/?page_id=451"},"modified":"2026-01-28T09:58:46","modified_gmt":"2026-01-28T12:58:46","slug":"lato-sensu","status":"publish","type":"page","link":"https:\/\/sites.uel.br\/cesa\/lato-sensu\/","title":{"rendered":"CESA \u2013 Centro de Estudos Sociais Aplicados \u2013 Cursos Lato sensu"},"content":{"rendered":"\n<p><\/p>\n\n\n\n<div class=\"wp-block-columns is-layout-flex wp-container-core-columns-is-layout-9d6595d7 wp-block-columns-is-layout-flex\">\n<div class=\"wp-block-column is-layout-flow wp-block-column-is-layout-flow\">\n<h2 class=\"wp-block-heading has-text-align-center has-cinza-claro-color has-verde-escuro-background-color has-text-color has-background\" style=\"font-size:15px\"><strong>CURSOS OFERTADOS E\/OU EM ANDAMENTO<\/strong><\/h2>\n\n\n\n<p style=\"font-size:15px\">.:&nbsp;<a href=\"https:\/\/pos.uel.br\/contabilidade\/\" target=\"_blank\" rel=\"noreferrer noopener\">Contabilidade e Controladoria Empresarial<\/a><\/p>\n\n\n\n<p style=\"font-size:15px\">.:&nbsp;<a href=\"https:\/\/pos.uel.br\/contfinanceira\/\" target=\"_blank\" rel=\"noreferrer noopener\">Gest\u00e3o Tribut\u00e1ria e Contabilidade<\/a><\/p>\n\n\n\n<p style=\"font-size:15px\">.:&nbsp;<a href=\"https:\/\/pos.uel.br\/direitocivil\/\" target=\"_blank\" rel=\"noreferrer noopener\">Direito Civil e Processo Civil<\/a><\/p>\n\n\n\n<p style=\"font-size:15px\">.:&nbsp;<a href=\"https:\/\/pos.uel.br\/direitofamilia\/\" target=\"_blank\" rel=\"noreferrer noopener\">Direito de Fam\u00edlia e Sucess\u00f5es \u2013 teoria e pr\u00e1tica<\/a><\/p>\n\n\n\n<p style=\"font-size:15px\">.:&nbsp;<a href=\"https:\/\/pos.uel.br\/estado\/\" target=\"_blank\" rel=\"noreferrer noopener\">Direito do Estado<\/a><\/p>\n\n\n\n<p style=\"font-size:15px\">.:&nbsp;<a href=\"https:\/\/pos.uel.br\/direitopenal\/\" target=\"_blank\" rel=\"noreferrer noopener\">Direito e Processo Penal<\/a><\/p>\n\n\n\n<p style=\"font-size:15px\">.:&nbsp;<a href=\"https:\/\/pos.uel.br\/direitoempresarial\/\" target=\"_blank\" rel=\"noreferrer noopener\">Direito Empresarial Aplicado \u00e0 Era Digital<\/a><\/p>\n\n\n\n<p style=\"font-size:15px\">.:&nbsp;<a rel=\"noreferrer noopener\" href=\"https:\/\/pos.uel.br\/direitoprevidenciario\/\" target=\"_blank\">Direito Previdenci\u00e1rio<\/a><\/p>\n\n\n\n<p style=\"font-size:15px\">.:&nbsp;<a href=\"https:\/\/pos.uel.br\/filosofiapolitica\/\" target=\"_blank\" rel=\"noreferrer noopener\">Filosofia Pol\u00edtica e Jur\u00eddica<\/a><\/p>\n\n\n\n<p style=\"font-size:15px\">.:&nbsp;<a href=\"https:\/\/pos.uel.br\/financas\/\" target=\"_blank\" rel=\"noreferrer noopener\">Finan\u00e7as Corporativas<\/a><\/p>\n\n\n\n<p style=\"font-size:15px\">.:&nbsp;<a href=\"https:\/\/pos.uel.br\/industrial\/\" target=\"_blank\" rel=\"noreferrer noopener\">Gest\u00e3o Industrial e Neg\u00f3cios<\/a><\/p>\n\n\n\n<p style=\"font-size:15px\">.:&nbsp;<a href=\"https:\/\/pos.uel.br\/mkt\/\" target=\"_blank\" rel=\"noreferrer noopener\">MBA em Gest\u00e3o de Marketing e M\u00eddias Digitais<\/a><\/p>\n\n\n\n<p style=\"font-size:15px\">.:&nbsp;<a href=\"https:\/\/pos.uel.br\/mbagp\/\" target=\"_blank\" rel=\"noreferrer noopener\">MBA em Gest\u00e3o de Pessoas e People Experience<\/a><\/p>\n\n\n\n<p style=\"font-size:15px\">.: <a href=\"https:\/\/pos.uel.br\/mbagpro\" target=\"_blank\" rel=\"noreferrer noopener\">MBA em Gest\u00e3o de Projetos<\/a><\/p>\n\n\n\n<p style=\"font-size:15px\">.:&nbsp;<a href=\"https:\/\/pos.uel.br\/periciacontabil\/\" target=\"_blank\" rel=\"noreferrer noopener\">Per\u00edcia Cont\u00e1bil e Auditoria<\/a><\/p>\n<\/div>\n\n\n\n<div class=\"wp-block-column is-layout-flow wp-block-column-is-layout-flow\">\n<h2 class=\"wp-block-heading has-text-align-center has-cinza-claro-color has-verde-escuro-background-color has-text-color has-background\" style=\"font-size:15px\"><strong>&#8230;.MURAL&#8230;<\/strong><\/h2>\n\n\n\n<p><\/p>\n\n\n\n<p><\/p>\n\n\n\n<p style=\"font-size:15px\"><strong>Inscri\u00e7\u00f5es para turmas 2026\/1<\/strong><\/p>\n\n\n\n<p>de 05\/11\/2025 a <s>23\/01\/2026<\/s>  10\/02\/2026<\/p>\n\n\n\n<p><\/p>\n\n\n\n<p><\/p>\n\n\n\n<div class=\"wp-block-columns is-layout-flex wp-container-core-columns-is-layout-9d6595d7 wp-block-columns-is-layout-flex\">\n<div class=\"wp-block-column is-layout-flow wp-block-column-is-layout-flow\" style=\"flex-basis:33.33%\">\n<figure class=\"wp-block-image size-full is-resized\"><img loading=\"lazy\" decoding=\"async\" width=\"300\" height=\"151\" src=\"https:\/\/sites.uel.br\/cesa\/wp-content\/uploads\/2022\/09\/mao2.png\" alt=\"\" class=\"wp-image-450\" style=\"width:80px;height:40px\" \/><\/figure>\n<\/div>\n\n\n\n<div class=\"wp-block-column is-layout-flow wp-block-column-is-layout-flow\" style=\"flex-basis:66.66%\">\n<p style=\"font-size:15px\"><strong>Acesse o Edital do curso na p\u00e1gina listada ao lado, no menu Inscri\u00e7\u00f5es.<\/strong><\/p>\n<\/div>\n<\/div>\n\n\n\n<div class=\"wp-block-columns is-layout-flex wp-container-core-columns-is-layout-9d6595d7 wp-block-columns-is-layout-flex\">\n<div class=\"wp-block-column is-layout-flow wp-block-column-is-layout-flow\">\n<figure class=\"wp-block-image size-full is-resized\"><a href=\"https:\/\/www.facebook.com\/poscesauel\/\" target=\"_blank\" rel=\"noreferrer noopener\"><img loading=\"lazy\" decoding=\"async\" width=\"70\" height=\"70\" src=\"https:\/\/sites.uel.br\/cesa\/wp-content\/uploads\/2022\/09\/facebook-e1663889676272.png\" alt=\"\" class=\"wp-image-449\" style=\"width:61px;height:61px\" \/><\/a><\/figure>\n<\/div>\n\n\n\n<div class=\"wp-block-column is-layout-flow wp-block-column-is-layout-flow\">\n<figure class=\"wp-block-image size-full is-resized\"><a href=\"https:\/\/www.instagram.com\/pos_cesa_uel\/?hl=pt-br\" target=\"_blank\" rel=\"noreferrer noopener\"><img loading=\"lazy\" decoding=\"async\" width=\"90\" height=\"91\" src=\"https:\/\/sites.uel.br\/cesa\/wp-content\/uploads\/2022\/09\/instagram-e1663889638597.png\" alt=\"\" class=\"wp-image-423\" style=\"width:60px;height:61px\" \/><\/a><\/figure>\n<\/div>\n\n\n\n<div class=\"wp-block-column is-layout-flow wp-block-column-is-layout-flow\">\n<figure class=\"wp-block-image size-full is-resized\"><a href=\"https:\/\/auth-cs.identidadedigital.pr.gov.br\/centralautenticacao\/login.html?response_type=code&amp;client_id=9188905e74c28e489b44e954ec0b9bca&amp;redirect_uri=https%3A%2F%2Fwww.eprotocolo.pr.gov.br%2Fspiweb&amp;scope=null&amp;state=1663371435654&amp;urlCert=https:\/\/certauth-cs.identidadedigital.pr.gov.br&amp;dnsCidadao=https:\/\/cidadao-cs.identidadedigital.pr.gov.br\/centralcidadao&amp;loginPadrao=btnCentral&amp;labelCentral=CPF,E-Mail,Login%20Sentinela&amp;modulosDeAutenticacao=btnSentinela,btnExpresso,btnCertificado,btnSms,btnCpf,btnToken,btnEmailToken,btnSanepar,btnEmail,btnCentral&amp;urlLogo=https%3A%2F%2Fwww.eprotocolo.pr.gov.br%2Fspiweb%2Fimages%2Flogo_eprotocolo.png&amp;acesso=2103&amp;tokenFormat=jwt&amp;exibirLinkAutoCadastro=true&amp;exibirLinkRecuperarSenha=true&amp;exibirLinkAutoCadastroCertificado=false&amp;captcha=false\" target=\"_blank\" rel=\"noreferrer noopener\"><img loading=\"lazy\" decoding=\"async\" width=\"261\" height=\"261\" src=\"https:\/\/sites.uel.br\/cesa\/wp-content\/uploads\/2022\/09\/eprotocolo.jpg\" alt=\"\" class=\"wp-image-421\" style=\"width:65px;height:65px\" srcset=\"https:\/\/sites.uel.br\/cesa\/wp-content\/uploads\/2022\/09\/eprotocolo.jpg 261w, https:\/\/sites.uel.br\/cesa\/wp-content\/uploads\/2022\/09\/eprotocolo-150x150.jpg 150w\" sizes=\"auto, (max-width: 261px) 100vw, 261px\" \/><\/a><\/figure>\n<\/div>\n<\/div>\n\n\n\n<h2 class=\"wp-block-heading has-text-align-center has-cinza-claro-color has-verde-escuro-background-color has-text-color has-background\" style=\"font-size:15px\"><strong>CURSOS SEM OFERTA<\/strong><\/h2>\n\n\n\n<p style=\"font-size:15px\">.:&nbsp;<a href=\"https:\/\/pos.uel.br\/admhospitalar\/\" target=\"_blank\" rel=\"noreferrer noopener\">Administra\u00e7\u00e3o Hospitalar<\/a><\/p>\n\n\n\n<p style=\"font-size:15px\">.:&nbsp;<a href=\"https:\/\/pos.uel.br\/direitoambiental\/\" target=\"_blank\" rel=\"noreferrer noopener\">Direito Ambiental<\/a><\/p>\n\n\n\n<p style=\"font-size:15px\">.:&nbsp;<a href=\"https:\/\/pos.uel.br\/direitointernacional\/\" target=\"_blank\" rel=\"noreferrer noopener\">Direito Internacional e Econ\u00f4mico<\/a><\/p>\n\n\n\n<p style=\"font-size:15px\">.:&nbsp;<a rel=\"noreferrer noopener\" href=\"https:\/\/pos.uel.br\/economiadomeioambiente\/\" target=\"_blank\">Economia Ambiental <\/a><\/p>\n\n\n\n<p style=\"font-size:15px\">.: <a href=\"https:\/\/pos.uel.br\/economiaempresarial\/\">Economia Empresarial<\/a><\/p>\n\n\n\n<p style=\"font-size:15px\">.:&nbsp;<a rel=\"noreferrer noopener\" href=\"https:\/\/pos.uel.br\/recursoshumanos\/\" target=\"_blank\">Gest\u00e3o Contempor\u00e2nea de Recursos Humanos<\/a><\/p>\n\n\n\n<p style=\"font-size:15px\">.:&nbsp;<a href=\"https:\/\/pos.uel.br\/gestaocontabil\/\" target=\"_blank\" rel=\"noreferrer noopener\">Gest\u00e3o Cont\u00e1bil e Financeira PME<\/a><\/p>\n<\/div>\n<\/div>\n\n\n\n<p><\/p>\n","protected":false},"excerpt":{"rendered":"<p>CURSOS OFERTADOS E\/OU EM ANDAMENTO .:&nbsp;Contabilidade e Controladoria Empresarial .:&nbsp;Gest\u00e3o Tribut\u00e1ria e Contabilidade .:&nbsp;Direito Civil e Processo Civil .:&nbsp;Direito de Fam\u00edlia e Sucess\u00f5es \u2013 teoria e pr\u00e1tica .:&nbsp;Direito do Estado .:&nbsp;Direito e Processo Penal .:&nbsp;Direito Empresarial Aplicado \u00e0 Era Digital .:&nbsp;Direito Previdenci\u00e1rio .:&nbsp;Filosofia Pol\u00edtica e Jur\u00eddica .:&nbsp;Finan\u00e7as Corporativas .:&nbsp;Gest\u00e3o Industrial e Neg\u00f3cios .:&nbsp;MBA em Gest\u00e3o [&hellip;]<\/p>\n","protected":false},"author":8,"featured_media":0,"parent":0,"menu_order":0,"comment_status":"closed","ping_status":"closed","template":"","meta":{"_acf_changed":false,"footnotes":""},"class_list":["post-451","page","type-page","status-publish","hentry"],"acf":[],"_links":{"self":[{"href":"https:\/\/sites.uel.br\/cesa\/wp-json\/wp\/v2\/pages\/451","targetHints":{"allow":["GET"]}}],"collection":[{"href":"https:\/\/sites.uel.br\/cesa\/wp-json\/wp\/v2\/pages"}],"about":[{"href":"https:\/\/sites.uel.br\/cesa\/wp-json\/wp\/v2\/types\/page"}],"author":[{"embeddable":true,"href":"https:\/\/sites.uel.br\/cesa\/wp-json\/wp\/v2\/users\/8"}],"replies":[{"embeddable":true,"href":"https:\/\/sites.uel.br\/cesa\/wp-json\/wp\/v2\/comments?post=451"}],"version-history":[{"count":33,"href":"https:\/\/sites.uel.br\/cesa\/wp-json\/wp\/v2\/pages\/451\/revisions"}],"predecessor-version":[{"id":678,"href":"https:\/\/sites.uel.br\/cesa\/wp-json\/wp\/v2\/pages\/451\/revisions\/678"}],"wp:attachment":[{"href":"https:\/\/sites.uel.br\/cesa\/wp-json\/wp\/v2\/media?parent=451"}],"curies":[{"name":"wp","href":"https:\/\/api.w.org\/{rel}","templated":true}]}}