{"id":42,"date":"2021-03-29T14:20:38","date_gmt":"2021-03-29T17:20:38","guid":{"rendered":"https:\/\/sites.uel.br\/cesa\/?page_id=42"},"modified":"2025-05-29T14:35:32","modified_gmt":"2025-05-29T17:35:32","slug":"stricto-sensu","status":"publish","type":"page","link":"https:\/\/sites.uel.br\/cesa\/stricto-sensu\/","title":{"rendered":"Stricto Sensu"},"content":{"rendered":"\n<p><strong>Mestrados<\/strong><\/p>\n\n\n\n<p><a href=\"https:\/\/pos.uel.br\/ppga\">ADMINISTRA\u00c7\u00c3O<\/a><\/p>\n\n\n\n<p><a href=\"https:\/\/pos.uel.br\/direito-negocial\/\">DIREITO NEGOCIAL<\/a><\/p>\n\n\n\n<p><a href=\"http:\/\/www.uel.br\/pos\/economia\">ECONOMIA REGIONAL<\/a><\/p>\n\n\n\n<p><a href=\"https:\/\/pos.uel.br\/sersocial\/\">SERVI\u00c7O SOCIAL E POL\u00cdTICA SOCIAL<\/a><\/p>\n","protected":false},"excerpt":{"rendered":"<p>Mestrados ADMINISTRA\u00c7\u00c3O DIREITO NEGOCIAL ECONOMIA REGIONAL SERVI\u00c7O SOCIAL E POL\u00cdTICA SOCIAL<\/p>\n","protected":false},"author":7,"featured_media":0,"parent":0,"menu_order":0,"comment_status":"closed","ping_status":"closed","template":"","meta":{"_acf_changed":false,"footnotes":""},"class_list":["post-42","page","type-page","status-publish","hentry"],"acf":[],"_links":{"self":[{"href":"https:\/\/sites.uel.br\/cesa\/wp-json\/wp\/v2\/pages\/42","targetHints":{"allow":["GET"]}}],"collection":[{"href":"https:\/\/sites.uel.br\/cesa\/wp-json\/wp\/v2\/pages"}],"about":[{"href":"https:\/\/sites.uel.br\/cesa\/wp-json\/wp\/v2\/types\/page"}],"author":[{"embeddable":true,"href":"https:\/\/sites.uel.br\/cesa\/wp-json\/wp\/v2\/users\/7"}],"replies":[{"embeddable":true,"href":"https:\/\/sites.uel.br\/cesa\/wp-json\/wp\/v2\/comments?post=42"}],"version-history":[{"count":7,"href":"https:\/\/sites.uel.br\/cesa\/wp-json\/wp\/v2\/pages\/42\/revisions"}],"predecessor-version":[{"id":657,"href":"https:\/\/sites.uel.br\/cesa\/wp-json\/wp\/v2\/pages\/42\/revisions\/657"}],"wp:attachment":[{"href":"https:\/\/sites.uel.br\/cesa\/wp-json\/wp\/v2\/media?parent=42"}],"curies":[{"name":"wp","href":"https:\/\/api.w.org\/{rel}","templated":true}]}}