{"id":40,"date":"2021-03-29T14:20:38","date_gmt":"2021-03-29T17:20:38","guid":{"rendered":"https:\/\/sites.uel.br\/cesa\/?page_id=40"},"modified":"2021-08-17T11:31:08","modified_gmt":"2021-08-17T14:31:08","slug":"departamentos","status":"publish","type":"page","link":"https:\/\/sites.uel.br\/cesa\/departamentos\/","title":{"rendered":"Departamentos"},"content":{"rendered":"\n<p><strong>Departamento de Ci\u00eancias Cont\u00e1beis<\/strong><\/p>\n\n\n\n<p>P\u00e1gina:\u00a0<a href=\"http:\/\/www.uel.br\/cesa\/dcon\">http:\/\/www.uel.br\/cesa\/dcon<\/a><br>E-mail:\u00a0<a href=\"mailto:cesadeptos@uel.br\">cesadeptos@uel.br<\/a><br>Telefone: (43) 3371-4265<\/p>\n\n\n\n<p><strong>Departamento de Ci\u00eancias Econ\u00f4micas<\/strong><\/p>\n\n\n\n<p>P\u00e1gina:&nbsp;<a href=\"http:\/\/www.uel.br\/cesa\/deco\">http:\/\/www.uel.br\/cesa\/deco<\/a><br>E-mail:&nbsp;<a href=\"mailto:depeco@uel.br\">depeco@uel.br<\/a><br>Telefone: (43) 3371-4255<\/p>\n\n\n\n<p><strong>Departamento de Direito P\u00fablico<\/strong><\/p>\n\n\n\n<p>P\u00e1gina:&nbsp;<a href=\"http:\/\/www.uel.br\/graduacao\/direito\">http:\/\/www.uel.br\/graduacao\/direito<\/a><\/p>\n\n\n\n<p>E-mail:&nbsp;<a href=\"mailto:depub@uel.br\">depub@uel.br<\/a><br>Telefone: (43) 3371-4285<\/p>\n\n\n\n<p><strong>Departamento de Direito Privado<\/strong><\/p>\n\n\n\n<p>P\u00e1gina:&nbsp;<a href=\"http:\/\/www.uel.br\/cesa\/direitoprivado\">http:\/\/www.uel.br\/cesa\/direitoprivado<\/a><\/p>\n\n\n\n<p>E-mail:&nbsp;<a href=\"mailto:deppri@uel.br\">deppri@uel.br<\/a><br>Telefone: (43) 3371-4305<\/p>\n\n\n\n<p><strong>Departamento de Administra\u00e7\u00e3o<\/strong><\/p>\n\n\n\n<p>P\u00e1gina:<a href=\"http:\/\/www.uel.br\/cesa\/adm\">http:\/\/www.uel.br\/cesa\/adm<\/a><br>Telefone: (43) 3371-4275<\/p>\n\n\n\n<p><strong>Departamento de Secretariado Executivo<\/strong><\/p>\n\n\n\n<p>P\u00e1gina:&nbsp;<a href=\"http:\/\/www.uel.br\/cesa\/dsec\">http:\/\/www.uel.br\/cesa\/dsec<\/a><br>Telefone: (43) 3371-4275<\/p>\n\n\n\n<p><strong>Departamento de Servi\u00e7o Social<\/strong><\/p>\n\n\n\n<p>P\u00e1gina:&nbsp;<a href=\"http:\/\/www.uel.br\/cesa\/sersocial\">http:\/\/www.uel.br\/cesa\/sersocial<\/a><br>E-mail:&nbsp;<a href=\"mailto:depser@uel.br\">depser@uel.br<\/a><br>Telefone: (43) 3371-4245<\/p>\n","protected":false},"excerpt":{"rendered":"<p>Departamento de Ci\u00eancias Cont\u00e1beis P\u00e1gina:\u00a0http:\/\/www.uel.br\/cesa\/dconE-mail:\u00a0cesadeptos@uel.brTelefone: (43) 3371-4265 Departamento de Ci\u00eancias Econ\u00f4micas P\u00e1gina:&nbsp;http:\/\/www.uel.br\/cesa\/decoE-mail:&nbsp;depeco@uel.brTelefone: (43) 3371-4255 Departamento de Direito P\u00fablico P\u00e1gina:&nbsp;http:\/\/www.uel.br\/graduacao\/direito E-mail:&nbsp;depub@uel.brTelefone: (43) 3371-4285 Departamento de Direito Privado P\u00e1gina:&nbsp;http:\/\/www.uel.br\/cesa\/direitoprivado E-mail:&nbsp;deppri@uel.brTelefone: (43) 3371-4305 Departamento de Administra\u00e7\u00e3o P\u00e1gina:http:\/\/www.uel.br\/cesa\/admTelefone: (43) 3371-4275 Departamento de Secretariado Executivo P\u00e1gina:&nbsp;http:\/\/www.uel.br\/cesa\/dsecTelefone: (43) 3371-4275 Departamento de Servi\u00e7o Social P\u00e1gina:&nbsp;http:\/\/www.uel.br\/cesa\/sersocialE-mail:&nbsp;depser@uel.brTelefone: (43) 3371-4245<\/p>\n","protected":false},"author":7,"featured_media":0,"parent":0,"menu_order":0,"comment_status":"closed","ping_status":"closed","template":"","meta":{"_acf_changed":false,"footnotes":""},"class_list":["post-40","page","type-page","status-publish","hentry"],"acf":[],"_links":{"self":[{"href":"https:\/\/sites.uel.br\/cesa\/wp-json\/wp\/v2\/pages\/40","targetHints":{"allow":["GET"]}}],"collection":[{"href":"https:\/\/sites.uel.br\/cesa\/wp-json\/wp\/v2\/pages"}],"about":[{"href":"https:\/\/sites.uel.br\/cesa\/wp-json\/wp\/v2\/types\/page"}],"author":[{"embeddable":true,"href":"https:\/\/sites.uel.br\/cesa\/wp-json\/wp\/v2\/users\/7"}],"replies":[{"embeddable":true,"href":"https:\/\/sites.uel.br\/cesa\/wp-json\/wp\/v2\/comments?post=40"}],"version-history":[{"count":3,"href":"https:\/\/sites.uel.br\/cesa\/wp-json\/wp\/v2\/pages\/40\/revisions"}],"predecessor-version":[{"id":373,"href":"https:\/\/sites.uel.br\/cesa\/wp-json\/wp\/v2\/pages\/40\/revisions\/373"}],"wp:attachment":[{"href":"https:\/\/sites.uel.br\/cesa\/wp-json\/wp\/v2\/media?parent=40"}],"curies":[{"name":"wp","href":"https:\/\/api.w.org\/{rel}","templated":true}]}}