{"id":35,"date":"2021-03-29T14:20:38","date_gmt":"2021-03-29T17:20:38","guid":{"rendered":"https:\/\/sites.uel.br\/cesa\/?page_id=35"},"modified":"2023-09-01T18:41:46","modified_gmt":"2023-09-01T21:41:46","slug":"direcao","status":"publish","type":"page","link":"https:\/\/sites.uel.br\/cesa\/direcao\/","title":{"rendered":"Dire\u00e7\u00e3o"},"content":{"rendered":"\n<div class=\"wp-block-columns is-layout-flex wp-container-core-columns-is-layout-9d6595d7 wp-block-columns-is-layout-flex\">\n<div class=\"wp-block-column is-layout-flow wp-block-column-is-layout-flow\" style=\"flex-basis:33.33%\">\n<figure class=\"wp-block-image size-large\"><img loading=\"lazy\" decoding=\"async\" width=\"771\" height=\"1024\" src=\"https:\/\/sites.uel.br\/cesa\/wp-content\/uploads\/2023\/09\/diretor-e-vice-771x1024.jpg\" alt=\"\" class=\"wp-image-556\" srcset=\"https:\/\/sites.uel.br\/cesa\/wp-content\/uploads\/2023\/09\/diretor-e-vice-771x1024.jpg 771w, https:\/\/sites.uel.br\/cesa\/wp-content\/uploads\/2023\/09\/diretor-e-vice-226x300.jpg 226w, https:\/\/sites.uel.br\/cesa\/wp-content\/uploads\/2023\/09\/diretor-e-vice-768x1021.jpg 768w, https:\/\/sites.uel.br\/cesa\/wp-content\/uploads\/2023\/09\/diretor-e-vice-1156x1536.jpg 1156w, https:\/\/sites.uel.br\/cesa\/wp-content\/uploads\/2023\/09\/diretor-e-vice.jpg 1204w\" sizes=\"auto, (max-width: 771px) 100vw, 771px\" \/><\/figure>\n<\/div>\n\n\n\n<div class=\"wp-block-column is-layout-flow wp-block-column-is-layout-flow\" style=\"flex-basis:66.66%\">\n<p class=\"has-medium-font-size\"><strong>DIRETOR:<\/strong>&nbsp;Prof. Me. Miguel Belinati Piccirillo<\/p>\n\n\n\n<p>Ol\u00e1, sou o Professor Miguel Belinati Piccirillo e fui eleito Diretor do Cesa. Minha gradua\u00e7\u00e3o \u00e9 em Direito e tenho uma especializa\u00e7\u00e3o em Direito Constitucional. No Mestrado, estudei na Institui\u00e7\u00e3o Toledo de Ensino na \u00e1rea de Sistema Constitucional de Garantia de Direitos. Na Uel, j\u00e1 ocupei o Cargo de Vice-Coordenador de Colegiado, Vice-Chefe de Departamento e fui Chefe do Departamento de Direito P\u00fablico. Tamb\u00e9m j\u00e1 trabalhei na Comiss\u00e3o Pr\u00f3pria de Avalia\u00e7\u00e3o e em v\u00e1rias outras fun\u00e7\u00f5es.<br>Junto com o Professor Carlos Caldarelli pretendo realizar uma gest\u00e3o baseada no respeito e no di\u00e1logo. Temos muitos desafios, mas estamos dispostos para trabalhar. Na foto estou divulgando a campanha #Eurespeito. Voc\u00ea pode entrar em contato comigo atrav\u00e9s do e-mail cesadirecao@uel.br . Muito obrigado pelo seu apoio. Grande abra\u00e7o.<\/p>\n<\/div>\n<\/div>\n\n\n\n<div class=\"wp-block-columns is-layout-flex wp-container-core-columns-is-layout-9d6595d7 wp-block-columns-is-layout-flex\">\n<div class=\"wp-block-column is-layout-flow wp-block-column-is-layout-flow\" style=\"flex-basis:33.33%\"><\/div>\n\n\n\n<div class=\"wp-block-column is-layout-flow wp-block-column-is-layout-flow\" style=\"flex-basis:66.66%\">\n<p><strong>VICE-DIRETOR:<\/strong> Prof. Dr. Carlos Eduardo Caldarelli<\/p>\n\n\n\n<p>Ol\u00e1, eu sou o professor Carlos Caldarelli vice-diretor do CESA.<br>Sou graduado em Economia pela UEL, doutor em economia pela ESALQ\/USP e realizei est\u00e1gio p\u00f3s-doutoral na Universidade da Calif\u00f3rnia, Berkeley. Atuo na \u00e1rea de economia rural, desenvolvimento rural, macroeconomia do desenvolvimento e uso de ferramentas quantitativas\/econom\u00e9tricas em economia. Sou professor do departamento de economia e ministro aulas na gradua\u00e7\u00e3o e p\u00f3s e atuo em projetos de pesquisa e extens\u00e3o no CESA e em parcerias em outros centros da UEL.<br>Juntamente como o Prof. Miguel Belinati somos parte da gest\u00e3o do CESA. Na dire\u00e7\u00e3o do centro buscamos atuar de maneira coletiva e construtiva para que o nosso CESA continue sendo esse centro diverso, plural e, sobretudo, esse espa\u00e7o bonito e acolhedor que ele representa.<br>Estamos sempre atentos \u00e0s demandas da comunidade universit\u00e1ria e somamos esfor\u00e7os para que juntos possamos cuidar, gerir e planejar a vida do CESA, hoje e para o futuro.<br>Entendemos que os desafios na gest\u00e3o de um centro t\u00e3o grande quanto \u00e9 o CESA demanda um comprometimento coletivo, por isso estamos sempre abertos para construir e cuidar juntos do CESA.<br>Como vice-diretor do centro estou sempre pronto para acolher as demandas, ouvir e construir no coletivo a nossa gest\u00e3o.<br>Estou sempre \u00e0 disposi\u00e7\u00e3o.<\/p>\n\n\n\n<p><\/p>\n<\/div>\n<\/div>\n","protected":false},"excerpt":{"rendered":"<p>DIRETOR:&nbsp;Prof. Me. Miguel Belinati Piccirillo Ol\u00e1, sou o Professor Miguel Belinati Piccirillo e fui eleito Diretor do Cesa. Minha gradua\u00e7\u00e3o \u00e9 em Direito e tenho uma especializa\u00e7\u00e3o em Direito Constitucional. No Mestrado, estudei na Institui\u00e7\u00e3o Toledo de Ensino na \u00e1rea de Sistema Constitucional de Garantia de Direitos. Na Uel, j\u00e1 ocupei o Cargo de Vice-Coordenador [&hellip;]<\/p>\n","protected":false},"author":7,"featured_media":0,"parent":0,"menu_order":0,"comment_status":"closed","ping_status":"closed","template":"","meta":{"_acf_changed":false,"footnotes":""},"class_list":["post-35","page","type-page","status-publish","hentry"],"acf":[],"_links":{"self":[{"href":"https:\/\/sites.uel.br\/cesa\/wp-json\/wp\/v2\/pages\/35","targetHints":{"allow":["GET"]}}],"collection":[{"href":"https:\/\/sites.uel.br\/cesa\/wp-json\/wp\/v2\/pages"}],"about":[{"href":"https:\/\/sites.uel.br\/cesa\/wp-json\/wp\/v2\/types\/page"}],"author":[{"embeddable":true,"href":"https:\/\/sites.uel.br\/cesa\/wp-json\/wp\/v2\/users\/7"}],"replies":[{"embeddable":true,"href":"https:\/\/sites.uel.br\/cesa\/wp-json\/wp\/v2\/comments?post=35"}],"version-history":[{"count":9,"href":"https:\/\/sites.uel.br\/cesa\/wp-json\/wp\/v2\/pages\/35\/revisions"}],"predecessor-version":[{"id":559,"href":"https:\/\/sites.uel.br\/cesa\/wp-json\/wp\/v2\/pages\/35\/revisions\/559"}],"wp:attachment":[{"href":"https:\/\/sites.uel.br\/cesa\/wp-json\/wp\/v2\/media?parent=35"}],"curies":[{"name":"wp","href":"https:\/\/api.w.org\/{rel}","templated":true}]}}