{"id":15,"date":"2021-03-29T14:03:14","date_gmt":"2021-03-29T17:03:14","guid":{"rendered":"https:\/\/sites.uel.br\/cesa\/?page_id=15"},"modified":"2021-06-28T18:06:51","modified_gmt":"2021-06-28T21:06:51","slug":"apresentacao","status":"publish","type":"page","link":"https:\/\/sites.uel.br\/cesa\/apresentacao\/","title":{"rendered":"Apresenta\u00e7\u00e3o"},"content":{"rendered":"\n<p><strong>Centro de Estudos Sociais Aplicados \u2013 CESA<\/strong><\/p>\n\n\n\n<figure class=\"wp-block-gallery columns-3 wp-block-gallery-1 is-layout-flex wp-block-gallery-is-layout-flex\"><ul class=\"blocks-gallery-grid\"><li class=\"blocks-gallery-item\"><figure><img loading=\"lazy\" decoding=\"async\" width=\"897\" height=\"555\" src=\"https:\/\/sites.uel.br\/cesa\/wp-content\/uploads\/2021\/03\/Cesa-UEL-Foto-Reproducao.png\" alt=\"\" data-id=\"86\" data-full-url=\"https:\/\/sites.uel.br\/cesa\/wp-content\/uploads\/2021\/03\/Cesa-UEL-Foto-Reproducao.png\" data-link=\"https:\/\/sites.uel.br\/cesa\/apresentacao\/attachment\/cesa-uel-foto-reproducao\/\" class=\"wp-image-86\" srcset=\"https:\/\/sites.uel.br\/cesa\/wp-content\/uploads\/2021\/03\/Cesa-UEL-Foto-Reproducao.png 897w, https:\/\/sites.uel.br\/cesa\/wp-content\/uploads\/2021\/03\/Cesa-UEL-Foto-Reproducao-300x186.png 300w, https:\/\/sites.uel.br\/cesa\/wp-content\/uploads\/2021\/03\/Cesa-UEL-Foto-Reproducao-768x475.png 768w\" sizes=\"auto, (max-width: 897px) 100vw, 897px\" \/><\/figure><\/li><li class=\"blocks-gallery-item\"><figure><img loading=\"lazy\" decoding=\"async\" width=\"1024\" height=\"685\" src=\"https:\/\/sites.uel.br\/cesa\/wp-content\/uploads\/2021\/06\/aula-magna-1024x685.jpeg\" alt=\"\" data-id=\"267\" data-full-url=\"https:\/\/sites.uel.br\/cesa\/wp-content\/uploads\/2021\/06\/aula-magna.jpeg\" data-link=\"https:\/\/sites.uel.br\/cesa\/aula-magna\/\" class=\"wp-image-267\" srcset=\"https:\/\/sites.uel.br\/cesa\/wp-content\/uploads\/2021\/06\/aula-magna-1024x685.jpeg 1024w, https:\/\/sites.uel.br\/cesa\/wp-content\/uploads\/2021\/06\/aula-magna-300x201.jpeg 300w, https:\/\/sites.uel.br\/cesa\/wp-content\/uploads\/2021\/06\/aula-magna-768x514.jpeg 768w, https:\/\/sites.uel.br\/cesa\/wp-content\/uploads\/2021\/06\/aula-magna.jpeg 1280w\" sizes=\"auto, (max-width: 1024px) 100vw, 1024px\" \/><\/figure><\/li><li class=\"blocks-gallery-item\"><figure><img loading=\"lazy\" decoding=\"async\" width=\"314\" height=\"115\" src=\"https:\/\/sites.uel.br\/cesa\/wp-content\/uploads\/2021\/06\/alunos_matr2020.jpg\" alt=\"\" data-id=\"280\" data-full-url=\"https:\/\/sites.uel.br\/cesa\/wp-content\/uploads\/2021\/06\/alunos_matr2020.jpg\" data-link=\"https:\/\/sites.uel.br\/cesa\/galeria-de-fotos-do-cesa\/attachment\/alunos_matr2020\/\" class=\"wp-image-280\" srcset=\"https:\/\/sites.uel.br\/cesa\/wp-content\/uploads\/2021\/06\/alunos_matr2020.jpg 314w, https:\/\/sites.uel.br\/cesa\/wp-content\/uploads\/2021\/06\/alunos_matr2020-300x110.jpg 300w\" sizes=\"auto, (max-width: 314px) 100vw, 314px\" \/><\/figure><\/li><\/ul><\/figure>\n\n\n\n<p>O CESA atua na forma\u00e7\u00e3o de profissionais da \u00e1rea de Administra\u00e7\u00e3o, Secretariado Executivo, Ci\u00eancias Cont\u00e1beis, Ci\u00eancias Econ\u00f4micas, Servi\u00e7o Sociais e Direito, em n\u00edvel de gradua\u00e7\u00e3o e p\u00f3s-gradua\u00e7\u00e3o, oferta mais de 15 cursos de especializa\u00e7\u00e3o, 4 cursos de Mestrado e 2 cursos de Doutorado. Contribuindo para a forma\u00e7\u00e3o e desenvolvimento de Londrina e regi\u00e3o.<\/p>\n\n\n\n<p><\/p>\n","protected":false},"excerpt":{"rendered":"<p>Centro de Estudos Sociais Aplicados \u2013 CESA O CESA atua na forma\u00e7\u00e3o de profissionais da \u00e1rea de Administra\u00e7\u00e3o, Secretariado Executivo, Ci\u00eancias Cont\u00e1beis, Ci\u00eancias Econ\u00f4micas, Servi\u00e7o Sociais e Direito, em n\u00edvel de gradua\u00e7\u00e3o e p\u00f3s-gradua\u00e7\u00e3o, oferta mais de 15 cursos de especializa\u00e7\u00e3o, 4 cursos de Mestrado e 2 cursos de Doutorado. Contribuindo para a forma\u00e7\u00e3o e [&hellip;]<\/p>\n","protected":false},"author":7,"featured_media":0,"parent":0,"menu_order":0,"comment_status":"closed","ping_status":"closed","template":"","meta":{"_acf_changed":false,"footnotes":""},"class_list":["post-15","page","type-page","status-publish","hentry"],"acf":[],"_links":{"self":[{"href":"https:\/\/sites.uel.br\/cesa\/wp-json\/wp\/v2\/pages\/15","targetHints":{"allow":["GET"]}}],"collection":[{"href":"https:\/\/sites.uel.br\/cesa\/wp-json\/wp\/v2\/pages"}],"about":[{"href":"https:\/\/sites.uel.br\/cesa\/wp-json\/wp\/v2\/types\/page"}],"author":[{"embeddable":true,"href":"https:\/\/sites.uel.br\/cesa\/wp-json\/wp\/v2\/users\/7"}],"replies":[{"embeddable":true,"href":"https:\/\/sites.uel.br\/cesa\/wp-json\/wp\/v2\/comments?post=15"}],"version-history":[{"count":4,"href":"https:\/\/sites.uel.br\/cesa\/wp-json\/wp\/v2\/pages\/15\/revisions"}],"predecessor-version":[{"id":284,"href":"https:\/\/sites.uel.br\/cesa\/wp-json\/wp\/v2\/pages\/15\/revisions\/284"}],"wp:attachment":[{"href":"https:\/\/sites.uel.br\/cesa\/wp-json\/wp\/v2\/media?parent=15"}],"curies":[{"name":"wp","href":"https:\/\/api.w.org\/{rel}","templated":true}]}}