{"id":998,"date":"2023-04-14T22:26:05","date_gmt":"2023-04-15T01:26:05","guid":{"rendered":"https:\/\/sites.uel.br\/cefe\/?page_id=998"},"modified":"2023-04-14T22:26:05","modified_gmt":"2023-04-15T01:26:05","slug":"tcc","status":"publish","type":"page","link":"https:\/\/sites.uel.br\/cefe\/estudantil\/tcc\/","title":{"rendered":"TCC"},"content":{"rendered":"\n<p>Documentos importantes do Trabalho de Conclus\u00e3o de Curso:<\/p>\n\n\n\n<ul class=\"wp-block-list\">\n<li><a href=\"https:\/\/www.uel.br\/cef\/def\/portal\/pages\/tcc\/documentos-importantes.php\" target=\"_blank\" rel=\"noreferrer noopener\">Departamento de Educa\u00e7\u00e3o F\u00edsica (DEF)<\/a><\/li>\n\n\n\n<li><a href=\"https:\/\/www.uel.br\/cefe\/des\/portal\/pages\/tcc\/documentos-importantes.php\" target=\"_blank\" rel=\"noreferrer noopener\">Departamento de Ci\u00eancia dos Esportes (DES)<\/a><\/li>\n\n\n\n<li><a rel=\"noreferrer noopener\" href=\"https:\/\/www.uel.br\/cefe\/demh\/portal\/pages\/graduacao\/tcc\/documentos-importantes.php\" target=\"_blank\">Departamento de Estudo do Movimento Humano (EMH)<\/a><\/li>\n<\/ul>\n","protected":false},"excerpt":{"rendered":"<p>Documentos importantes do Trabalho de Conclus\u00e3o de Curso:<\/p>\n","protected":false},"author":13,"featured_media":0,"parent":435,"menu_order":0,"comment_status":"closed","ping_status":"closed","template":"","meta":{"_acf_changed":false,"footnotes":""},"class_list":["post-998","page","type-page","status-publish","hentry"],"acf":[],"_links":{"self":[{"href":"https:\/\/sites.uel.br\/cefe\/wp-json\/wp\/v2\/pages\/998","targetHints":{"allow":["GET"]}}],"collection":[{"href":"https:\/\/sites.uel.br\/cefe\/wp-json\/wp\/v2\/pages"}],"about":[{"href":"https:\/\/sites.uel.br\/cefe\/wp-json\/wp\/v2\/types\/page"}],"author":[{"embeddable":true,"href":"https:\/\/sites.uel.br\/cefe\/wp-json\/wp\/v2\/users\/13"}],"replies":[{"embeddable":true,"href":"https:\/\/sites.uel.br\/cefe\/wp-json\/wp\/v2\/comments?post=998"}],"version-history":[{"count":1,"href":"https:\/\/sites.uel.br\/cefe\/wp-json\/wp\/v2\/pages\/998\/revisions"}],"predecessor-version":[{"id":999,"href":"https:\/\/sites.uel.br\/cefe\/wp-json\/wp\/v2\/pages\/998\/revisions\/999"}],"up":[{"embeddable":true,"href":"https:\/\/sites.uel.br\/cefe\/wp-json\/wp\/v2\/pages\/435"}],"wp:attachment":[{"href":"https:\/\/sites.uel.br\/cefe\/wp-json\/wp\/v2\/media?parent=998"}],"curies":[{"name":"wp","href":"https:\/\/api.w.org\/{rel}","templated":true}]}}