{"id":974,"date":"2023-04-12T16:54:52","date_gmt":"2023-04-12T19:54:52","guid":{"rendered":"https:\/\/sites.uel.br\/cefe\/?page_id=974"},"modified":"2026-01-23T14:18:59","modified_gmt":"2026-01-23T17:18:59","slug":"projetos-parceiros-2","status":"publish","type":"page","link":"https:\/\/sites.uel.br\/cefe\/projetos-parceiros-2\/","title":{"rendered":"Projetos"},"content":{"rendered":"\n<p>S\u00e3o projetos esportivos ofertados no CEFE, s\u00e3o desenvolvidos no per\u00edodo vespertino, com equipes esportivas sem fins lucrativos, que busca oferecer pr\u00e1ticas esportivas, promovendo atendimento a sociedade de maneira gratuita, conforme p\u00fablico alvo, com n\u00famero de vagas limitadas alinhada com a capacidade de cada projeto.<\/p>\n\n\n\n<figure class=\"wp-block-gallery has-nested-images columns-default is-cropped wp-block-gallery-1 is-layout-flex wp-block-gallery-is-layout-flex\">\n<figure class=\"wp-block-image size-large is-style-default\"><img loading=\"lazy\" decoding=\"async\" width=\"1024\" height=\"768\" data-id=\"1912\" src=\"https:\/\/sites.uel.br\/cefe\/wp-content\/uploads\/2026\/01\/WhatsApp-Image-2026-01-23-at-10.40.48-1024x768.jpeg\" alt=\"\" class=\"wp-image-1912\" srcset=\"https:\/\/sites.uel.br\/cefe\/wp-content\/uploads\/2026\/01\/WhatsApp-Image-2026-01-23-at-10.40.48-1024x768.jpeg 1024w, https:\/\/sites.uel.br\/cefe\/wp-content\/uploads\/2026\/01\/WhatsApp-Image-2026-01-23-at-10.40.48-300x225.jpeg 300w, https:\/\/sites.uel.br\/cefe\/wp-content\/uploads\/2026\/01\/WhatsApp-Image-2026-01-23-at-10.40.48-768x576.jpeg 768w, https:\/\/sites.uel.br\/cefe\/wp-content\/uploads\/2026\/01\/WhatsApp-Image-2026-01-23-at-10.40.48-1536x1152.jpeg 1536w, https:\/\/sites.uel.br\/cefe\/wp-content\/uploads\/2026\/01\/WhatsApp-Image-2026-01-23-at-10.40.48.jpeg 1600w\" sizes=\"auto, (max-width: 1024px) 100vw, 1024px\" \/><figcaption class=\"wp-element-caption\"><strong>TIRO COM ARCO<\/strong><\/figcaption><\/figure>\n\n\n\n<figure class=\"wp-block-image size-large\"><img loading=\"lazy\" decoding=\"async\" width=\"1024\" height=\"768\" data-id=\"1913\" src=\"https:\/\/sites.uel.br\/cefe\/wp-content\/uploads\/2026\/01\/WhatsApp-Image-2026-01-15-at-15.26.41-1024x768.jpeg\" alt=\"\" class=\"wp-image-1913\" srcset=\"https:\/\/sites.uel.br\/cefe\/wp-content\/uploads\/2026\/01\/WhatsApp-Image-2026-01-15-at-15.26.41-1024x768.jpeg 1024w, https:\/\/sites.uel.br\/cefe\/wp-content\/uploads\/2026\/01\/WhatsApp-Image-2026-01-15-at-15.26.41-300x225.jpeg 300w, https:\/\/sites.uel.br\/cefe\/wp-content\/uploads\/2026\/01\/WhatsApp-Image-2026-01-15-at-15.26.41-768x576.jpeg 768w, https:\/\/sites.uel.br\/cefe\/wp-content\/uploads\/2026\/01\/WhatsApp-Image-2026-01-15-at-15.26.41.jpeg 1500w\" sizes=\"auto, (max-width: 1024px) 100vw, 1024px\" \/><figcaption class=\"wp-element-caption\"><strong>ESCALADA<\/strong><\/figcaption><\/figure>\n\n\n\n<figure class=\"wp-block-image size-large\"><img loading=\"lazy\" decoding=\"async\" width=\"110\" height=\"98\" data-id=\"1917\" src=\"https:\/\/sites.uel.br\/cefe\/wp-content\/uploads\/2026\/01\/Imagem5.jpg\" alt=\"\" class=\"wp-image-1917\" \/><figcaption class=\"wp-element-caption\"><strong>DAN\u00c7A<\/strong><\/figcaption><\/figure>\n\n\n\n<figure class=\"wp-block-image size-large\"><img loading=\"lazy\" decoding=\"async\" width=\"106\" height=\"107\" data-id=\"1918\" src=\"https:\/\/sites.uel.br\/cefe\/wp-content\/uploads\/2026\/01\/Imagem3-1.jpg\" alt=\"\" class=\"wp-image-1918\" \/><figcaption class=\"wp-element-caption\"><strong>MOUNTAIN BIKE<\/strong><\/figcaption><\/figure>\n\n\n\n<figure class=\"wp-block-image size-large\"><img loading=\"lazy\" decoding=\"async\" width=\"768\" height=\"1024\" data-id=\"1916\" src=\"https:\/\/sites.uel.br\/cefe\/wp-content\/uploads\/2026\/01\/WhatsApp-Image-2026-01-13-at-16.08.18-768x1024.jpeg\" alt=\"\" class=\"wp-image-1916\" srcset=\"https:\/\/sites.uel.br\/cefe\/wp-content\/uploads\/2026\/01\/WhatsApp-Image-2026-01-13-at-16.08.18-768x1024.jpeg 768w, https:\/\/sites.uel.br\/cefe\/wp-content\/uploads\/2026\/01\/WhatsApp-Image-2026-01-13-at-16.08.18-225x300.jpeg 225w, https:\/\/sites.uel.br\/cefe\/wp-content\/uploads\/2026\/01\/WhatsApp-Image-2026-01-13-at-16.08.18.jpeg 960w\" sizes=\"auto, (max-width: 768px) 100vw, 768px\" \/><figcaption class=\"wp-element-caption\"><strong>FUTEBOL<\/strong><\/figcaption><\/figure>\n\n\n\n<figure class=\"wp-block-image size-large\"><img loading=\"lazy\" decoding=\"async\" width=\"1024\" height=\"768\" data-id=\"1915\" src=\"https:\/\/sites.uel.br\/cefe\/wp-content\/uploads\/2026\/01\/WhatsApp-Image-2026-01-13-at-16.08.32-1024x768.jpeg\" alt=\"\" class=\"wp-image-1915\" srcset=\"https:\/\/sites.uel.br\/cefe\/wp-content\/uploads\/2026\/01\/WhatsApp-Image-2026-01-13-at-16.08.32-1024x768.jpeg 1024w, https:\/\/sites.uel.br\/cefe\/wp-content\/uploads\/2026\/01\/WhatsApp-Image-2026-01-13-at-16.08.32-300x225.jpeg 300w, https:\/\/sites.uel.br\/cefe\/wp-content\/uploads\/2026\/01\/WhatsApp-Image-2026-01-13-at-16.08.32-768x576.jpeg 768w, https:\/\/sites.uel.br\/cefe\/wp-content\/uploads\/2026\/01\/WhatsApp-Image-2026-01-13-at-16.08.32-1536x1152.jpeg 1536w, https:\/\/sites.uel.br\/cefe\/wp-content\/uploads\/2026\/01\/WhatsApp-Image-2026-01-13-at-16.08.32.jpeg 1600w\" sizes=\"auto, (max-width: 1024px) 100vw, 1024px\" \/><figcaption class=\"wp-element-caption\"><strong>ATLETISMO<\/strong><\/figcaption><\/figure>\n\n\n\n<figure class=\"wp-block-image size-large\"><img loading=\"lazy\" decoding=\"async\" width=\"1024\" height=\"768\" data-id=\"1914\" src=\"https:\/\/sites.uel.br\/cefe\/wp-content\/uploads\/2026\/01\/WhatsApp-Image-2026-01-15-at-15.20.28-1024x768.jpeg\" alt=\"\" class=\"wp-image-1914\" srcset=\"https:\/\/sites.uel.br\/cefe\/wp-content\/uploads\/2026\/01\/WhatsApp-Image-2026-01-15-at-15.20.28-1024x768.jpeg 1024w, https:\/\/sites.uel.br\/cefe\/wp-content\/uploads\/2026\/01\/WhatsApp-Image-2026-01-15-at-15.20.28-300x225.jpeg 300w, https:\/\/sites.uel.br\/cefe\/wp-content\/uploads\/2026\/01\/WhatsApp-Image-2026-01-15-at-15.20.28-768x576.jpeg 768w, https:\/\/sites.uel.br\/cefe\/wp-content\/uploads\/2026\/01\/WhatsApp-Image-2026-01-15-at-15.20.28-1536x1152.jpeg 1536w, https:\/\/sites.uel.br\/cefe\/wp-content\/uploads\/2026\/01\/WhatsApp-Image-2026-01-15-at-15.20.28.jpeg 1600w\" sizes=\"auto, (max-width: 1024px) 100vw, 1024px\" \/><figcaption class=\"wp-element-caption\"><strong>BASQUETE<\/strong><\/figcaption><\/figure>\n<\/figure>\n\n\n\n<h2 class=\"wp-block-heading\">ATLETISMO<\/h2>\n\n\n\n<p>Local: Pista de Atletismo<\/p>\n\n\n\n<p>Per\u00edodo: ter\u00e7a e quinta das 18:30 as 19:30hs<\/p>\n\n\n\n<p>Faixa et\u00e1ria: 06 a 15 anos<\/p>\n\n\n\n<p>Respons\u00e1vel: Jo\u00e3o Ricardo<\/p>\n\n\n\n<p>In\u00edcio: 27 de Janeiro<\/p>\n\n\n\n<p>Vagas: Ilimitado, basta comparecer nos dias e hor\u00e1rios de treino<\/p>\n\n\n\n<p>Contato: 43 99119-8128<\/p>\n\n\n\n<h2 class=\"wp-block-heading\">VOLEI DE QUADRA<\/h2>\n\n\n\n<p>Local: Quadra Interna de Volei<\/p>\n\n\n\n<p>Per\u00edodo: segunda a sexta feira das 14:00 as 15:00hs<\/p>\n\n\n\n<p>faixa et\u00e1ria: juventude<\/p>\n\n\n\n<h2 class=\"wp-block-heading\"><strong>FUTEBOL MISTO<\/strong><\/h2>\n\n\n\n<p>Local: Gin\u00e1sio CEFE &#8211; UEL<\/p>\n\n\n\n<p>Faixa et\u00e1ria: 10 a 15 anos<\/p>\n\n\n\n<p>Dias: segundas, quartas (feminino) e s\u00e1bados (misto)<\/p>\n\n\n\n<p>Hor\u00e1rio: 9h00 as 10h30<\/p>\n\n\n\n<p>Respons\u00e1vel: Professor Julio Cesar da Costa<\/p>\n\n\n\n<p>In\u00edcio: 07 de mar\u00e7o de 2026<\/p>\n\n\n\n<p>Vagas: 40 (feminino) e 40 (masculino)<\/p>\n\n\n\n<p>Contato: Luiz Eduardo (43) 99692-6140<\/p>\n\n\n\n<p>Outras informa\u00e7\u00f5es: O PROFUT \u00e9 um projeto de extens\u00e3o aberto a toda comunidade londrinense e sem custos, que busca integrar os jovens adolescentes de ambos o sexos a pr\u00e1tica esportiva do futebol.<\/p>\n\n\n\n<h2 class=\"wp-block-heading\">DAN\u00c7A<\/h2>\n\n\n\n<p>Local: Gin\u00e1sio CEFE &#8211; UEL<\/p>\n\n\n\n<p>Idade: acima de 18 anos<\/p>\n\n\n\n<p>Dias: Quarta feira<\/p>\n\n\n\n<p>Hor\u00e1rio: 14:00 \u00e0s 16:00<\/p>\n\n\n\n<p>Respons\u00e1vel: Professora Silvia Pavesi<\/p>\n\n\n\n<p>In\u00edcio: 11 de mar\u00e7o<\/p>\n\n\n\n<p>Vagas: 30Contato: silviapavesi@uel.br<\/p>\n\n\n\n<p><a href=\"https:\/\/www.instagram.com\/grupodedancauel?igsh=c2dvM24ya2V1bWts\">https:\/\/www.instagram.com\/grupodedancauel?igsh=c2dvM24ya2V1bWts<\/a><\/p>\n\n\n\n<h2 class=\"wp-block-heading\">BASQUETEBOL<\/h2>\n\n\n\n<p>Local: Gin\u00e1sio CEFE &#8211; UEL<\/p>\n\n\n\n<p>Idade: grupo adulto livre (+18 anos) e master (+40 anos)<\/p>\n\n\n\n<p>Dias: s\u00e1bado<\/p>\n\n\n\n<p>Hor\u00e1rio: 8:00 \u00e0s 12:00<\/p>\n\n\n\n<p>Respons\u00e1vel: professor Dr. Victor Okazaki<\/p>\n\n\n\n<p>In\u00edcio: Janeiro de 2026<\/p>\n\n\n\n<p>Vagas: (para participantes N\/A e para alunos extensionistas 5)<\/p>\n\n\n\n<p>Contato: vhaokazaki@gmail.com<\/p>\n\n\n\n<p>Outras informa\u00e7\u00f5es: vagas apenas para alunos que j\u00e1 treinaram basquetebol anteriormente<\/p>\n\n\n\n<h2 class=\"wp-block-heading\">MOUNTAIN BIKE<\/h2>\n\n\n\n<p>Local: CEFE &#8211; UEL<\/p>\n\n\n\n<p>Idade: 8 a 16 anos<\/p>\n\n\n\n<p>Dias: quarta-feira<\/p>\n\n\n\n<p>Hor\u00e1rio: 15h \u00e0s 16h30<\/p>\n\n\n\n<p>Respons\u00e1vel: Profa. Larissa Bobroff Daros<\/p>\n\n\n\n<p>In\u00edcio: 04\/03\/2026<\/p>\n\n\n\n<p>Vagas: 50 vagas<\/p>\n\n\n\n<p>Contato: (43) 99655-2255 | (43) 98812-2321<\/p>\n\n\n\n<p>Outras informa\u00e7\u00f5es: Atividade voltada para crian\u00e7as e adolescentes (8 a 16 anos), com foco na pr\u00e1tica e no desenvolvimento do mountain bike.<\/p>\n\n\n\n<p>Bicicleta: cada aluno dever\u00e1 trazer sua pr\u00f3pria bicicleta (uso individual). Ser\u00e1 aceito qualquer tipo de bicicleta, desde que esteja em boas condi\u00e7\u00f5es de uso.<\/p>\n\n\n\n<p>Equipamentos obrigat\u00f3rios e recomenda\u00e7\u00f5es:<br>\u2022 Capacete (obrigat\u00f3rio)<br>\u2022 Luvas<br>\u2022 \u00d3culos<br>\u2022 Repelente contra insetos<br>\u2022 Roupa confort\u00e1vel para pr\u00e1tica esportiva (bermuda e camiseta)<br>\u2022 Garrafinha de \u00e1gua<\/p>\n\n\n\n<h2 class=\"wp-block-heading\">ESCALADA<\/h2>\n\n\n\n<p>Local: Gin\u00e1sio &#8211; CEFE &#8211; UEL<\/p>\n\n\n\n<p>Idade: N\u00c3O TEM IDADE (visto que depende do material \u2013 o mais novo tinha 3 anos [DAVID], o mais velho 73 anos [DONA HELENA])<\/p>\n\n\n\n<p>Dias: ter\u00e7a-feira e quinta-feira<\/p>\n\n\n\n<p>Hor\u00e1rio: 17h as 19h<\/p>\n\n\n\n<p>Responsavel: F\u00e1bio Luiz Cheche Pina<\/p>\n\n\n\n<p>Inicio: 03 mar\u00e7o 2026<\/p>\n\n\n\n<p>Vagas: 20 vagas<\/p>\n\n\n\n<p>Contato: (43) 998681091 OU instagram @boraescalaruel<\/p>\n\n\n\n<p>Outras informa\u00e7\u00f5es: Desde sua cria\u00e7\u00e3o em 2022, o projeto BORA ESCALAR teve a participa\u00e7\u00e3o de 4054 inscritos\/participantes. Aconteceram mais de 30 a\u00e7\u00f5es, de Viv\u00eancias de Escalada em Rocha (Pedreira do Conjunto Cafezal e Recanto Perau Vermelho), atendimentos as escolas e \u00f3rg\u00e3os de aten\u00e7\u00e3o a menores. Tamb\u00e9m, o projeto BORA ESCALAR esteve presente durante Feira de Profiss\u00f5es da UEL (2023, 2024 e 2025), Paran\u00e1 Faz Ci\u00eancia (2024), al\u00e9m de realizar o AVENTURAS NA UEL, LONDRINA + e FESTIVAL ESPORTIVO DO PROGRAMA VENCER (associados a Secretaria Municipal de Educa\u00e7\u00e3o de Londrina).<\/p>\n\n\n\n<h2 class=\"wp-block-heading\">TIRO COM ARCO<\/h2>\n\n\n\n<p>Local: CEFE &#8211; UEL<\/p>\n\n\n\n<p>Dias: ter\u00e7a e quinta<\/p>\n\n\n\n<p>Hor\u00e1rio: 14:30 \u00e0s 17:00<\/p>\n\n\n\n<p>Respons\u00e1vel: Professor Luis Alberto<\/p>\n\n\n\n<p>Vagas: 20 vagas<\/p>\n\n\n\n<p>Contato: (43) 9992-9533<\/p>\n\n\n\n<p><\/p>\n","protected":false},"excerpt":{"rendered":"<p>S\u00e3o projetos esportivos ofertados no CEFE, s\u00e3o desenvolvidos no per\u00edodo vespertino, com equipes esportivas sem fins lucrativos, que busca oferecer pr\u00e1ticas esportivas, promovendo atendimento a sociedade de maneira gratuita, conforme p\u00fablico alvo, com n\u00famero de vagas limitadas alinhada com a capacidade de cada projeto. ATLETISMO Local: Pista de Atletismo Per\u00edodo: ter\u00e7a e quinta das 18:30 [&hellip;]<\/p>\n","protected":false},"author":13,"featured_media":0,"parent":0,"menu_order":0,"comment_status":"closed","ping_status":"closed","template":"","meta":{"_acf_changed":false,"footnotes":""},"class_list":["post-974","page","type-page","status-publish","hentry"],"acf":[],"_links":{"self":[{"href":"https:\/\/sites.uel.br\/cefe\/wp-json\/wp\/v2\/pages\/974","targetHints":{"allow":["GET"]}}],"collection":[{"href":"https:\/\/sites.uel.br\/cefe\/wp-json\/wp\/v2\/pages"}],"about":[{"href":"https:\/\/sites.uel.br\/cefe\/wp-json\/wp\/v2\/types\/page"}],"author":[{"embeddable":true,"href":"https:\/\/sites.uel.br\/cefe\/wp-json\/wp\/v2\/users\/13"}],"replies":[{"embeddable":true,"href":"https:\/\/sites.uel.br\/cefe\/wp-json\/wp\/v2\/comments?post=974"}],"version-history":[{"count":5,"href":"https:\/\/sites.uel.br\/cefe\/wp-json\/wp\/v2\/pages\/974\/revisions"}],"predecessor-version":[{"id":1919,"href":"https:\/\/sites.uel.br\/cefe\/wp-json\/wp\/v2\/pages\/974\/revisions\/1919"}],"wp:attachment":[{"href":"https:\/\/sites.uel.br\/cefe\/wp-json\/wp\/v2\/media?parent=974"}],"curies":[{"name":"wp","href":"https:\/\/api.w.org\/{rel}","templated":true}]}}