{"id":97,"date":"2021-04-01T11:57:47","date_gmt":"2021-04-01T14:57:47","guid":{"rendered":"https:\/\/sites.uel.br\/cefe\/?page_id=97"},"modified":"2023-04-13T21:32:22","modified_gmt":"2023-04-14T00:32:22","slug":"historico","status":"publish","type":"page","link":"https:\/\/sites.uel.br\/cefe\/historico\/","title":{"rendered":"Hist\u00f3rico dos 50 anos do curso"},"content":{"rendered":"<div class=\"wp-block-image\">\n<figure class=\"aligncenter size-full is-resized\"><a href=\"https:\/\/sites.uel.br\/50anosedfisicauel\/\"><img loading=\"lazy\" decoding=\"async\" src=\"https:\/\/sites.uel.br\/cefe\/wp-content\/uploads\/2023\/04\/logo-CEFE-1.png\" alt=\"\" class=\"wp-image-994\" width=\"308\" height=\"230\" \/><\/a><\/figure>\n<\/div>\n\n\n<p>O Curso de Educa\u00e7\u00e3o F\u00edsica foi criado no cen\u00e1rio da reforma universit\u00e1ria e da expans\u00e3o do ensino universit\u00e1rio, Lei n\u00ba 5540\/1968, implementa\u00e7\u00e3o das pol\u00edticas de moderniza\u00e7\u00e3o do Paran\u00e1 na d\u00e9cada de 1961\/1971, governos Ney Braga e Paulo Pimentel, constitui\u00e7\u00e3o do sistema estadual de ensino superior e institui\u00e7\u00e3o da obrigatoriedade da Educa\u00e7\u00e3o F\u00edsica em todos os n\u00edveis e modalidades de ensino.<\/p>\n\n\n\n<p>Com a aprova\u00e7\u00e3o da Lei n\u00ba 6.034 de 06 de novembro de 1969, foram criadas as Universidades Estaduais de Londrina, Maring\u00e1, e Ponta Grossa, sob a forma de Funda\u00e7\u00e3o de Direito P\u00fablico. Em janeiro de 1970, por meio do Decreto n\u00ba 18.110, \u00e9 criada a Universidade Estadual de Londrina, denominada Funda\u00e7\u00e3o de Direito Universidade Estadual de Londrina, organizada com a incorpora\u00e7\u00e3o das Faculdades Estaduais de Filosofia, Ci\u00eancias e Letras; Direito; Odontologia; Medicina e Ci\u00eancias Econ\u00f4micas e Cont\u00e1beis. Todo o processo tinha como finalidades atender:<\/p>\n\n\n\n<p>a) as condi\u00e7\u00f5es sociais, econ\u00f4micas e educacionais presentes nas cidades de Londrina, Maring\u00e1 e Ponta Grossa;<\/p>\n\n\n\n<p>b) a congrega\u00e7\u00e3o das diversas faculdades isoladas existentes nas principais cidades do interior, condi\u00e7\u00e3o para a cria\u00e7\u00e3o das universidades estaduais;<\/p>\n\n\n\n<p>c) a inser\u00e7\u00e3o das universidades estaduais no projeto estadual de moderniza\u00e7\u00e3o econ\u00f4mica.<\/p>\n\n\n\n<p>O impacto da Lei n\u00ba 5540\/1968 no ensino superior se fez marcante ao fixar \u201c<em>as normas de organiza\u00e7\u00e3o e funcionamento do ensino superior e sua articula\u00e7\u00e3o com a escola m\u00e9dia, e d\u00e1 outras provid\u00eancias\u201d,<\/em> e preconizar autonomia universit\u00e1ria (econ\u00f4mica, administrativa, did\u00e1tica e cient\u00edfica), amplia\u00e7\u00e3o do acesso \u00e0 universidade, estabelecer diretrizes para o desenvolvimento da p\u00f3s \u2013 gradua\u00e7\u00e3o , determinar a unidade entre ensino e pesquisa, definir sistema comum para toda a universidade centrado no ensino e pesquisa e obrigar a cria\u00e7\u00e3o de unidade formadora de professores. Em seu Art. 40, assevera que as IES deveriam disponibilizar orienta\u00e7\u00e3o e instala\u00e7\u00f5es para o desenvolvimento das pr\u00e1ticas da Educa\u00e7\u00e3o F\u00edsica e Esporte <em>\u201c(&#8230;)b)<\/em> <em>assegurar\u00e3o ao corpo discente meios para a realiza\u00e7\u00e3o dos programas culturais, art\u00edsticos, c\u00edvicos e desportivos; c) <\/em>\u201c<em>estimular\u00e3o as atividades de educa\u00e7\u00e3o f\u00edsica e de desportos, mantendo, para o cumprimento desta norma, orienta\u00e7\u00e3o adequada e instala\u00e7\u00f5es especiais<\/em>\u201d.<\/p>\n\n\n\n<p>A Educa\u00e7\u00e3o F\u00edsica a \u00e9poca tamb\u00e9m foi impactada pela Lei n\u00ba 705, 25 de julho de 1969 que regulamentou sua obrigatoriedade em todos os n\u00edveis e ramos de escolariza\u00e7\u00e3o e pelo Decreto n\u00ba 69450 de 20 de novembro de 1971, que regulamentou a integra\u00e7\u00e3o da <em>educa\u00e7\u00e3o f\u00edsica, desportiva e recreativa como <\/em>atividade curricular de todos os cursos em todos os graus do sistema de ensino, fundamentada, predominantemente, em pr\u00e1ticas de natureza desportiva, que conduzam \u00e0 manuten\u00e7\u00e3o e aprimoramento da aptid\u00e3o f\u00edsica, \u00e0 conserva\u00e7\u00e3o da sa\u00fade, \u00e0 integra\u00e7\u00e3o do estudante no campus universit\u00e1rio \u00e0 consolida\u00e7\u00e3o do sentimento comunit\u00e1rio e de nacionalidade e os &nbsp;padr\u00f5es de refer\u00eancia para orienta\u00e7\u00e3o das normas regimentais da adequa\u00e7\u00e3o curricular dos estabelecimentos, bem como para o alcance efetivo dos objetivos da educa\u00e7\u00e3o f\u00edsica, desportiva e recreativa.<\/p>\n\n\n\n<p>No ensino superior ela deveria ter duas sess\u00f5es semanais de 50 minutos cada no ensino superior e sua pr\u00e1tica ser\u00e1 realizada por meio de clubes universit\u00e1rios, criados segundo modalidades desportivas ou atividades f\u00edsicas afins, na conformidade das instala\u00e7\u00f5es dispon\u00edveis, os quais se filiar\u00e3o \u00e0 Associa\u00e7\u00e3o Atl\u00e9tica da respectiva institui\u00e7\u00e3o. O \u00f3rg\u00e3o de dire\u00e7\u00e3o desportiva pertencente \u00e0 estrutura administrativa das organiza\u00e7\u00f5es universit\u00e1rias ser\u00e1 orientado pela unidade de ensino de Educa\u00e7\u00e3o F\u00edsica. Em 07 de outubro de 1971, por meio do Decreto n\u00ba 69324, o Minist\u00e9rio da Educa\u00e7\u00e3o e Cultura oficializou sua concess\u00e3o de reconhecimento da Universidade Estadual de Londrina \u2013 UEL, o que significou reconhecer e desenvolver a\u00e7\u00f5es no sentido de garantir a exist\u00eancia da Educa\u00e7\u00e3o F\u00edsica como disciplina e as Pr\u00e1ticas Esportivas para todos os seus cursos e estudantes.<\/p>\n\n\n\n<p>No dia 26 de agosto, foram criados o Departamento de Educa\u00e7\u00e3o F\u00edsica, vinculado ao Centro de Educa\u00e7\u00e3o, e Curso de Educa\u00e7\u00e3o F\u00edsica e T\u00e9cnicas Desportivas. Em 26 de Outubro foi criado o Curso de Educa\u00e7\u00e3o F\u00edsica, Resolu\u00e7\u00e3o\/UEL n\u00ba 53, o primeiro da UEL ap\u00f3s a concess\u00e3o de reconhecimento feito pelo MEC, sendo que a oferta da primeira turma em 1972. Para tanto, foi criado o Setor Desportivo, que em 1978 passa a ser denominado por N\u00facleo Esportivo. Em 1977 o Departamento de Educa\u00e7\u00e3o F\u00edsica \u00e9 vinculado ao Centro de Educa\u00e7\u00e3o, Comunica\u00e7\u00e3o e Artes \u2013 CECA. Em 10 de outubro de 1986 \u00e9 criado o Centro de Educa\u00e7\u00e3o F\u00edsica e Desportos \u2013 CEFED, constitu\u00eddo pelos Departamentos de Fundamentos da Educa\u00e7\u00e3o F\u00edsica \u2013 FEF, Gin\u00e1stica, Recrea\u00e7\u00e3o e Dan\u00e7a \u2013 GRD e Desportos Individuais e Coletivos \u2013 DIC. Em 1984 \u00e9 criado o curso de Licenciatura em Educa\u00e7\u00e3o F\u00edsica. Em 1990 \u00e9 efetuada a reforma curricular instituindo a Licenciatura Plena em Educa\u00e7\u00e3o F\u00edsica (Resolu\u00e7\u00e3o n\u00ba1476\/90). Em 1998 \u00e9 criado o Bacharelado em Ci\u00eancia do Esporte, Resolu\u00e7\u00e3o CEPE n\u00ba 01, de 12 de Fevereiro de 1998.<\/p>\n\n\n\n<p>Em 2004 \u00e9 criado o Bacharelado em Educa\u00e7\u00e3o F\u00edsica, Resolu\u00e7\u00e3o n\u00ba 96, de 12 de Agosto de 2004. Em 2005, o Curso de Licenciatura em Educa\u00e7\u00e3o F\u00edsica implementa novo Projeto Pedag\u00f3gico. Em 2015 o Bacharelado em Ci\u00eancias do Esporte \u00e9 incorporado ao Bacharelado em Educa\u00e7\u00e3o F\u00edsica. Em 2000 s\u00e3o criados os Cursos de P\u00f3s-Gradua\u00e7\u00e3o, Especializa\u00e7\u00e3o, nas \u00e1reas do Esporte e Educa\u00e7\u00e3o F\u00edsica Escolar. Em 2004 \u00e9 criado o Programa de Mestrado Associado UEL\/UEM em Educa\u00e7\u00e3o F\u00edsica, Em 2010 \u00e9 criado o Doutorado. Em 2017 \u00e9 criado o Curso de Especializa\u00e7\u00e3o em Educa\u00e7\u00e3o F\u00edsica na Educa\u00e7\u00e3o B\u00e1sica na modalidade EAD.<\/p>\n","protected":false},"excerpt":{"rendered":"<p>O Curso de Educa\u00e7\u00e3o F\u00edsica foi criado no cen\u00e1rio da reforma universit\u00e1ria e da expans\u00e3o do ensino universit\u00e1rio, Lei n\u00ba 5540\/1968, implementa\u00e7\u00e3o das pol\u00edticas de moderniza\u00e7\u00e3o do Paran\u00e1 na d\u00e9cada de 1961\/1971, governos Ney Braga e Paulo Pimentel, constitui\u00e7\u00e3o do sistema estadual de ensino superior e institui\u00e7\u00e3o da obrigatoriedade da Educa\u00e7\u00e3o F\u00edsica em todos os [&hellip;]<\/p>\n","protected":false},"author":8,"featured_media":0,"parent":0,"menu_order":0,"comment_status":"closed","ping_status":"closed","template":"","meta":{"_acf_changed":false,"footnotes":""},"class_list":["post-97","page","type-page","status-publish","hentry"],"acf":[],"_links":{"self":[{"href":"https:\/\/sites.uel.br\/cefe\/wp-json\/wp\/v2\/pages\/97","targetHints":{"allow":["GET"]}}],"collection":[{"href":"https:\/\/sites.uel.br\/cefe\/wp-json\/wp\/v2\/pages"}],"about":[{"href":"https:\/\/sites.uel.br\/cefe\/wp-json\/wp\/v2\/types\/page"}],"author":[{"embeddable":true,"href":"https:\/\/sites.uel.br\/cefe\/wp-json\/wp\/v2\/users\/8"}],"replies":[{"embeddable":true,"href":"https:\/\/sites.uel.br\/cefe\/wp-json\/wp\/v2\/comments?post=97"}],"version-history":[{"count":8,"href":"https:\/\/sites.uel.br\/cefe\/wp-json\/wp\/v2\/pages\/97\/revisions"}],"predecessor-version":[{"id":996,"href":"https:\/\/sites.uel.br\/cefe\/wp-json\/wp\/v2\/pages\/97\/revisions\/996"}],"wp:attachment":[{"href":"https:\/\/sites.uel.br\/cefe\/wp-json\/wp\/v2\/media?parent=97"}],"curies":[{"name":"wp","href":"https:\/\/api.w.org\/{rel}","templated":true}]}}