{"id":842,"date":"2023-03-27T22:11:41","date_gmt":"2023-03-28T01:11:41","guid":{"rendered":"https:\/\/sites.uel.br\/cefe\/?page_id=842"},"modified":"2023-03-27T22:11:41","modified_gmt":"2023-03-28T01:11:41","slug":"lapef","status":"publish","type":"page","link":"https:\/\/sites.uel.br\/cefe\/laboratorios\/lapef\/","title":{"rendered":"LaPEF"},"content":{"rendered":"\n<p><a href=\"http:\/\/dgp.cnpq.br\/dgp\/espelhogrupo\/11869\">Laborat\u00f3rio de Pesquisa em Educa\u00e7\u00e3o F\u00edsica Escolar &#8211; LaPEF<\/a><\/p>\n\n\n\n<p>Respons\u00e1veis: Prof.\u00aa Dr.\u00aa <a href=\"https:\/\/buscatextual.cnpq.br\/buscatextual\/visualizacv.do?id=K4700465P1&amp;tokenCaptchar=03AKH6MRFWfLETl1JifQzpWC7WRax5oJuQCMTqWiQjlD3EyL-0oX9BldOojwQlEbSM95kEz6CNrnHmM3Cykin9lzVKFCP9i39cLyPC3DDAYey6MMvDiEPfgeLMv_qR4cZUBdGieVFRvqOKPZpNYgdQ-KR8gBReM5yH0SkaGegjyNrNblWaXyVrEMvqlslMrFqg_09C1A4LxFYCfAk_n-xqs_uSf60Vd4kfRHHiGCMDYi4U10Tmu7MmTaUStY1TEkzP8QI_jgD_Qwj92jQjiJnA4AsszmOwfS8zxbchnOwdWkE_yeYPQCMdDpM5AhV0oOZkAtUVrLkrXwyOBVRMPxQpVozDKvHQt7qLGFCs1XEOz7QV4RYeUf9ZWBvybl-lk0s3NZwqAwaZNmnjO9sMyqUgMhXbWpdNz6AoLik-fWezwSrDVHFSRPM4F_u1Wo461q45jF_vx_7s0pdCg3LKxgBAT6QuO7tkTaxPbgqhBLbxNK6o5lH42oqBLKoogZCxbK8OEjeUENilQPgK1WPzINLdOtv3qZyfs36smQ\">\u00c2ngela Pereira Teixeira Victoria Palma<\/a> e <a href=\"https:\/\/buscatextual.cnpq.br\/buscatextual\/visualizacv.do?id=K4794483T2&amp;tokenCaptchar=03AKH6MRG7L8aeDORVBynvaPUo4Dr4tRM0mFXiDtP6NLNP3eBY-zhztvjDnoFFANoztqzNPriKcGPpGyf73wBhNLaJZZnQQVKWthifaVYZ6pYINn5j9vTg92BMStja-FDi3mIgWFxwCafQZZW4QWSHQfmPLpmvaN5U158nennxvgN8oVu68ukOQ2Jp3LHBGmPTElVz_sDQ_qFrEURmCboq-AdHxLXyLXhIJKVA_Am_0OM6R0U6KplCWfj1AZw3kRgkrHuId9L2J6fpk-z-tt-CYnKo4eHXOENrtCXkJ3Q9z2lCXhb0nCFiTI8jbbULrn5UPqojWLnBOCM_3dVyIHZQErUzfQZMy9cbPF8mvjCXS-9wTFDPKx-jIyPziTNgQqzlVx5PkHc0J2lZLIw2nXKRJ7kWq7rKM-Eq93pxYtTT7dhIkDmEwWlCaFaPFOX203JJiv4WybmTsxZE8sFjtr3E_lkPKj-edrk66aUWN_vccMv11F46nCOyHpe9g7eTy5tAjcCvYYXiAM8Y8JFMU-hyr4kR_hM8SbqztA\">Prof. Dr. Jos\u00e9 Augusto Victoria Palma<\/a><\/p>\n\n\n\n<p>Objetivo: O Laborat\u00f3rio de Pesquisa em Educa\u00e7\u00e3o F\u00edsica foi constitu\u00eddo objetivando fomentar, agrupar e divulgar a produ\u00e7\u00e3o acad\u00eamico-profissional dos docentes, discentes e pesquisadores do Centro de Educa\u00e7\u00e3o F\u00edsica e Esporte da UEL. O foco de estudo do LaPEF \u00e9 a Educa\u00e7\u00e3o F\u00edsica na Educa\u00e7\u00e3o B\u00e1sica, mais especificamente os objetivos, conte\u00fados, estrat\u00e9gias, recursos de ensino, sistemas de avalia\u00e7\u00e3o e forma\u00e7\u00e3o profissional neste componente curricular. Conta atualmente com dua linhas de pesquisa para atender o seu foco de estudo.<\/p>\n","protected":false},"excerpt":{"rendered":"<p>Laborat\u00f3rio de Pesquisa em Educa\u00e7\u00e3o F\u00edsica Escolar &#8211; LaPEF Respons\u00e1veis: Prof.\u00aa Dr.\u00aa \u00c2ngela Pereira Teixeira Victoria Palma e Prof. Dr. Jos\u00e9 Augusto Victoria Palma Objetivo: O Laborat\u00f3rio de Pesquisa em Educa\u00e7\u00e3o F\u00edsica foi constitu\u00eddo objetivando fomentar, agrupar e divulgar a produ\u00e7\u00e3o acad\u00eamico-profissional dos docentes, discentes e pesquisadores do Centro de Educa\u00e7\u00e3o F\u00edsica e Esporte da [&hellip;]<\/p>\n","protected":false},"author":13,"featured_media":0,"parent":468,"menu_order":0,"comment_status":"closed","ping_status":"closed","template":"","meta":{"_acf_changed":false,"footnotes":""},"class_list":["post-842","page","type-page","status-publish","hentry"],"acf":[],"_links":{"self":[{"href":"https:\/\/sites.uel.br\/cefe\/wp-json\/wp\/v2\/pages\/842","targetHints":{"allow":["GET"]}}],"collection":[{"href":"https:\/\/sites.uel.br\/cefe\/wp-json\/wp\/v2\/pages"}],"about":[{"href":"https:\/\/sites.uel.br\/cefe\/wp-json\/wp\/v2\/types\/page"}],"author":[{"embeddable":true,"href":"https:\/\/sites.uel.br\/cefe\/wp-json\/wp\/v2\/users\/13"}],"replies":[{"embeddable":true,"href":"https:\/\/sites.uel.br\/cefe\/wp-json\/wp\/v2\/comments?post=842"}],"version-history":[{"count":1,"href":"https:\/\/sites.uel.br\/cefe\/wp-json\/wp\/v2\/pages\/842\/revisions"}],"predecessor-version":[{"id":843,"href":"https:\/\/sites.uel.br\/cefe\/wp-json\/wp\/v2\/pages\/842\/revisions\/843"}],"up":[{"embeddable":true,"href":"https:\/\/sites.uel.br\/cefe\/wp-json\/wp\/v2\/pages\/468"}],"wp:attachment":[{"href":"https:\/\/sites.uel.br\/cefe\/wp-json\/wp\/v2\/media?parent=842"}],"curies":[{"name":"wp","href":"https:\/\/api.w.org\/{rel}","templated":true}]}}