{"id":839,"date":"2023-03-27T22:05:34","date_gmt":"2023-03-28T01:05:34","guid":{"rendered":"https:\/\/sites.uel.br\/cefe\/?page_id=839"},"modified":"2024-04-04T20:44:06","modified_gmt":"2024-04-04T23:44:06","slug":"gepedam","status":"publish","type":"page","link":"https:\/\/sites.uel.br\/cefe\/laboratorios\/gepedam\/","title":{"rendered":"GEPEDAM"},"content":{"rendered":"\n<p><a href=\"http:\/\/www.uel.br\/grupo-pesquisa\/gepedam\/\">Grupo de Estudos e Pesquisa em Desenvolvimento e Aprendizagem Motora<\/a><\/p>\n\n\n\n<p>Respons\u00e1vel: <a href=\"https:\/\/buscatextual.cnpq.br\/buscatextual\/visualizacv.do?id=K4777197T3&amp;tokenCaptchar=03AKH6MRF2ztWDbCwH0lfdpkuxmdZ_I5t5Bz2EG8R8UD87A1qmkYIR94BZ4Y3BSlhmXujzWNzphsXUiTQL0vHPA049imOxqNMYQdJRS3QjxspdgeCGABKQji0DM_CWkwyJat2RfJyI4L4yed81GFDlYr7hV9rNOcjXFlnpsOEV7O9FiaknWXg8Yd1hmbkZPjRFXqJBMQzLoJImFNB_O6rUC6OpBAIPJZkaZUrXALbBRkmosyhYIU_nZurUZ9WLP8R5n99SZJ3ABYWavj7HpBjGEVARL2Yk4v84KyeSA7a5XTiyVp8Af2A9wlb5Ar80q2YIQqLS8uG6LF2vRZqEZ8DQ2-9PY0jk0WL29PeFV9creBnli-KlG8uL1WkwQG7nb7fvaYZ8IF-SsxqSEtvwTh-LPMWTUu3jEB_nxGvp7VuFGDH4b4YJpKySVTrefmsa1SJ6LhPCUhDnu_D2Tpj33aC2VYs_QzutNdm3MQmB9zS7tGkewx5TN_YMIb1pKk90BuHz3lNupFP6_N5RGWypZ9YT9Jtt2HqI_UEAoQ\">Prof.\u00aa Dr.\u00aa Josiane Medina Papst<\/a><\/p>\n\n\n\n<p>Objetivo: O GEPEDAM foi criado em 2004 e tem como objetivo agregar pesquisadores e alunos para desenvolver pesquisas relativas \u00e0s mudan\u00e7as no comportamento motor de indiv\u00edduos ao longo da vida, em diferentes idades e em diferentes popula\u00e7\u00f5es. O foco se dar\u00e1 na aquisi\u00e7\u00e3o de habilidades motoras, especialmente as manipulativas e locomotoras, e a sua crescente organiza\u00e7\u00e3o, cujo resultado se dar\u00e1 na forma de comportamentos motores mais complexos. Al\u00e9m disso, haver\u00e1 preocupa\u00e7\u00f5es pertinentes a procedimentos e m\u00e9todos de avalia\u00e7\u00e3o motora em beb\u00eas e crian\u00e7as e de investiga\u00e7\u00f5es centradas em diferentes contextos de desenvolvimento. Com base nesses objetivos, o grupo buscar\u00e1 incrementar conhecimento da \u00e1rea de Desenvolvimento e Aprendizagem Motora.<\/p>\n\n\n\n<p>Contato: <a href=\"mailto:josi_medina@uel.br\">josi_medina@uel.br<\/a><\/p>\n\n\n\n<p>Instagram: <a href=\"https:\/\/www.instagram.com\/gepedam.uel\/\">@gepedam.uel<\/a><\/p>\n","protected":false},"excerpt":{"rendered":"<p>Grupo de Estudos e Pesquisa em Desenvolvimento e Aprendizagem Motora Respons\u00e1vel: Prof.\u00aa Dr.\u00aa Josiane Medina Papst Objetivo: O GEPEDAM foi criado em 2004 e tem como objetivo agregar pesquisadores e alunos para desenvolver pesquisas relativas \u00e0s mudan\u00e7as no comportamento motor de indiv\u00edduos ao longo da vida, em diferentes idades e em diferentes popula\u00e7\u00f5es. O foco [&hellip;]<\/p>\n","protected":false},"author":13,"featured_media":0,"parent":468,"menu_order":0,"comment_status":"closed","ping_status":"closed","template":"","meta":{"_acf_changed":false,"footnotes":""},"class_list":["post-839","page","type-page","status-publish","hentry"],"acf":[],"_links":{"self":[{"href":"https:\/\/sites.uel.br\/cefe\/wp-json\/wp\/v2\/pages\/839","targetHints":{"allow":["GET"]}}],"collection":[{"href":"https:\/\/sites.uel.br\/cefe\/wp-json\/wp\/v2\/pages"}],"about":[{"href":"https:\/\/sites.uel.br\/cefe\/wp-json\/wp\/v2\/types\/page"}],"author":[{"embeddable":true,"href":"https:\/\/sites.uel.br\/cefe\/wp-json\/wp\/v2\/users\/13"}],"replies":[{"embeddable":true,"href":"https:\/\/sites.uel.br\/cefe\/wp-json\/wp\/v2\/comments?post=839"}],"version-history":[{"count":3,"href":"https:\/\/sites.uel.br\/cefe\/wp-json\/wp\/v2\/pages\/839\/revisions"}],"predecessor-version":[{"id":1370,"href":"https:\/\/sites.uel.br\/cefe\/wp-json\/wp\/v2\/pages\/839\/revisions\/1370"}],"up":[{"embeddable":true,"href":"https:\/\/sites.uel.br\/cefe\/wp-json\/wp\/v2\/pages\/468"}],"wp:attachment":[{"href":"https:\/\/sites.uel.br\/cefe\/wp-json\/wp\/v2\/media?parent=839"}],"curies":[{"name":"wp","href":"https:\/\/api.w.org\/{rel}","templated":true}]}}