{"id":730,"date":"2023-03-24T20:03:54","date_gmt":"2023-03-24T23:03:54","guid":{"rendered":"https:\/\/sites.uel.br\/cefe\/?page_id=730"},"modified":"2024-06-18T21:10:47","modified_gmt":"2024-06-19T00:10:47","slug":"atividade-academica-de-extensao","status":"publish","type":"page","link":"https:\/\/sites.uel.br\/cefe\/atividade-academica-de-extensao\/","title":{"rendered":"Atividade Acad\u00eamica de Extens\u00e3o"},"content":{"rendered":"\n<p>Coordenador:  Prof.\u00aa Dr.\u00aa Maria F\u00e1tima Glaner<\/p>\n\n\n\n<p><\/p>\n\n\n\n<h2 class=\"wp-block-heading\">Defini\u00e7\u00e3o<\/h2>\n\n\n\n<p>As Atividades Acad\u00eamicas de Extens\u00e3o, no \u00e2mbito dos cursos de gradua\u00e7\u00e3o da UEL, s\u00e3o tratadas como atividades acad\u00eamicas de natureza obrigat\u00f3ria<\/p>\n\n\n\n<p><\/p>\n\n\n\n<h2 class=\"wp-block-heading\">As Atividades Acad\u00eamicas de Extens\u00e3o se segmentam em duas classes:<\/h2>\n\n\n\n<p><\/p>\n\n\n\n<ul class=\"wp-block-list\">\n<li>AEX Indicadas: aquelas que se vinculam diretamente \u00e0 forma\u00e7\u00e3o acad\u00eamica do estudante e que sejam articuladas com os demais componentes curriculares, sendo escolhidas livremente pelo estudante dentre aquelas indicadas pelo Colegiado do Curso, observada a regulamenta\u00e7\u00e3o vigente.<\/li>\n<\/ul>\n\n\n\n<p>Deve ser realizada em Projetos indicados pelo coordenador<\/p>\n\n\n\n<ul class=\"wp-block-list\">\n<li>AEX Livres: aquelas que n\u00e3o necessariamente se vinculam diretamente \u00e0 forma\u00e7\u00e3o acad\u00eamica do estudante, sendo objeto de seu interesse espec\u00edfico, escolhidas livremente pelo estudante dentre aquelas regulamentadas pela PROEX, observada a normatiza\u00e7\u00e3o vigente.<\/li>\n<\/ul>\n","protected":false},"excerpt":{"rendered":"<p>Coordenador: Prof.\u00aa Dr.\u00aa Maria F\u00e1tima Glaner Defini\u00e7\u00e3o As Atividades Acad\u00eamicas de Extens\u00e3o, no \u00e2mbito dos cursos de gradua\u00e7\u00e3o da UEL, s\u00e3o tratadas como atividades acad\u00eamicas de natureza obrigat\u00f3ria As Atividades Acad\u00eamicas de Extens\u00e3o se segmentam em duas classes: Deve ser realizada em Projetos indicados pelo coordenador<\/p>\n","protected":false},"author":13,"featured_media":0,"parent":0,"menu_order":0,"comment_status":"closed","ping_status":"closed","template":"","meta":{"_acf_changed":false,"footnotes":""},"class_list":["post-730","page","type-page","status-publish","hentry"],"acf":[],"_links":{"self":[{"href":"https:\/\/sites.uel.br\/cefe\/wp-json\/wp\/v2\/pages\/730","targetHints":{"allow":["GET"]}}],"collection":[{"href":"https:\/\/sites.uel.br\/cefe\/wp-json\/wp\/v2\/pages"}],"about":[{"href":"https:\/\/sites.uel.br\/cefe\/wp-json\/wp\/v2\/types\/page"}],"author":[{"embeddable":true,"href":"https:\/\/sites.uel.br\/cefe\/wp-json\/wp\/v2\/users\/13"}],"replies":[{"embeddable":true,"href":"https:\/\/sites.uel.br\/cefe\/wp-json\/wp\/v2\/comments?post=730"}],"version-history":[{"count":6,"href":"https:\/\/sites.uel.br\/cefe\/wp-json\/wp\/v2\/pages\/730\/revisions"}],"predecessor-version":[{"id":1545,"href":"https:\/\/sites.uel.br\/cefe\/wp-json\/wp\/v2\/pages\/730\/revisions\/1545"}],"wp:attachment":[{"href":"https:\/\/sites.uel.br\/cefe\/wp-json\/wp\/v2\/media?parent=730"}],"curies":[{"name":"wp","href":"https:\/\/api.w.org\/{rel}","templated":true}]}}