{"id":703,"date":"2023-03-23T20:30:26","date_gmt":"2023-03-23T23:30:26","guid":{"rendered":"https:\/\/sites.uel.br\/cefe\/?page_id=703"},"modified":"2024-03-18T21:10:34","modified_gmt":"2024-03-19T00:10:34","slug":"ensino","status":"publish","type":"page","link":"https:\/\/sites.uel.br\/cefe\/ensino\/","title":{"rendered":"Ensino"},"content":{"rendered":"\n<p><a href=\"http:\/\/www.uel.br\/prograd\/docs_prograd\/resolucoes\/2012\/resolucao_70_12.pdf\">Resolu\u00e7\u00e3o CEPE n\u00ba 070\/2012<\/a><\/p>\n\n\n\n<p>O CEFE oferece 8 projetos de ensino.<\/p>\n\n\n\n<ul class=\"wp-block-list\">\n<li>PET-EF: PROGRAMA DE EDUCA\u00c7\u00c3O TUROTIAL DA EDUCA\u00c7\u00c3O F\u00cdSICA (<a href=\"https:\/\/www.sistemasweb.uel.br\/index.php?contents=system\/prj\/ens\/index.php&amp;pagina=ens_pdf_projetoscadastrados.php&amp;p_num_ordem=00462&amp;p_cod_depto=&amp;p_link=2\">00462<\/a>);<\/li>\n\n\n\n<li>MOTUS EMPRESA J\u00daNIOR DE EDUCA\u00c7\u00c3O F\u00cdSICA (<a href=\"https:\/\/www.sistemasweb.uel.br\/index.php?contents=system\/prj\/ens\/index.php&amp;pagina=ens_pdf_projetoscadastrados.php&amp;p_num_ordem=00679&amp;p_cod_depto=&amp;p_link=2\">00679<\/a>);<\/li>\n\n\n\n<li>NEMO &#8211; NEUROCI\u00caNCIAS MOTORAS (<a href=\"https:\/\/www.sistemasweb.uel.br\/index.php?contents=system\/prj\/ens\/index.php&amp;pagina=ens_pdf_projetoscadastrados.php&amp;p_num_ordem=00902&amp;p_cod_depto=&amp;p_link=2\">00902<\/a>);<\/li>\n\n\n\n<li>DOEN\u00c7AS CR\u00d4NICAS N\u00c3O-TRANSMISS\u00cdVEIS: DA FISIOPATOLOGIA \u00c0 PRESCRI\u00c7\u00c3O DE EXERC\u00cdCIO F\u00cdSICO (<a href=\"https:\/\/www.sistemasweb.uel.br\/index.php?contents=system\/prj\/ens\/index.php&amp;pagina=ens_pdf_projetoscadastrados.php&amp;p_num_ordem=00903&amp;p_cod_depto=&amp;p_link=2\">00903<\/a>);<\/li>\n\n\n\n<li>GEPEDAM &#8211; GRUPO DE ESTUDOS E PESQUISAS EM DESENVOLVIMENTO E APRENDIZAGEM MOTORA (<a href=\"https:\/\/www.sistemasweb.uel.br\/index.php?contents=system\/prj\/ens\/index.php&amp;pagina=ens_pdf_projetoscadastrados.php&amp;p_num_ordem=00940&amp;p_cod_depto=&amp;p_link=2\">00940<\/a>);<\/li>\n\n\n\n<li>CIA UEL DE DAN\u00c7A EDUCA\u00c7\u00c3O E ARTE &#8211; DEA (<a href=\"https:\/\/www.sistemasweb.uel.br\/index.php?contents=system\/prj\/ens\/index.php&amp;pagina=ens_pdf_projetoscadastrados.php&amp;p_num_ordem=00236&amp;p_cod_depto=&amp;p_link=2\">00236<\/a>);<\/li>\n\n\n\n<li>PROGRAMA RESID\u00caNCIA PEDAG\u00d3GICA &#8211; EDUCA\u00c7\u00c3O F\u00cdSICA (<a href=\"https:\/\/www.sistemasweb.uel.br\/index.php?contents=system\/prj\/ens\/index.php&amp;pagina=ens_pdf_projetoscadastrados.php&amp;p_num_ordem=00538&amp;p_cod_depto=&amp;p_link=2\">00538<\/a>);<\/li>\n\n\n\n<li>PIBID EDUCA\u00c7\u00c3O F\u00cdSICA &#8211; PROGRAMA INSTITUCIONAL DE BOLSA DE INICIA\u00c7\u00c3O \u00c0 DOC\u00caNCIA &#8211; AMPLIA\u00c7\u00c3O E CONSOLIDA\u00c7\u00c3O (<a href=\"https:\/\/www.sistemasweb.uel.br\/index.php?contents=system\/prj\/ens\/index.php&amp;pagina=ens_pdf_projetoscadastrados.php&amp;p_num_ordem=00601&amp;p_cod_depto=&amp;p_link=2\">00601<\/a>).<\/li>\n<\/ul>\n","protected":false},"excerpt":{"rendered":"<p>Resolu\u00e7\u00e3o CEPE n\u00ba 070\/2012 O CEFE oferece 8 projetos de ensino.<\/p>\n","protected":false},"author":13,"featured_media":0,"parent":0,"menu_order":0,"comment_status":"closed","ping_status":"closed","template":"","meta":{"_acf_changed":false,"footnotes":""},"class_list":["post-703","page","type-page","status-publish","hentry"],"acf":[],"_links":{"self":[{"href":"https:\/\/sites.uel.br\/cefe\/wp-json\/wp\/v2\/pages\/703","targetHints":{"allow":["GET"]}}],"collection":[{"href":"https:\/\/sites.uel.br\/cefe\/wp-json\/wp\/v2\/pages"}],"about":[{"href":"https:\/\/sites.uel.br\/cefe\/wp-json\/wp\/v2\/types\/page"}],"author":[{"embeddable":true,"href":"https:\/\/sites.uel.br\/cefe\/wp-json\/wp\/v2\/users\/13"}],"replies":[{"embeddable":true,"href":"https:\/\/sites.uel.br\/cefe\/wp-json\/wp\/v2\/comments?post=703"}],"version-history":[{"count":12,"href":"https:\/\/sites.uel.br\/cefe\/wp-json\/wp\/v2\/pages\/703\/revisions"}],"predecessor-version":[{"id":1299,"href":"https:\/\/sites.uel.br\/cefe\/wp-json\/wp\/v2\/pages\/703\/revisions\/1299"}],"wp:attachment":[{"href":"https:\/\/sites.uel.br\/cefe\/wp-json\/wp\/v2\/media?parent=703"}],"curies":[{"name":"wp","href":"https:\/\/api.w.org\/{rel}","templated":true}]}}