{"id":676,"date":"2023-03-22T20:04:11","date_gmt":"2023-03-22T23:04:11","guid":{"rendered":"https:\/\/sites.uel.br\/cefe\/?page_id=676"},"modified":"2024-03-18T21:21:11","modified_gmt":"2024-03-19T00:21:11","slug":"nafi-4","status":"publish","type":"page","link":"https:\/\/sites.uel.br\/cefe\/nafi-4\/","title":{"rendered":"NAFI"},"content":{"rendered":"\n<p><a href=\"https:\/\/www.uel.br\/cefe\/nafi\/\">Programa de Atividade F\u00edsica<\/a><\/p>\n\n\n\n<p>Telefone: (43) 3371-4143<\/p>\n\n\n\n<p>E-mail: <a href=\"mailto:nafi@uel.br\">nafi@uel.br<\/a><\/p>\n\n\n\n<p>Hor\u00e1rio de atendimento: segundas-feiras, das 14h \u00e0s 18h.<\/p>\n","protected":false},"excerpt":{"rendered":"<p>Programa de Atividade F\u00edsica Telefone: (43) 3371-4143 E-mail: nafi@uel.br Hor\u00e1rio de atendimento: segundas-feiras, das 14h \u00e0s 18h.<\/p>\n","protected":false},"author":13,"featured_media":0,"parent":0,"menu_order":0,"comment_status":"closed","ping_status":"closed","template":"","meta":{"_acf_changed":false,"footnotes":""},"class_list":["post-676","page","type-page","status-publish","hentry"],"acf":[],"_links":{"self":[{"href":"https:\/\/sites.uel.br\/cefe\/wp-json\/wp\/v2\/pages\/676","targetHints":{"allow":["GET"]}}],"collection":[{"href":"https:\/\/sites.uel.br\/cefe\/wp-json\/wp\/v2\/pages"}],"about":[{"href":"https:\/\/sites.uel.br\/cefe\/wp-json\/wp\/v2\/types\/page"}],"author":[{"embeddable":true,"href":"https:\/\/sites.uel.br\/cefe\/wp-json\/wp\/v2\/users\/13"}],"replies":[{"embeddable":true,"href":"https:\/\/sites.uel.br\/cefe\/wp-json\/wp\/v2\/comments?post=676"}],"version-history":[{"count":5,"href":"https:\/\/sites.uel.br\/cefe\/wp-json\/wp\/v2\/pages\/676\/revisions"}],"predecessor-version":[{"id":1320,"href":"https:\/\/sites.uel.br\/cefe\/wp-json\/wp\/v2\/pages\/676\/revisions\/1320"}],"wp:attachment":[{"href":"https:\/\/sites.uel.br\/cefe\/wp-json\/wp\/v2\/media?parent=676"}],"curies":[{"name":"wp","href":"https:\/\/api.w.org\/{rel}","templated":true}]}}