{"id":622,"date":"2023-03-17T18:28:22","date_gmt":"2023-03-17T21:28:22","guid":{"rendered":"https:\/\/sites.uel.br\/cefe\/?page_id=622"},"modified":"2024-06-19T14:55:36","modified_gmt":"2024-06-19T17:55:36","slug":"comissao-de-pos-graduacao-do-centro","status":"publish","type":"page","link":"https:\/\/sites.uel.br\/cefe\/comissao-de-pos-graduacao-do-centro\/","title":{"rendered":"Comiss\u00e3o de P\u00f3s-Gradua\u00e7\u00e3o do Centro"},"content":{"rendered":"\n<p>Coordenadora: Prof\u00aa. Dr\u00aa. \u00c2ngela Pereira Teixeira Vict\u00f3ria Palma<\/p>\n\n\n\n<p>Vice-Coordenadora: Prof\u00aa. Dr\u00aa. Catiana Leila Possamai<\/p>\n\n\n\n<p>Membro: Prof. Dr. Felipe Arruda Moura<\/p>\n\n\n\n<p><\/p>\n","protected":false},"excerpt":{"rendered":"<p>Coordenadora: Prof\u00aa. Dr\u00aa. \u00c2ngela Pereira Teixeira Vict\u00f3ria Palma Vice-Coordenadora: Prof\u00aa. Dr\u00aa. Catiana Leila Possamai Membro: Prof. Dr. Felipe Arruda Moura<\/p>\n","protected":false},"author":13,"featured_media":0,"parent":0,"menu_order":0,"comment_status":"closed","ping_status":"closed","template":"","meta":{"_acf_changed":false,"footnotes":""},"class_list":["post-622","page","type-page","status-publish","hentry"],"acf":[],"_links":{"self":[{"href":"https:\/\/sites.uel.br\/cefe\/wp-json\/wp\/v2\/pages\/622","targetHints":{"allow":["GET"]}}],"collection":[{"href":"https:\/\/sites.uel.br\/cefe\/wp-json\/wp\/v2\/pages"}],"about":[{"href":"https:\/\/sites.uel.br\/cefe\/wp-json\/wp\/v2\/types\/page"}],"author":[{"embeddable":true,"href":"https:\/\/sites.uel.br\/cefe\/wp-json\/wp\/v2\/users\/13"}],"replies":[{"embeddable":true,"href":"https:\/\/sites.uel.br\/cefe\/wp-json\/wp\/v2\/comments?post=622"}],"version-history":[{"count":7,"href":"https:\/\/sites.uel.br\/cefe\/wp-json\/wp\/v2\/pages\/622\/revisions"}],"predecessor-version":[{"id":1552,"href":"https:\/\/sites.uel.br\/cefe\/wp-json\/wp\/v2\/pages\/622\/revisions\/1552"}],"wp:attachment":[{"href":"https:\/\/sites.uel.br\/cefe\/wp-json\/wp\/v2\/media?parent=622"}],"curies":[{"name":"wp","href":"https:\/\/api.w.org\/{rel}","templated":true}]}}