{"id":589,"date":"2023-03-10T22:29:33","date_gmt":"2023-03-11T01:29:33","guid":{"rendered":"https:\/\/sites.uel.br\/cefe\/?page_id=589"},"modified":"2023-03-27T21:32:49","modified_gmt":"2023-03-28T00:32:49","slug":"gepesine","status":"publish","type":"page","link":"https:\/\/sites.uel.br\/cefe\/gepesine\/","title":{"rendered":"GEPESINE"},"content":{"rendered":"\n<p><a href=\"https:\/\/gepesine.wordpress.com\/\">Grupo de Estudo e Pesquisa em Sistema Neuromuscular e Exerc\u00edcio<\/a><\/p>\n\n\n\n<p>Respons\u00e1vel: <a href=\"https:\/\/buscatextual.cnpq.br\/buscatextual\/visualizacv.do?id=K4733099J6&amp;tokenCaptchar=03AKH6MRH6DG4AlCySqzIXdzOMvQnF-Lt8cCFJL-nRpGoHAFw_FhzrvUf6Bg-hbwBpayO9hB4pEBHJ9Wm6qS2gcnnvgqCevEqBsj6EiaVdbazrsn0suGMV-6RErjrYSA_WJEFv9GleIKm07xM21I89AIvSClFvezVk2vey_Kc1Qj9OuFp-sX89qDzwcpVyhtOUqERChUgqTRiqXgUHIKCpDXS-6iVXwcuT54_NO4EnH74Z7ZCih-CVvhfVckjPJIpBKnl-f7ywHORMrUTyt6nUKL6cUc1ucQHHFs0cSRVKZ5bRMHNi4A6dIRiTdKBJeq8t4NctrTRZX3J7BaKKkBUHRkTkGVIPyT3UeULganue60j54fp0X4mVWbVzC-XDXserOnaelMB-K3dpUSOXOd0Wo3t0zn3MTEegv2NELrgUUUtkEv--b1UyOlhk5hNaZe2TantUDKlhON0DZHAL1Y9UkoNIdRBWaFr0qld2uycRcCp0EVwdejajPt8PI2HbacK9HqvuBZwcHlV5QRuC6fD-gT6egbPN7fBxKw\">Prof. Dr. Leandro Ricardo Altimari<\/a><\/p>\n\n\n\n<p>Objetivo: Nosso grupo estuda as respostas neuromusculares agudas e cr\u00f4nicas em diferentes tipos de exerc\u00edcio (aer\u00f3bio, anaer\u00f3bio, e resistido), condi\u00e7\u00f5es (uso de recursos ergog\u00eanicos, em estado de fadiga, com materias ou acess\u00f3rios esportivo) e popula\u00e7\u00f5es (sujeitos saud\u00e1veis ou com desordens neuromusculares, atletas, idosos e jovens). Procura ainda estabelecer rela\u00e7\u00f5es entre as respostas neuromusculares e o desempenho humano, e suas implica\u00e7\u00f5es para o treinamento f\u00edsico aplicado \u00e0 sa\u00fade e ao desporto.<\/p>\n","protected":false},"excerpt":{"rendered":"<p>Grupo de Estudo e Pesquisa em Sistema Neuromuscular e Exerc\u00edcio Respons\u00e1vel: Prof. Dr. Leandro Ricardo Altimari Objetivo: Nosso grupo estuda as respostas neuromusculares agudas e cr\u00f4nicas em diferentes tipos de exerc\u00edcio (aer\u00f3bio, anaer\u00f3bio, e resistido), condi\u00e7\u00f5es (uso de recursos ergog\u00eanicos, em estado de fadiga, com materias ou acess\u00f3rios esportivo) e popula\u00e7\u00f5es (sujeitos saud\u00e1veis ou com [&hellip;]<\/p>\n","protected":false},"author":13,"featured_media":0,"parent":0,"menu_order":0,"comment_status":"closed","ping_status":"closed","template":"","meta":{"_acf_changed":false,"footnotes":""},"class_list":["post-589","page","type-page","status-publish","hentry"],"acf":[],"_links":{"self":[{"href":"https:\/\/sites.uel.br\/cefe\/wp-json\/wp\/v2\/pages\/589","targetHints":{"allow":["GET"]}}],"collection":[{"href":"https:\/\/sites.uel.br\/cefe\/wp-json\/wp\/v2\/pages"}],"about":[{"href":"https:\/\/sites.uel.br\/cefe\/wp-json\/wp\/v2\/types\/page"}],"author":[{"embeddable":true,"href":"https:\/\/sites.uel.br\/cefe\/wp-json\/wp\/v2\/users\/13"}],"replies":[{"embeddable":true,"href":"https:\/\/sites.uel.br\/cefe\/wp-json\/wp\/v2\/comments?post=589"}],"version-history":[{"count":4,"href":"https:\/\/sites.uel.br\/cefe\/wp-json\/wp\/v2\/pages\/589\/revisions"}],"predecessor-version":[{"id":832,"href":"https:\/\/sites.uel.br\/cefe\/wp-json\/wp\/v2\/pages\/589\/revisions\/832"}],"wp:attachment":[{"href":"https:\/\/sites.uel.br\/cefe\/wp-json\/wp\/v2\/media?parent=589"}],"curies":[{"name":"wp","href":"https:\/\/api.w.org\/{rel}","templated":true}]}}