{"id":509,"date":"2023-03-09T21:47:10","date_gmt":"2023-03-10T00:47:10","guid":{"rendered":"https:\/\/sites.uel.br\/cefe\/?page_id=509"},"modified":"2026-03-13T17:46:33","modified_gmt":"2026-03-13T20:46:33","slug":"des-ciencia-dos-esporte","status":"publish","type":"page","link":"https:\/\/sites.uel.br\/cefe\/des-ciencia-dos-esporte\/","title":{"rendered":"DES &#8211; Departamento de Ci\u00eancias do Esporte"},"content":{"rendered":"\n<p><strong>Site<\/strong>: <a href=\"http:\/\/departamentos.uel.br\/ciencias-do-esporte\">Depto de Ci\u00eancias do Esporte<\/a><\/p>\n\n\n\n<p><a href=\"https:\/\/www.uel.br\/cefe\/des\/portal\/pages\/docentes.php\">Docentes<\/a><\/p>\n\n\n\n<p>Chefe: Prof. Dr. H\u00e9lcio Rossi Gon\u00e7alves<\/p>\n\n\n\n<p>Vice: Prof. Dr. Felipe Arruda Moura<\/p>\n\n\n\n<h2 class=\"wp-block-heading\">COMISS\u00c3O DE EXTENS\u00c3O<\/h2>\n\n\n\n<p>Coordenador: Prof. Dr. Marcos Augusto Rocha<\/p>\n\n\n\n<p>Membro: Prof. Dr. Felipe Arruda Moura<\/p>\n\n\n\n<p><\/p>\n\n\n\n<h2 class=\"wp-block-heading\">COMISS\u00c3O DE PESQUISA<\/h2>\n\n\n\n<p>Coordenador: Prof\u00aa. Dr\u00aa. Marcia Greguol<\/p>\n\n\n\n<p>Membro: Prof. Dr. Felipe Arruda Moura<\/p>\n\n\n\n<p><\/p>\n\n\n\n<h2 class=\"wp-block-heading\">COMISS\u00c3O DE P\u00d3S GRADUA\u00c7\u00c3O<\/h2>\n\n\n\n<p>Coordenador: Prof. Dr. Felipe Arruda Moura<\/p>\n\n\n\n<p>Membro:  Prof. Dr. Marcia Greguol<\/p>\n\n\n\n<p><\/p>\n\n\n\n<p><\/p>\n\n\n\n<h2 class=\"wp-block-heading\">COMISS\u00c3O DE APOIO PARA ACOMPANHAMENTO DE ESTUDANTES COM DEFICI\u00caNCIA (CAEED\/UEL)<\/h2>\n\n\n\n<p>Representante: Prof.\u00aa Dr.\u00aa M\u00e1rcia Greguol<\/p>\n","protected":false},"excerpt":{"rendered":"<p>Site: Depto de Ci\u00eancias do Esporte Docentes Chefe: Prof. Dr. H\u00e9lcio Rossi Gon\u00e7alves Vice: Prof. Dr. Felipe Arruda Moura COMISS\u00c3O DE EXTENS\u00c3O Coordenador: Prof. Dr. Marcos Augusto Rocha Membro: Prof. Dr. Felipe Arruda Moura COMISS\u00c3O DE PESQUISA Coordenador: Prof\u00aa. Dr\u00aa. Marcia Greguol Membro: Prof. Dr. Felipe Arruda Moura COMISS\u00c3O DE P\u00d3S GRADUA\u00c7\u00c3O Coordenador: Prof. Dr. [&hellip;]<\/p>\n","protected":false},"author":13,"featured_media":0,"parent":0,"menu_order":0,"comment_status":"closed","ping_status":"closed","template":"","meta":{"_acf_changed":false,"footnotes":""},"class_list":["post-509","page","type-page","status-publish","hentry"],"acf":[],"_links":{"self":[{"href":"https:\/\/sites.uel.br\/cefe\/wp-json\/wp\/v2\/pages\/509","targetHints":{"allow":["GET"]}}],"collection":[{"href":"https:\/\/sites.uel.br\/cefe\/wp-json\/wp\/v2\/pages"}],"about":[{"href":"https:\/\/sites.uel.br\/cefe\/wp-json\/wp\/v2\/types\/page"}],"author":[{"embeddable":true,"href":"https:\/\/sites.uel.br\/cefe\/wp-json\/wp\/v2\/users\/13"}],"replies":[{"embeddable":true,"href":"https:\/\/sites.uel.br\/cefe\/wp-json\/wp\/v2\/comments?post=509"}],"version-history":[{"count":25,"href":"https:\/\/sites.uel.br\/cefe\/wp-json\/wp\/v2\/pages\/509\/revisions"}],"predecessor-version":[{"id":1923,"href":"https:\/\/sites.uel.br\/cefe\/wp-json\/wp\/v2\/pages\/509\/revisions\/1923"}],"wp:attachment":[{"href":"https:\/\/sites.uel.br\/cefe\/wp-json\/wp\/v2\/media?parent=509"}],"curies":[{"name":"wp","href":"https:\/\/api.w.org\/{rel}","templated":true}]}}