{"id":488,"date":"2023-03-09T21:38:57","date_gmt":"2023-03-10T00:38:57","guid":{"rendered":"https:\/\/sites.uel.br\/cefe\/?page_id=488"},"modified":"2023-03-27T20:46:34","modified_gmt":"2023-03-27T23:46:34","slug":"laboratorio-atividade-fisica","status":"publish","type":"page","link":"https:\/\/sites.uel.br\/cefe\/laboratorio-atividade-fisica\/","title":{"rendered":"GEPAFE"},"content":{"rendered":"\n<p><a href=\"http:\/\/www.uel.br\/grupo-pesquisa\/gepafe\/integrantes.html\">Grupo de Estudo e Pesquisa em Atividade F\u00edsica e Exerc\u00edcio<\/a><\/p>\n\n\n\n<p>Respons\u00e1vel: <a href=\"http:\/\/buscatextual.cnpq.br\/buscatextual\/visualizacv.do\">Prof. Dr. Enio Ricardo Vaz Ronque<\/a><\/p>\n\n\n\n<p>Contato: <a href=\"mailto:enioronque@uel.br\">enioronque@uel.br<\/a><\/p>\n\n\n\n<p><a href=\"http:\/\/dgp.cnpq.br\/dgp\/espelhogrupo\/18528\">Diret\u00f3rio dos Grupos de Pesquisa no Brasil<\/a><\/p>\n","protected":false},"excerpt":{"rendered":"<p>Grupo de Estudo e Pesquisa em Atividade F\u00edsica e Exerc\u00edcio Respons\u00e1vel: Prof. Dr. Enio Ricardo Vaz Ronque Contato: enioronque@uel.br Diret\u00f3rio dos Grupos de Pesquisa no Brasil<\/p>\n","protected":false},"author":13,"featured_media":0,"parent":0,"menu_order":0,"comment_status":"closed","ping_status":"closed","template":"","meta":{"_acf_changed":false,"footnotes":""},"class_list":["post-488","page","type-page","status-publish","hentry"],"acf":[],"_links":{"self":[{"href":"https:\/\/sites.uel.br\/cefe\/wp-json\/wp\/v2\/pages\/488","targetHints":{"allow":["GET"]}}],"collection":[{"href":"https:\/\/sites.uel.br\/cefe\/wp-json\/wp\/v2\/pages"}],"about":[{"href":"https:\/\/sites.uel.br\/cefe\/wp-json\/wp\/v2\/types\/page"}],"author":[{"embeddable":true,"href":"https:\/\/sites.uel.br\/cefe\/wp-json\/wp\/v2\/users\/13"}],"replies":[{"embeddable":true,"href":"https:\/\/sites.uel.br\/cefe\/wp-json\/wp\/v2\/comments?post=488"}],"version-history":[{"count":5,"href":"https:\/\/sites.uel.br\/cefe\/wp-json\/wp\/v2\/pages\/488\/revisions"}],"predecessor-version":[{"id":803,"href":"https:\/\/sites.uel.br\/cefe\/wp-json\/wp\/v2\/pages\/488\/revisions\/803"}],"wp:attachment":[{"href":"https:\/\/sites.uel.br\/cefe\/wp-json\/wp\/v2\/media?parent=488"}],"curies":[{"name":"wp","href":"https:\/\/api.w.org\/{rel}","templated":true}]}}