{"id":482,"date":"2023-03-09T21:37:12","date_gmt":"2023-03-10T00:37:12","guid":{"rendered":"https:\/\/sites.uel.br\/cefe\/?page_id=482"},"modified":"2023-03-27T19:40:21","modified_gmt":"2023-03-27T22:40:21","slug":"gecardio","status":"publish","type":"page","link":"https:\/\/sites.uel.br\/cefe\/gecardio\/","title":{"rendered":"<strong>GECARDIO<\/strong>"},"content":{"rendered":"\n<p><a href=\"http:\/\/dgp.cnpq.br\/dgp\/espelhogrupo\/28803\">Grupo de Estudo e Pesquisa em Respostas Cardiovasculares e Exerc\u00edcio<\/a><\/p>\n\n\n\n<p>Respons\u00e1vel: <a href=\"https:\/\/buscatextual.cnpq.br\/buscatextual\/visualizacv.do?id=K4771596E2&amp;tokenCaptchar=03AKH6MRENsPPlqkpVHFCjke1G8JvBhZgiOMm8OVLNiNLvl5_bBnCNUzH7CGXz-3tcMxrEKlz7HQjRIZ18HqpqZuTURUOi94magsQPsw_wbDB-HhURaRp0H6QqLhX-UEAujQMcZwKISJMj8XHSqCFfdYgrBh2XIV-8xP2GmbV9KNpdPaDBilZSrQQ9cZk4tEUFicV0QVAN2ydDOQfYpt4-E0FEK77zdKD76y7r-rxWCl7OdM9PTnL2lkaQubNJGVCwP-ulmfv_Cd4qwTKiEQ9XR5QxcXCm0IkBuS-KRz9lHXpcnvlRhLN27g2e8miKOVwdyz0TxlCu5Fz9IH9FLxuCvawiVQV71Jf5SeVdbYhU1vqQCwndzoOa_Jvhme4lLRjvb-dKtUlNFeGOw-QMT02qOt_6hIpoSv8EHJZwIXMPfsjhUhgm0oPbQcPp1AlXNWyHAO0ofsJTjQCy5QgvcIcdP6fwBA30yZjw2_bAl47ZCdQzfk4NyawgkxGhiCFxLzWxNwCjZrEE3M_-SDLnxoPZriDOAaQyRQSEDw\">Prof. Dr. Marcos Doederlein Polito<\/a><\/p>\n\n\n\n<p>Objetivo: Estudo e pesquisa referente \u00e0s respostas cardiovasculares que se manifestam em decorr\u00eancia do exerc\u00edcio f\u00edsico aer\u00f3bio e de for\u00e7a. Nesse sentido, s\u00e3o apreciadas as respostas cardiovasculares cr\u00f4nicas, agudas e sub-agudas dos diferentes tipos de solicita\u00e7\u00e3o f\u00edsica. Al\u00e9m disso, o grupo tamb\u00e9m investiga a repercuss\u00e3o do exerc\u00edcio f\u00edsico, seja de for\u00e7a ou aer\u00f3bio, sobre o desempenho, assim como potenciais recursos ergog\u00eanicos que podem auxiliar nessa repercuss\u00e3o.<\/p>\n","protected":false},"excerpt":{"rendered":"<p>Grupo de Estudo e Pesquisa em Respostas Cardiovasculares e Exerc\u00edcio Respons\u00e1vel: Prof. Dr. Marcos Doederlein Polito Objetivo: Estudo e pesquisa referente \u00e0s respostas cardiovasculares que se manifestam em decorr\u00eancia do exerc\u00edcio f\u00edsico aer\u00f3bio e de for\u00e7a. Nesse sentido, s\u00e3o apreciadas as respostas cardiovasculares cr\u00f4nicas, agudas e sub-agudas dos diferentes tipos de solicita\u00e7\u00e3o f\u00edsica. Al\u00e9m disso, [&hellip;]<\/p>\n","protected":false},"author":13,"featured_media":0,"parent":0,"menu_order":0,"comment_status":"closed","ping_status":"closed","template":"","meta":{"_acf_changed":false,"footnotes":""},"class_list":["post-482","page","type-page","status-publish","hentry"],"acf":[],"_links":{"self":[{"href":"https:\/\/sites.uel.br\/cefe\/wp-json\/wp\/v2\/pages\/482","targetHints":{"allow":["GET"]}}],"collection":[{"href":"https:\/\/sites.uel.br\/cefe\/wp-json\/wp\/v2\/pages"}],"about":[{"href":"https:\/\/sites.uel.br\/cefe\/wp-json\/wp\/v2\/types\/page"}],"author":[{"embeddable":true,"href":"https:\/\/sites.uel.br\/cefe\/wp-json\/wp\/v2\/users\/13"}],"replies":[{"embeddable":true,"href":"https:\/\/sites.uel.br\/cefe\/wp-json\/wp\/v2\/comments?post=482"}],"version-history":[{"count":3,"href":"https:\/\/sites.uel.br\/cefe\/wp-json\/wp\/v2\/pages\/482\/revisions"}],"predecessor-version":[{"id":766,"href":"https:\/\/sites.uel.br\/cefe\/wp-json\/wp\/v2\/pages\/482\/revisions\/766"}],"wp:attachment":[{"href":"https:\/\/sites.uel.br\/cefe\/wp-json\/wp\/v2\/media?parent=482"}],"curies":[{"name":"wp","href":"https:\/\/api.w.org\/{rel}","templated":true}]}}