{"id":476,"date":"2023-03-09T21:36:30","date_gmt":"2023-03-10T00:36:30","guid":{"rendered":"https:\/\/sites.uel.br\/cefe\/?page_id=476"},"modified":"2023-04-10T19:20:10","modified_gmt":"2023-04-10T22:20:10","slug":"cemidefel-nefel","status":"publish","type":"page","link":"https:\/\/sites.uel.br\/cefe\/cemidefel-nefel\/","title":{"rendered":"<strong>CEMIDEFEL \u2013 NEFEL<\/strong>"},"content":{"rendered":"\n<p>Centro de Mem\u00f3ria, Informa\u00e7\u00e3o e Documenta\u00e7\u00e3o da Educa\u00e7\u00e3o F\u00edsica, Esporte e Lazer<\/p>\n\n\n\n<p>Respons\u00e1veis: <a href=\"https:\/\/buscatextual.cnpq.br\/buscatextual\/visualizacv.do?id=K4771888U1&amp;tokenCaptchar=03AKH6MRECgBUjaYsHIF46XC-cpoSO_zF7qb2FvPEe79s8RcQ3l-eZvK_3Jqs4v5kOWJvy-rd4hIBdU2RMvMHugUv9grXFLu9PYVAHV6Nw8sFI0GNFWb0_SUxk7xFkUBvvT2ZjCYa-3OanWBx1_3XqleEL-WKJeJdYf4Y9GWZViIt02zL_q9ivfr_P13cGzqZlpA9TU79Ep4jHPQL5T4MA1dYAkwNlT4WjmMEdXNCTO0G6XogCy4K9LWXEf01nWj41IDVw6a0fh4s0_0Fs9B_DWmmEmssuYC6d9iixRzfsI-E60HfGqICzVJEfhE5nH7HRfT2Eyjf-dYtFmFutzVSt_mS5nDPuby-0KBJiSeA-Pa6vYO_Kck4wwA0JkEIePOIb5VEoMzMlP2uR3MlBqdEKJOgthNEnT6i_fb86_u9QGfrl9jw6FVbBCIIFkxjcR54qr3LqD_osuTB9nwAftBo9SaMDPqCwFtARaAFgih4Ql4fzOQFWqqn4WdZ19xsykuJBJgtWGWRQHhYyhuTgSs4W4UCW2R5Np94X1w\">Prof. Dr. Antonio Geraldo Magalh\u00e3es Gomes Pires<\/a> e <a href=\"https:\/\/buscatextual.cnpq.br\/buscatextual\/visualizacv.do?id=K4732338H7&amp;tokenCaptchar=03AKH6MREsEGc10nZNtSFbHgagvy11J3Ao1nwlIZS1ttMcPKb_9RrqatmQ1N24IPEffFkSRo7i5Ua3KQh31cgDk8wjkr_3R9Qy_e-qwuYVul4ybJ9gERJ3Y1E2JPBXrk8VZxk4uoRn5y86nx5dzn89b68CtjirLjfJKqgNY1uPlGZNtA1ZCIyy6JpfPJgo8pkvbj74rSZtiYEQCGFews33fRCdXxTgtplI7SCqLgcvMQ-YzH5wpHFGo-YHBo4XtG51ppCgDtnntdN-KaYAATzR9KPQKI_CC3bqUyNG-wk_UXtsplBYhlJCYrRAKYp-FpIFYJoJ4X2tcd6e_Ymq49cT9pLoCtLCJuaWVTqEFJJTrBuRHdHzORru0xs8rtzSWistqkmH3CiDGUpAgp6ytMY_bAdVTIIkIq_i8NHu_AHFEznbGiOABGL32guZ2qrarnZazDLOJDCkXzhytRXj6cp-TnAhYE8_Lhf1-dl6ZCa8pSB542_ftqFfMfTDIt9gYtQNG1h_1sCfCh3hfwwzYViAo7P8SAPjnCokNA\">Prof.\u00aa Dr.\u00aa Morgana Claudia da Silva<\/a><\/p>\n\n\n\n<p>Localiza\u00e7\u00e3o: Sala em frente \u00e0 piscina externa.<\/p>\n\n\n\n<p>Telefone: (43) 3371-4905<\/p>\n\n\n\n<p><a href=\"https:\/\/www.youtube.com\/@nefel-nucleodeestudosed.fi9462\/streams\">YouTube<\/a><\/p>\n","protected":false},"excerpt":{"rendered":"<p>Centro de Mem\u00f3ria, Informa\u00e7\u00e3o e Documenta\u00e7\u00e3o da Educa\u00e7\u00e3o F\u00edsica, Esporte e Lazer Respons\u00e1veis: Prof. Dr. Antonio Geraldo Magalh\u00e3es Gomes Pires e Prof.\u00aa Dr.\u00aa Morgana Claudia da Silva Localiza\u00e7\u00e3o: Sala em frente \u00e0 piscina externa. Telefone: (43) 3371-4905 YouTube<\/p>\n","protected":false},"author":13,"featured_media":0,"parent":0,"menu_order":0,"comment_status":"closed","ping_status":"closed","template":"","meta":{"_acf_changed":false,"footnotes":""},"class_list":["post-476","page","type-page","status-publish","hentry"],"acf":[],"_links":{"self":[{"href":"https:\/\/sites.uel.br\/cefe\/wp-json\/wp\/v2\/pages\/476","targetHints":{"allow":["GET"]}}],"collection":[{"href":"https:\/\/sites.uel.br\/cefe\/wp-json\/wp\/v2\/pages"}],"about":[{"href":"https:\/\/sites.uel.br\/cefe\/wp-json\/wp\/v2\/types\/page"}],"author":[{"embeddable":true,"href":"https:\/\/sites.uel.br\/cefe\/wp-json\/wp\/v2\/users\/13"}],"replies":[{"embeddable":true,"href":"https:\/\/sites.uel.br\/cefe\/wp-json\/wp\/v2\/comments?post=476"}],"version-history":[{"count":6,"href":"https:\/\/sites.uel.br\/cefe\/wp-json\/wp\/v2\/pages\/476\/revisions"}],"predecessor-version":[{"id":1091,"href":"https:\/\/sites.uel.br\/cefe\/wp-json\/wp\/v2\/pages\/476\/revisions\/1091"}],"wp:attachment":[{"href":"https:\/\/sites.uel.br\/cefe\/wp-json\/wp\/v2\/media?parent=476"}],"curies":[{"name":"wp","href":"https:\/\/api.w.org\/{rel}","templated":true}]}}