{"id":468,"date":"2023-03-09T21:33:50","date_gmt":"2023-03-10T00:33:50","guid":{"rendered":"https:\/\/sites.uel.br\/cefe\/?page_id=468"},"modified":"2023-05-11T09:34:57","modified_gmt":"2023-05-11T12:34:57","slug":"laboratorios","status":"publish","type":"page","link":"https:\/\/sites.uel.br\/cefe\/laboratorios\/","title":{"rendered":"Laborat\u00f3rios e Grupos"},"content":{"rendered":"\n<p>Os espa\u00e7os f\u00edsicos s\u00e3o vinculados \u00e0 Dire\u00e7\u00e3o do CEFE, enquanto as a\u00e7\u00f5es e atividades ali desenvolvidas est\u00e3o vinculadas aos docentes e departamentos, conforme seus objetivos.<\/p>\n\n\n\n<p>Os estudos e pesquisas realizados est\u00e3o relacionados inicialmente aos cursos do Centro de Educa\u00e7\u00e3o F\u00edsica e Esporte &#8211; CEFE e demais Centros da Universidade Estadual de Londrina.<\/p>\n\n\n\n<p>Para conhecer e\/ou participar dos laborat\u00f3rios e grupos, os interessados devem entrar em contato com seus respons\u00e1veis, conforme listagem disponibilizada.<\/p>\n\n\n\n<h2 class=\"wp-block-heading\">GRUPOS DE PESQUISA<\/h2>\n\n\n\n<p>S\u00e3o formados por professores e estudantes, conforme as \u00e1reas e linhas de pesquisa. <\/p>\n\n\n\n<p>S\u00e3o vinculados aos departamentos, \u00e0 <a rel=\"noreferrer noopener\" href=\"http:\/\/www.uel.br\/proppg\/portalnovo\/\" target=\"_blank\">Pr\u00f3-Reitoria de Pesquisa e P\u00f3s-Gradua\u00e7\u00e3o &#8211; PROPPG<\/a> e ao Diret\u00f3rio dos Grupos de Pesquisa no Brasil &#8211; CAPES\/CNPQ.<\/p>\n\n\n\n<h2 class=\"wp-block-heading\">LABORAT\u00d3RIOS<\/h2>\n\n\n\n<p>O CEFE possui 19 laborat\u00f3rios, listados nominalmente abaixo.<\/p>\n\n\n\n<figure class=\"wp-block-table\"><table><tbody><tr><td><strong>SALA<\/strong><\/td><td class=\"has-text-align-left\" data-align=\"left\"><strong>DESCRI\u00c7\u00c3O<\/strong><\/td><\/tr><tr><td>905E<\/td><td class=\"has-text-align-left\" data-align=\"left\">Laborat\u00f3rio de Ensino de Gradua\u00e7\u00e3o e P\u00f3s-Gradua\u00e7\u00e3o<\/td><\/tr><tr><td>919<\/td><td class=\"has-text-align-left\" data-align=\"left\">Laborat\u00f3rio de Comportamento Motor<\/td><\/tr><tr><td>920<\/td><td class=\"has-text-align-left\" data-align=\"left\">Laborat\u00f3rio de Atividade F\u00edsica e Sa\u00fade<\/td><\/tr><tr><td>921<\/td><td class=\"has-text-align-left\" data-align=\"left\">Laborat\u00f3rio de Atividade F\u00edsica e Envelhecimento<\/td><\/tr><tr><td>923<\/td><td class=\"has-text-align-left\" data-align=\"left\">Laborat\u00f3rio de Bioqu\u00edmica do Exerc\u00edcio (multiusu\u00e1rio)<\/td><\/tr><tr><td>925<\/td><td class=\"has-text-align-left\" data-align=\"left\">Laborat\u00f3rio de Dan\u00e7a e Educa\u00e7\u00e3o<\/td><\/tr><tr><td>926<\/td><td class=\"has-text-align-left\" data-align=\"left\">Laborat\u00f3rio de Estudos Hist\u00f3ricos, Filos\u00f3ficos e Culturais da Educa\u00e7\u00e3o na Educa\u00e7\u00e3o F\u00edsica<\/td><\/tr><tr><td>927<\/td><td class=\"has-text-align-left\" data-align=\"left\">Laborat\u00f3rio Adapt. de Educa\u00e7\u00e3o F\u00edsica Escolar<\/td><\/tr><tr><td>928<\/td><td class=\"has-text-align-left\" data-align=\"left\">Laborat\u00f3rio de Ensino e Pesquisa em Gin\u00e1stica e Motricidade Humana<\/td><\/tr><tr><td>929<\/td><td class=\"has-text-align-left\" data-align=\"left\">Laborat\u00f3rio de Pesquisa em Educa\u00e7\u00e3o F\u00edsica Escolar<\/td><\/tr><tr><td>934<\/td><td class=\"has-text-align-left\" data-align=\"left\">Laborat\u00f3rio de Fisiologia do Exerc\u00edcio (multiusu\u00e1rio)\/<a rel=\"noreferrer noopener\" href=\"https:\/\/sites.uel.br\/cefe\/gestrength\/\" data-type=\"URL\" data-id=\"https:\/\/sites.uel.br\/cefe\/gestrength\/\" target=\"_blank\">GESTRENGHT<\/a>\/<a rel=\"noreferrer noopener\" href=\"https:\/\/sites.uel.br\/cefe\/gecardio\/\" data-type=\"URL\" data-id=\"https:\/\/sites.uel.br\/cefe\/gecardio\/\" target=\"_blank\">GECARDIO<\/a>\/<a href=\"https:\/\/www.correndocontraocancer.org\/\" data-type=\"URL\" data-id=\"https:\/\/www.correndocontraocancer.org\/\" target=\"_blank\" rel=\"noreferrer noopener\">Correndo contra o c\u00e2ncer<\/a><\/td><\/tr><tr><td>936<\/td><td class=\"has-text-align-left\" data-align=\"left\"><a href=\"https:\/\/sites.uel.br\/cefe\/cemidefel-nefel\/\" data-type=\"URL\" data-id=\"https:\/\/sites.uel.br\/cefe\/cemidefel-nefel\/\" target=\"_blank\" rel=\"noreferrer noopener\">CEMIDEFEL<\/a><\/td><\/tr><tr><td>937<\/td><td class=\"has-text-align-left\" data-align=\"left\"><a href=\"https:\/\/sites.uel.br\/cefe\/cemidefel-nefel\/\" data-type=\"URL\" data-id=\"https:\/\/sites.uel.br\/cefe\/cemidefel-nefel\/\" target=\"_blank\" rel=\"noreferrer noopener\">NEFEL<\/a><\/td><\/tr><tr><td>938<\/td><td class=\"has-text-align-left\" data-align=\"left\">LAMENE\/<a href=\"https:\/\/sites.uel.br\/cefe\/gepemene\/\" data-type=\"URL\" data-id=\"https:\/\/sites.uel.br\/cefe\/gepemene\/\" target=\"_blank\" rel=\"noreferrer noopener\">GEPEMENE<\/a><\/td><\/tr><\/tbody><\/table><figcaption class=\"wp-element-caption\">Elaborada pela Secretaria Geral do CEFE &#8211; Centro de Educa\u00e7\u00e3o F\u00edsica e Esporte. Rela\u00e7\u00e3o atualizada aos 11 de maio de 2023.<\/figcaption><\/figure>\n\n\n\n<h3 class=\"wp-block-heading\">Pr\u00e9dio do DES &#8211; Departamento de Ci\u00eancia dos Esportes<\/h3>\n\n\n\n<figure class=\"wp-block-table\"><table><tbody><tr><td><strong>SALA<\/strong><\/td><td><strong>DESCRI\u00c7\u00c3O<\/strong><\/td><\/tr><tr><td>07<\/td><td>Fisiologia do Esporte I<\/td><\/tr><tr><td>08<\/td><td>Fisiologia do Esporte II<\/td><\/tr><tr><td>09<\/td><td>Biomec\u00e2nica do Esporte<\/td><\/tr><tr><td>10<\/td><td><a href=\"https:\/\/www.instagram.com\/geaps.uel\/\" data-type=\"URL\" data-id=\"https:\/\/www.instagram.com\/geaps.uel\/\" target=\"_blank\" rel=\"noreferrer noopener\">GEAPS &#8211; Grupo de Estudos em Atividade F\u00edsica, Psicologia e Sa\u00fade<\/a><\/td><\/tr><tr><td>11<\/td><td>LBA &#8211; Laborat\u00f3rio de Biomec\u00e2nica Aplicada<\/td><\/tr><\/tbody><\/table><figcaption class=\"wp-element-caption\">Elaborada pela Secretaria Geral do CEFE &#8211; Centro de Educa\u00e7\u00e3o F\u00edsica e Esporte. Rela\u00e7\u00e3o atualizada aos 11 de maio de 2023.<\/figcaption><\/figure>\n","protected":false},"excerpt":{"rendered":"<p>Os espa\u00e7os f\u00edsicos s\u00e3o vinculados \u00e0 Dire\u00e7\u00e3o do CEFE, enquanto as a\u00e7\u00f5es e atividades ali desenvolvidas est\u00e3o vinculadas aos docentes e departamentos, conforme seus objetivos. Os estudos e pesquisas realizados est\u00e3o relacionados inicialmente aos cursos do Centro de Educa\u00e7\u00e3o F\u00edsica e Esporte &#8211; CEFE e demais Centros da Universidade Estadual de Londrina. Para conhecer e\/ou [&hellip;]<\/p>\n","protected":false},"author":13,"featured_media":0,"parent":0,"menu_order":0,"comment_status":"closed","ping_status":"closed","template":"","meta":{"_acf_changed":false,"footnotes":""},"class_list":["post-468","page","type-page","status-publish","hentry"],"acf":[],"_links":{"self":[{"href":"https:\/\/sites.uel.br\/cefe\/wp-json\/wp\/v2\/pages\/468","targetHints":{"allow":["GET"]}}],"collection":[{"href":"https:\/\/sites.uel.br\/cefe\/wp-json\/wp\/v2\/pages"}],"about":[{"href":"https:\/\/sites.uel.br\/cefe\/wp-json\/wp\/v2\/types\/page"}],"author":[{"embeddable":true,"href":"https:\/\/sites.uel.br\/cefe\/wp-json\/wp\/v2\/users\/13"}],"replies":[{"embeddable":true,"href":"https:\/\/sites.uel.br\/cefe\/wp-json\/wp\/v2\/comments?post=468"}],"version-history":[{"count":21,"href":"https:\/\/sites.uel.br\/cefe\/wp-json\/wp\/v2\/pages\/468\/revisions"}],"predecessor-version":[{"id":1039,"href":"https:\/\/sites.uel.br\/cefe\/wp-json\/wp\/v2\/pages\/468\/revisions\/1039"}],"wp:attachment":[{"href":"https:\/\/sites.uel.br\/cefe\/wp-json\/wp\/v2\/media?parent=468"}],"curies":[{"name":"wp","href":"https:\/\/api.w.org\/{rel}","templated":true}]}}