{"id":447,"date":"2023-03-06T16:18:45","date_gmt":"2023-03-06T19:18:45","guid":{"rendered":"https:\/\/sites.uel.br\/cefe\/?page_id=447"},"modified":"2024-04-18T17:42:26","modified_gmt":"2024-04-18T20:42:26","slug":"petef","status":"publish","type":"page","link":"https:\/\/sites.uel.br\/cefe\/petef\/","title":{"rendered":"PETEF &#8211; Programa de Educa\u00e7\u00e3o Tutorial do Curso de Educa\u00e7\u00e3o F\u00edsica"},"content":{"rendered":"\n<p><a href=\"https:\/\/sites.uel.br\/petef\/\" target=\"_blank\" rel=\"noreferrer noopener\">Programa de Educa\u00e7\u00e3o Tutorial<\/a> (clique aqui para o redirecionamento)<\/p>\n\n\n\n<p>Redes sociais: <a href=\"https:\/\/www.instagram.com\/petef.uel\/\" target=\"_blank\" rel=\"noreferrer noopener\">Instagram<\/a><\/p>\n","protected":false},"excerpt":{"rendered":"<p>Programa de Educa\u00e7\u00e3o Tutorial (clique aqui para o redirecionamento) Redes sociais: Instagram<\/p>\n","protected":false},"author":13,"featured_media":0,"parent":0,"menu_order":0,"comment_status":"closed","ping_status":"closed","template":"","meta":{"_acf_changed":false,"footnotes":""},"class_list":["post-447","page","type-page","status-publish","hentry"],"acf":[],"_links":{"self":[{"href":"https:\/\/sites.uel.br\/cefe\/wp-json\/wp\/v2\/pages\/447","targetHints":{"allow":["GET"]}}],"collection":[{"href":"https:\/\/sites.uel.br\/cefe\/wp-json\/wp\/v2\/pages"}],"about":[{"href":"https:\/\/sites.uel.br\/cefe\/wp-json\/wp\/v2\/types\/page"}],"author":[{"embeddable":true,"href":"https:\/\/sites.uel.br\/cefe\/wp-json\/wp\/v2\/users\/13"}],"replies":[{"embeddable":true,"href":"https:\/\/sites.uel.br\/cefe\/wp-json\/wp\/v2\/comments?post=447"}],"version-history":[{"count":7,"href":"https:\/\/sites.uel.br\/cefe\/wp-json\/wp\/v2\/pages\/447\/revisions"}],"predecessor-version":[{"id":1527,"href":"https:\/\/sites.uel.br\/cefe\/wp-json\/wp\/v2\/pages\/447\/revisions\/1527"}],"wp:attachment":[{"href":"https:\/\/sites.uel.br\/cefe\/wp-json\/wp\/v2\/media?parent=447"}],"curies":[{"name":"wp","href":"https:\/\/api.w.org\/{rel}","templated":true}]}}