{"id":444,"date":"2023-03-06T16:18:21","date_gmt":"2023-03-06T19:18:21","guid":{"rendered":"https:\/\/sites.uel.br\/cefe\/?page_id=444"},"modified":"2024-12-12T14:33:24","modified_gmt":"2024-12-12T17:33:24","slug":"empresa-junior","status":"publish","type":"page","link":"https:\/\/sites.uel.br\/cefe\/empresa-junior\/","title":{"rendered":"Empresa J\u00fanior"},"content":{"rendered":"\n<p><a href=\"https:\/\/motusej.wixsite.com\/motus\">Motus &#8211; Empresa J\u00fanior de Educa\u00e7\u00e3o F\u00edsica<\/a><\/p>\n\n\n\n<p><\/p>\n\n\n\n<p><strong>Respons\u00e1vel: <\/strong>Prof. Dr. <a href=\"http:\/\/lattes.cnpq.br\/6001623592355733\">Victor Hugo Alves Okazaki<\/a><br><strong>Localiza\u00e7\u00e3o:<\/strong> Sala da Motus (ao lado do Almoxarifado, em frente \u00e0 quadra de voleibol).<\/p>\n\n\n\n<p><strong>Objetivo:<\/strong> A MOTUS &#8211; Empresa J\u00fanior de Educa\u00e7\u00e3o F\u00edsica tem como objetivo proporcionar a experi\u00eancia pr\u00e1tica profissional aos alunos do Curso de Educa\u00e7\u00e3o F\u00edsica, por meio da gest\u00e3o de projetos de servi\u00e7o e do desenvolvimento de produtos. A MOTUS j\u00e1 possui em seu portf\u00f3lio os seguintes projetos executados: organiza\u00e7\u00e3o da Semana da Educa\u00e7\u00e3o F\u00edsica e do Esporte (SEMEFE), Col\u00f4nia de F\u00e9rias MOTUS\/UEL, Torneio Redbull Paper Wings, Show do Intervalo (campeonato esportivo), CEFIFA (torneio de e-sports), Motus Talks (semin\u00e1rios), Cursos de Treinamento (lideran\u00e7a, motiva\u00e7\u00e3o, gest\u00e3o e empreendedorismo), Feira de Profiss\u00f5es (UEL), Semana de Integra\u00e7\u00e3o (semana de recep\u00e7\u00e3o dos calouros), entre outros.<\/p>\n\n\n\n<p><strong>Contato:<\/strong><\/p>\n\n\n\n<p>Email Coordenador: <a href=\"mailto:vhaokazaki@gmail.com\" target=\"_blank\" rel=\"noreferrer noopener\">vhaokazaki@gmail.com<\/a><\/p>\n\n\n\n<p>Email Motus: <a href=\"mailto:motus.presidente@gmail.com\" target=\"_blank\" rel=\"noreferrer noopener\">motus.presidente@gmail.com<\/a><\/p>\n\n\n\n<p><strong>Redes sociais:<\/strong><\/p>\n\n\n\n<p>-&gt; <a href=\"https:\/\/www.facebook.com\/MotusEJ\/\">Facebook<\/a><\/p>\n\n\n\n<p>-&gt; <a href=\"https:\/\/www.instagram.com\/motus.ej\/?hl=pt\">Instagram<\/a><\/p>\n\n\n\n<p><\/p>\n","protected":false},"excerpt":{"rendered":"<p>Motus &#8211; Empresa J\u00fanior de Educa\u00e7\u00e3o F\u00edsica Respons\u00e1vel: Prof. Dr. Victor Hugo Alves OkazakiLocaliza\u00e7\u00e3o: Sala da Motus (ao lado do Almoxarifado, em frente \u00e0 quadra de voleibol). Objetivo: A MOTUS &#8211; Empresa J\u00fanior de Educa\u00e7\u00e3o F\u00edsica tem como objetivo proporcionar a experi\u00eancia pr\u00e1tica profissional aos alunos do Curso de Educa\u00e7\u00e3o F\u00edsica, por meio da gest\u00e3o [&hellip;]<\/p>\n","protected":false},"author":13,"featured_media":0,"parent":0,"menu_order":0,"comment_status":"closed","ping_status":"closed","template":"","meta":{"_acf_changed":false,"footnotes":""},"class_list":["post-444","page","type-page","status-publish","hentry"],"acf":[],"_links":{"self":[{"href":"https:\/\/sites.uel.br\/cefe\/wp-json\/wp\/v2\/pages\/444","targetHints":{"allow":["GET"]}}],"collection":[{"href":"https:\/\/sites.uel.br\/cefe\/wp-json\/wp\/v2\/pages"}],"about":[{"href":"https:\/\/sites.uel.br\/cefe\/wp-json\/wp\/v2\/types\/page"}],"author":[{"embeddable":true,"href":"https:\/\/sites.uel.br\/cefe\/wp-json\/wp\/v2\/users\/13"}],"replies":[{"embeddable":true,"href":"https:\/\/sites.uel.br\/cefe\/wp-json\/wp\/v2\/comments?post=444"}],"version-history":[{"count":9,"href":"https:\/\/sites.uel.br\/cefe\/wp-json\/wp\/v2\/pages\/444\/revisions"}],"predecessor-version":[{"id":1721,"href":"https:\/\/sites.uel.br\/cefe\/wp-json\/wp\/v2\/pages\/444\/revisions\/1721"}],"wp:attachment":[{"href":"https:\/\/sites.uel.br\/cefe\/wp-json\/wp\/v2\/media?parent=444"}],"curies":[{"name":"wp","href":"https:\/\/api.w.org\/{rel}","templated":true}]}}