{"id":441,"date":"2023-03-06T16:18:02","date_gmt":"2023-03-06T19:18:02","guid":{"rendered":"https:\/\/sites.uel.br\/cefe\/?page_id=441"},"modified":"2023-04-10T20:45:22","modified_gmt":"2023-04-10T23:45:22","slug":"atletica","status":"publish","type":"page","link":"https:\/\/sites.uel.br\/cefe\/atletica\/","title":{"rendered":"Atl\u00e9tica"},"content":{"rendered":"\n<p>Associa\u00e7\u00e3o Atl\u00e9tica Acad\u00eamica de Educa\u00e7\u00e3o F\u00edsica &#8211; A.A.A.E.F. XXI de Outubro<\/p>\n\n\n\n<p>Redes Sociais: <\/p>\n\n\n\n<p><a href=\"https:\/\/www.instagram.com\/aaaefuel\/\" target=\"_blank\" rel=\"noreferrer noopener\">Instagram<\/a><\/p>\n\n\n\n<p><a href=\"https:\/\/www.facebook.com\/aaaefuel\/?locale=pt_BR\" target=\"_blank\" rel=\"noreferrer noopener\">Facebook<\/a><\/p>\n","protected":false},"excerpt":{"rendered":"<p>Associa\u00e7\u00e3o Atl\u00e9tica Acad\u00eamica de Educa\u00e7\u00e3o F\u00edsica &#8211; A.A.A.E.F. XXI de Outubro Redes Sociais: Instagram Facebook<\/p>\n","protected":false},"author":13,"featured_media":0,"parent":0,"menu_order":0,"comment_status":"closed","ping_status":"closed","template":"","meta":{"_acf_changed":false,"footnotes":""},"class_list":["post-441","page","type-page","status-publish","hentry"],"acf":[],"_links":{"self":[{"href":"https:\/\/sites.uel.br\/cefe\/wp-json\/wp\/v2\/pages\/441","targetHints":{"allow":["GET"]}}],"collection":[{"href":"https:\/\/sites.uel.br\/cefe\/wp-json\/wp\/v2\/pages"}],"about":[{"href":"https:\/\/sites.uel.br\/cefe\/wp-json\/wp\/v2\/types\/page"}],"author":[{"embeddable":true,"href":"https:\/\/sites.uel.br\/cefe\/wp-json\/wp\/v2\/users\/13"}],"replies":[{"embeddable":true,"href":"https:\/\/sites.uel.br\/cefe\/wp-json\/wp\/v2\/comments?post=441"}],"version-history":[{"count":5,"href":"https:\/\/sites.uel.br\/cefe\/wp-json\/wp\/v2\/pages\/441\/revisions"}],"predecessor-version":[{"id":955,"href":"https:\/\/sites.uel.br\/cefe\/wp-json\/wp\/v2\/pages\/441\/revisions\/955"}],"wp:attachment":[{"href":"https:\/\/sites.uel.br\/cefe\/wp-json\/wp\/v2\/media?parent=441"}],"curies":[{"name":"wp","href":"https:\/\/api.w.org\/{rel}","templated":true}]}}