{"id":417,"date":"2023-03-06T16:06:54","date_gmt":"2023-03-06T19:06:54","guid":{"rendered":"https:\/\/sites.uel.br\/cefe\/?page_id=417"},"modified":"2023-04-10T20:41:51","modified_gmt":"2023-04-10T23:41:51","slug":"extensao","status":"publish","type":"page","link":"https:\/\/sites.uel.br\/cefe\/extensao\/","title":{"rendered":"Projetos"},"content":{"rendered":"\n<p><a rel=\"noreferrer noopener\" href=\"https:\/\/www.sistemasweb.uel.br\/?contents=system\/prj\/index.php\" target=\"_blank\">Consulte os Projetos de Ensino, Pesquisa e Extens\u00e3o<\/a>.<\/p>\n\n\n\n<p><a rel=\"noreferrer noopener\" href=\"https:\/\/www.sistemasweb.uel.br\/index.php?contents=system\/prj\/lin\/index.php&amp;pagina=lin_qry_centro2.php&amp;p_cod_centro=9\" target=\"_blank\">Consulte as Linhas de Pesquisa do Centro de Educa\u00e7\u00e3o F\u00edsica e Esporte &#8211; CEFE<\/a>.<\/p>\n","protected":false},"excerpt":{"rendered":"<p>Consulte os Projetos de Ensino, Pesquisa e Extens\u00e3o. Consulte as Linhas de Pesquisa do Centro de Educa\u00e7\u00e3o F\u00edsica e Esporte &#8211; CEFE.<\/p>\n","protected":false},"author":13,"featured_media":0,"parent":0,"menu_order":0,"comment_status":"closed","ping_status":"closed","template":"","meta":{"_acf_changed":false,"footnotes":""},"class_list":["post-417","page","type-page","status-publish","hentry"],"acf":[],"_links":{"self":[{"href":"https:\/\/sites.uel.br\/cefe\/wp-json\/wp\/v2\/pages\/417","targetHints":{"allow":["GET"]}}],"collection":[{"href":"https:\/\/sites.uel.br\/cefe\/wp-json\/wp\/v2\/pages"}],"about":[{"href":"https:\/\/sites.uel.br\/cefe\/wp-json\/wp\/v2\/types\/page"}],"author":[{"embeddable":true,"href":"https:\/\/sites.uel.br\/cefe\/wp-json\/wp\/v2\/users\/13"}],"replies":[{"embeddable":true,"href":"https:\/\/sites.uel.br\/cefe\/wp-json\/wp\/v2\/comments?post=417"}],"version-history":[{"count":7,"href":"https:\/\/sites.uel.br\/cefe\/wp-json\/wp\/v2\/pages\/417\/revisions"}],"predecessor-version":[{"id":952,"href":"https:\/\/sites.uel.br\/cefe\/wp-json\/wp\/v2\/pages\/417\/revisions\/952"}],"wp:attachment":[{"href":"https:\/\/sites.uel.br\/cefe\/wp-json\/wp\/v2\/media?parent=417"}],"curies":[{"name":"wp","href":"https:\/\/api.w.org\/{rel}","templated":true}]}}