{"id":32,"date":"2021-03-29T14:35:16","date_gmt":"2021-03-29T17:35:16","guid":{"rendered":"https:\/\/sites.uel.br\/cefe\/?page_id=32"},"modified":"2023-04-10T20:16:18","modified_gmt":"2023-04-10T23:16:18","slug":"stricto-sensu","status":"publish","type":"page","link":"https:\/\/sites.uel.br\/cefe\/stricto-sensu\/","title":{"rendered":"Stricto Sensu (Mestrado e Doutorado)"},"content":{"rendered":"\n<p><a href=\"http:\/\/www.uel.br\/pos\/ppgef\/portal\/\">Programa de P\u00f3s-Gradua\u00e7\u00e3o Associado em Educa\u00e7\u00e3o F\u00edsica<\/a><\/p>\n\n\n\n<h2 class=\"wp-block-heading\">COORDENA\u00c7\u00c3O<\/h2>\n\n\n\n<p>Coordenador: <a href=\"https:\/\/buscatextual.cnpq.br\/buscatextual\/visualizacv.do?id=K4113296T2&amp;tokenCaptchar=03AKH6MRHt-PFzkBlpvSUJ78wrVxB17gobR7bvLKuu2-ACKQfYom-S1-PJ8sr4uWFq7j0GoJlrU1x1AWp3XL7Qea6yXsrEbdvIcbHRU5BFoFMKomvVfN2D5IH39CX0oEVcdyg-k5MiNaC13SzB9P1hCCn3ZbXlsV31tQWh8IHsLvsviq3Xzz-XelNnzGmEkm6WF9yrS82ON9eHoDAZbFkLXkrF7A9R0J_R8k-ySTmvAuc1Uv9t_s9MvKT0mjaFG3vCfv55tA4PO2GDx7vpC5iyHf-aXF2yUkncoUQxlMiGfMifunwzkAhrnTyFcaZUhddmPjjCEE7abDb48ZlfJ-fnwIhEatVxKztIMW2XEJl8Mcp8Q0ss-aMXm2qB34ImHJYOp2wGvmqy-kdtpyDiplWTNQvRaXa9kE7esi-l_wE5M8zSbqtzq2AyZd5k7VoA5Jxse80hKpyzotqd73_c2NRn892bVX6N5arpBq4jiuIYBEp9Egeh9UjwAEeMAsOPysOgCLcb7Qyj6HSAXQEGtvX-5R1CkkqXwXjXUg\" target=\"_blank\" rel=\"noreferrer noopener\">Prof. Dr. Rafael Deminice<\/a><\/p>\n\n\n\n<p>Vice-Coordenador: <a href=\"https:\/\/buscatextual.cnpq.br\/buscatextual\/visualizacv.do?id=K4777414D7&amp;tokenCaptchar=03AKH6MREfx7s_nMJeXEdtBl1_Z1mxlr-l7lOs-W5EC85RQF9vUNy7hT5n9cM3zJ9r0iYg461aRqQm8-uL_8cOCZZD8dI-b9U82MU8ykGNKMtX1TcluLULFzSUqo1NLS10zkeNQbzSksrgEhczWryM6UlP0VrdFzRsxtOHRV-FZ9_J4ytp--dTtIK8DRG8GW7Oa7C8vR3O7ruKlvFdCE4Cr0imXFJsUVjlue6K5dGL6G2ts06Z-AsTO1acL5JiucL5o8RWNSKEXO0P7TZ_YJLua8-AQmNUeQo82S1Wjlu1f9RmcQRaS_12tLRvI4rGPHf68O-OD4z3xgtMVVqYY7OE7LtjUXOjnesjHDePbw0AN-wEFoA6UWCnztPS2xrEP14E0Y-e1V_D1rsWoPpONWUXYnfprX8O-pDt-iiQ09eAKbVZPRSIccZEh3ZBvDfV4WNzliRaYcAL9r9Z5xsaW6ckxolBgQK_OVAdWspTXQG3-M-fMTsS5ECXrEc7Rd-CrtHR7yqCP3xqdaUzRkB867b5SIbrCv6a_nzXyQ\" target=\"_blank\" rel=\"noreferrer noopener\">Prof. Dr. Enio Ricardo Vaz Ronque<\/a><\/p>\n\n\n\n<p><\/p>\n\n\n\n<h2 class=\"wp-block-heading\">PROJETOS DE PESQUISA <\/h2>\n\n\n\n<p>Tese: Efeito do Exerc\u00edcio Resistido Remoto e Virtual na Desordem Hipertensiva Gravidica<\/p>\n\n\n\n<p>Orientada: Beatriz Sim\u00f5es Galera<\/p>\n\n\n\n<p>Orientador: Prof. Dr. Crivaldo Gomes Cardoso Junior<\/p>\n","protected":false},"excerpt":{"rendered":"<p>Programa de P\u00f3s-Gradua\u00e7\u00e3o Associado em Educa\u00e7\u00e3o F\u00edsica COORDENA\u00c7\u00c3O Coordenador: Prof. Dr. Rafael Deminice Vice-Coordenador: Prof. Dr. Enio Ricardo Vaz Ronque PROJETOS DE PESQUISA Tese: Efeito do Exerc\u00edcio Resistido Remoto e Virtual na Desordem Hipertensiva Gravidica Orientada: Beatriz Sim\u00f5es Galera Orientador: Prof. Dr. Crivaldo Gomes Cardoso Junior<\/p>\n","protected":false},"author":7,"featured_media":0,"parent":0,"menu_order":0,"comment_status":"closed","ping_status":"closed","template":"","meta":{"_acf_changed":false,"footnotes":""},"class_list":["post-32","page","type-page","status-publish","hentry"],"acf":[],"_links":{"self":[{"href":"https:\/\/sites.uel.br\/cefe\/wp-json\/wp\/v2\/pages\/32","targetHints":{"allow":["GET"]}}],"collection":[{"href":"https:\/\/sites.uel.br\/cefe\/wp-json\/wp\/v2\/pages"}],"about":[{"href":"https:\/\/sites.uel.br\/cefe\/wp-json\/wp\/v2\/types\/page"}],"author":[{"embeddable":true,"href":"https:\/\/sites.uel.br\/cefe\/wp-json\/wp\/v2\/users\/7"}],"replies":[{"embeddable":true,"href":"https:\/\/sites.uel.br\/cefe\/wp-json\/wp\/v2\/comments?post=32"}],"version-history":[{"count":7,"href":"https:\/\/sites.uel.br\/cefe\/wp-json\/wp\/v2\/pages\/32\/revisions"}],"predecessor-version":[{"id":926,"href":"https:\/\/sites.uel.br\/cefe\/wp-json\/wp\/v2\/pages\/32\/revisions\/926"}],"wp:attachment":[{"href":"https:\/\/sites.uel.br\/cefe\/wp-json\/wp\/v2\/media?parent=32"}],"curies":[{"name":"wp","href":"https:\/\/api.w.org\/{rel}","templated":true}]}}