{"id":31,"date":"2021-03-29T14:35:16","date_gmt":"2021-03-29T17:35:16","guid":{"rendered":"https:\/\/sites.uel.br\/cefe\/?page_id=31"},"modified":"2026-03-13T18:14:01","modified_gmt":"2026-03-13T21:14:01","slug":"lato-sensu","status":"publish","type":"page","link":"https:\/\/sites.uel.br\/cefe\/lato-sensu\/","title":{"rendered":"Lato Sensu (Especializa\u00e7\u00e3o)"},"content":{"rendered":"\n<p>Coordenadora P\u00f3s Gradua\u00e7\u00e3o do CEFE: Prof.\u00aa Dr.\u00aa Angela Teixeira Victoria Palma<\/p>\n\n\n\n<p>Suplente: Prof.\u00aa Dr.\u00aa Ana Cl\u00e1udia Saladini<\/p>\n\n\n\n<p>Modalidades de acordo com a Resolu\u00e7\u00e3o CEPE 013\/2021, art.3\u00ba:<\/p>\n\n\n\n<h2 class=\"wp-block-heading\">I. PRESENCIAL<\/h2>\n\n\n\n<p><a href=\"http:\/\/www.uel.br\/projetos\/eae\/portal\/\">GEST\u00c3O NO ESPORTE E LAZER<\/a><\/p>\n\n\n\n<p>Coordenador: Prof. Dr. Lu\u00eds Alberto Garcia Freitas<\/p>\n\n\n\n<p>Contato: lfreitas@uel.br <\/p>\n\n\n\n<p>Obs: N\u00e3o ofertado em 2025<\/p>\n\n\n\n<p><a rel=\"noreferrer noopener\" href=\"http:\/\/www.uel.br\/pos\/edf.ed.basica\/\" target=\"_blank\">Educa\u00e7\u00e3o F\u00edsica na Educa\u00e7\u00e3o B\u00e1sica<\/a><\/p>\n\n\n\n<p>Coordenadora: Prof\u00aa. Dr\u00aa. Carla Cristiane da Silva<\/p>\n\n\n\n<p>Contato: <\/p>\n\n\n\n<p><\/p>\n\n\n\n<p>Treinamento Desportivo <\/p>\n\n\n\n<p>Coordenador: Prof. Dr. H\u00e9lio Serassuelo J\u00fanior <\/p>\n\n\n\n<p>Contato: heliojr@uel.br<\/p>\n\n\n\n<p>Obs: N\u00e3o ofertado em 2023<\/p>\n\n\n\n<p><\/p>\n\n\n\n<p id=\"block-d4c01443-0639-446a-83d4-9d46b923d210\"><a href=\"http:\/\/www.uel.br\/proppg\/portalnovo\/pages\/residencias\/multiprofissional.php\">Resid\u00eancia Multiprofissional em Sa\u00fade da Fam\u00edlia.<\/a><\/p>\n\n\n\n<figure class=\"wp-block-image\" id=\"block-e051a949-9ab9-460c-a82c-29cf251b33ed\"><img decoding=\"async\" src=\"https:\/\/sites.uel.br\/cefe\/wp-content\/uploads\/2023\/05\/RESIDENCIA-MULTIPROFISSIONAL-EM-SAUDE-DA-FAMILIA.png\" alt=\"O atributo alt desta imagem est\u00e1 vazio. O nome do arquivo \u00e9 RESIDENCIA-MULTIPROFISSIONAL-EM-SAUDE-DA-FAMILIA.png\" \/><\/figure>\n\n\n\n<p id=\"block-02e2e5d5-4379-4f01-b94e-6aa2666d1592\">Coordenador Educa\u00e7\u00e3o F\u00edsica: Prof. Dr. F\u00e1bio Luiz Cheche Pina<\/p>\n\n\n\n<p id=\"block-6d79e6b8-a9da-4d58-bb33-4c843dac5993\">Contato: fabiocheche@uel.br<\/p>\n\n\n\n<p id=\"block-67af4b9f-3626-4273-8818-6f4a4277267d\">Resid\u00eancia Multiprofissional em Sa\u00fade da Mulher<\/p>\n\n\n\n<figure class=\"wp-block-image\" id=\"block-0dd3aa93-e58e-4c5b-8f23-eb66c50a0516\"><img decoding=\"async\" src=\"https:\/\/sites.uel.br\/cefe\/wp-content\/uploads\/2023\/05\/RESIDENCIA-MULTIPROFISSIONAL-EM-SAUDE-DA-MULHER.png\" alt=\"O atributo alt desta imagem est\u00e1 vazio. O nome do arquivo \u00e9 RESIDENCIA-MULTIPROFISSIONAL-EM-SAUDE-DA-MULHER.png\" \/><\/figure>\n\n\n\n<p>Coordenador Educa\u00e7\u00e3o F\u00edsica: Prof. Dr. Crivaldo Gomes Cardoso Junior<\/p>\n\n\n\n<p id=\"block-22bda87a-8c69-4941-83c6-d4931595185a\">Contato: crivaldo@uel.br<\/p>\n\n\n\n<p><\/p>\n\n\n\n<h2 class=\"wp-block-heading\">III. A DIST\u00c2NCIA (EAD)<\/h2>\n\n\n\n<h2 class=\"wp-block-heading\"><strong>Educa\u00e7\u00e3o F\u00edsica Inclusiva <\/strong><\/h2>\n\n\n\n<h2 class=\"wp-block-heading\">Edital Sele\u00e7\u00e3o Aluno<\/h2>\n\n\n\n<div data-wp-interactive=\"core\/file\" class=\"wp-block-file\"><object data-wp-bind--hidden=\"!state.hasPdfPreview\" hidden class=\"wp-block-file__embed\" data=\"https:\/\/sites.uel.br\/cefe\/wp-content\/uploads\/2025\/03\/EDITAL_11-2025_-_SELECAO_ALUNO_2025.pdf\" type=\"application\/pdf\" style=\"width:100%;height:600px\" aria-label=\"Incorporado de EDITAL_11-2025_-_SELECAO_ALUNO_2025.\"><\/object><a id=\"wp-block-file--media-2439a3e4-c7fb-43e2-9525-7c2d9cfd417b\" href=\"https:\/\/sites.uel.br\/cefe\/wp-content\/uploads\/2025\/03\/EDITAL_11-2025_-_SELECAO_ALUNO_2025.pdf\">EDITAL_11-2025_-_SELECAO_ALUNO_2025<\/a><a href=\"https:\/\/sites.uel.br\/cefe\/wp-content\/uploads\/2025\/03\/EDITAL_11-2025_-_SELECAO_ALUNO_2025.pdf\" class=\"wp-block-file__button wp-element-button\" download aria-describedby=\"wp-block-file--media-2439a3e4-c7fb-43e2-9525-7c2d9cfd417b\">Baixar<\/a><\/div>\n\n\n\n<h2 class=\"wp-block-heading\">Edital Sele\u00e7\u00e3o Coordenador<\/h2>\n\n\n\n<div data-wp-interactive=\"core\/file\" class=\"wp-block-file\"><object data-wp-bind--hidden=\"!state.hasPdfPreview\" hidden class=\"wp-block-file__embed\" data=\"https:\/\/sites.uel.br\/cefe\/wp-content\/uploads\/2024\/08\/Edital-EAD-FINAL.pdf\" type=\"application\/pdf\" style=\"width:100%;height:600px\" aria-label=\"Incorporado de Edital EAD FINAL.\"><\/object><a id=\"wp-block-file--media-13999494-683e-418d-aff0-7947d0602a6a\" href=\"https:\/\/sites.uel.br\/cefe\/wp-content\/uploads\/2024\/08\/Edital-EAD-FINAL.pdf\">Edital EAD FINAL<\/a><a href=\"https:\/\/sites.uel.br\/cefe\/wp-content\/uploads\/2024\/08\/Edital-EAD-FINAL.pdf\" class=\"wp-block-file__button wp-element-button\" download aria-describedby=\"wp-block-file--media-13999494-683e-418d-aff0-7947d0602a6a\">Baixar<\/a><\/div>\n\n\n\n<div data-wp-interactive=\"core\/file\" class=\"wp-block-file\"><object data-wp-bind--hidden=\"!state.hasPdfPreview\" hidden class=\"wp-block-file__embed\" data=\"https:\/\/sites.uel.br\/cefe\/wp-content\/uploads\/2024\/08\/EDITAL-resultado-preliminar-CORDENADOR.pdf\" type=\"application\/pdf\" style=\"width:100%;height:600px\" aria-label=\"Incorporado de EDITAL resultado preliminar CORDENADOR.\"><\/object><a id=\"wp-block-file--media-8e8573ab-76be-42f1-9cba-6d8cbe56c209\" href=\"https:\/\/sites.uel.br\/cefe\/wp-content\/uploads\/2024\/08\/EDITAL-resultado-preliminar-CORDENADOR.pdf\">EDITAL resultado preliminar CORDENADOR<\/a><a href=\"https:\/\/sites.uel.br\/cefe\/wp-content\/uploads\/2024\/08\/EDITAL-resultado-preliminar-CORDENADOR.pdf\" class=\"wp-block-file__button wp-element-button\" download aria-describedby=\"wp-block-file--media-8e8573ab-76be-42f1-9cba-6d8cbe56c209\">Baixar<\/a><\/div>\n\n\n\n<div data-wp-interactive=\"core\/file\" class=\"wp-block-file\"><object data-wp-bind--hidden=\"!state.hasPdfPreview\" hidden class=\"wp-block-file__embed\" data=\"https:\/\/sites.uel.br\/cefe\/wp-content\/uploads\/2024\/08\/Edital-EAD-1.pdf\" type=\"application\/pdf\" style=\"width:100%;height:600px\" aria-label=\"Incorporado de Edital EAD.\"><\/object><a id=\"wp-block-file--media-83e0c961-fbce-4d6e-bab9-85b2ea727a4b\" href=\"https:\/\/sites.uel.br\/cefe\/wp-content\/uploads\/2024\/08\/Edital-EAD-1.pdf\">Edital EAD<\/a><a href=\"https:\/\/sites.uel.br\/cefe\/wp-content\/uploads\/2024\/08\/Edital-EAD-1.pdf\" class=\"wp-block-file__button wp-element-button\" download aria-describedby=\"wp-block-file--media-83e0c961-fbce-4d6e-bab9-85b2ea727a4b\">Baixar<\/a><\/div>\n\n\n\n<div data-wp-interactive=\"core\/file\" class=\"wp-block-file\"><object data-wp-bind--hidden=\"!state.hasPdfPreview\" hidden class=\"wp-block-file__embed\" data=\"https:\/\/sites.uel.br\/cefe\/wp-content\/uploads\/2024\/07\/2024-EDITAL-COORDENADOR.doc-1.pdf\" type=\"application\/pdf\" style=\"width:100%;height:770px\" aria-label=\"Incorporado de 2024 EDITAL COORDENADOR.doc.\"><\/object><a id=\"wp-block-file--media-c354fa87-b9c7-4ece-a9ae-c78ef38abc72\" href=\"https:\/\/sites.uel.br\/cefe\/wp-content\/uploads\/2024\/07\/2024-EDITAL-COORDENADOR.doc-1.pdf\">2024 EDITAL COORDENADOR.doc<\/a><a href=\"https:\/\/sites.uel.br\/cefe\/wp-content\/uploads\/2024\/07\/2024-EDITAL-COORDENADOR.doc-1.pdf\" class=\"wp-block-file__button wp-element-button\" download aria-describedby=\"wp-block-file--media-c354fa87-b9c7-4ece-a9ae-c78ef38abc72\">Baixar<\/a><\/div>\n\n\n\n<div class=\"wp-block-file\"><a id=\"wp-block-file--media-eeadb3c3-39e9-450a-ac0c-00453624c0e2\" href=\"https:\/\/sites.uel.br\/cefe\/wp-content\/uploads\/2024\/07\/2024-EDITAL-ANEXO-I-1.doc\">2024 EDITAL ANEXO I<\/a><a href=\"https:\/\/sites.uel.br\/cefe\/wp-content\/uploads\/2024\/07\/2024-EDITAL-ANEXO-I-1.doc\" class=\"wp-block-file__button wp-element-button\" download aria-describedby=\"wp-block-file--media-eeadb3c3-39e9-450a-ac0c-00453624c0e2\">Baixar<\/a><\/div>\n\n\n\n<div class=\"wp-block-file\"><a id=\"wp-block-file--media-17b28544-8c7f-4cc2-b9ab-7e5bed244a06\" href=\"https:\/\/sites.uel.br\/cefe\/wp-content\/uploads\/2024\/07\/2024-EDITAL-ANEXO-II-1.docx\">2024 EDITAL ANEXO II<\/a><a href=\"https:\/\/sites.uel.br\/cefe\/wp-content\/uploads\/2024\/07\/2024-EDITAL-ANEXO-II-1.docx\" class=\"wp-block-file__button wp-element-button\" download aria-describedby=\"wp-block-file--media-17b28544-8c7f-4cc2-b9ab-7e5bed244a06\">Baixar<\/a><\/div>\n\n\n\n<h2 class=\"wp-block-heading\">Educa\u00e7\u00e3o F\u00edsica na Educa\u00e7\u00e3o B\u00e1sica<\/h2>\n\n\n\n<p>Edital Sele\u00e7\u00e3o Coordenador<\/p>\n\n\n\n<div data-wp-interactive=\"core\/file\" class=\"wp-block-file\"><object data-wp-bind--hidden=\"!state.hasPdfPreview\" hidden class=\"wp-block-file__embed\" data=\"https:\/\/sites.uel.br\/cefe\/wp-content\/uploads\/2025\/04\/Edital-Ead-final-2.pdf\" type=\"application\/pdf\" style=\"width:100%;height:600px\" aria-label=\"Incorporado de Edital Ead Final EFEB.\"><\/object><a id=\"wp-block-file--media-04a36d30-ce7a-4c0c-a214-5fc4c93ec220\" href=\"https:\/\/sites.uel.br\/cefe\/wp-content\/uploads\/2025\/04\/Edital-Ead-final-2.pdf\">Edital Ead Final EFEB<\/a><a href=\"https:\/\/sites.uel.br\/cefe\/wp-content\/uploads\/2025\/04\/Edital-Ead-final-2.pdf\" class=\"wp-block-file__button wp-element-button\" download aria-describedby=\"wp-block-file--media-04a36d30-ce7a-4c0c-a214-5fc4c93ec220\">Baixar<\/a><\/div>\n\n\n\n<div data-wp-interactive=\"core\/file\" class=\"wp-block-file\"><object data-wp-bind--hidden=\"!state.hasPdfPreview\" hidden class=\"wp-block-file__embed\" data=\"https:\/\/sites.uel.br\/cefe\/wp-content\/uploads\/2025\/04\/Edital-resultado-preliminar.pdf\" type=\"application\/pdf\" style=\"width:100%;height:600px\" aria-label=\"Incorporado de Edital resultado preliminar.\"><\/object><a id=\"wp-block-file--media-ef9e94b7-b849-46d2-beed-7b339bfe481f\" href=\"https:\/\/sites.uel.br\/cefe\/wp-content\/uploads\/2025\/04\/Edital-resultado-preliminar.pdf\">Edital resultado preliminar<\/a><a href=\"https:\/\/sites.uel.br\/cefe\/wp-content\/uploads\/2025\/04\/Edital-resultado-preliminar.pdf\" class=\"wp-block-file__button wp-element-button\" download aria-describedby=\"wp-block-file--media-ef9e94b7-b849-46d2-beed-7b339bfe481f\">Baixar<\/a><\/div>\n\n\n\n<div data-wp-interactive=\"core\/file\" class=\"wp-block-file\"><object data-wp-bind--hidden=\"!state.hasPdfPreview\" hidden class=\"wp-block-file__embed\" data=\"https:\/\/sites.uel.br\/cefe\/wp-content\/uploads\/2025\/04\/Edital-Selecao-Coordenador-EMH.pdf\" type=\"application\/pdf\" style=\"width:100%;height:600px\" aria-label=\"Incorporado de Edital Sele\u00e7\u00e3o Coordenador EFEB.\"><\/object><a id=\"wp-block-file--media-6e50575b-c36f-4392-9650-07400328f477\" href=\"https:\/\/sites.uel.br\/cefe\/wp-content\/uploads\/2025\/04\/Edital-Selecao-Coordenador-EMH.pdf\">Edital Sele\u00e7\u00e3o Coordenador EFEB<\/a><a href=\"https:\/\/sites.uel.br\/cefe\/wp-content\/uploads\/2025\/04\/Edital-Selecao-Coordenador-EMH.pdf\" class=\"wp-block-file__button wp-element-button\" download aria-describedby=\"wp-block-file--media-6e50575b-c36f-4392-9650-07400328f477\">Baixar<\/a><\/div>\n\n\n\n<p>Edital Sele\u00e7\u00e3o Coordenador<\/p>\n\n\n\n<div data-wp-interactive=\"core\/file\" class=\"wp-block-file\"><object data-wp-bind--hidden=\"!state.hasPdfPreview\" hidden class=\"wp-block-file__embed\" data=\"https:\/\/sites.uel.br\/cefe\/wp-content\/uploads\/2024\/07\/2024-edital-Educacao-Fisica-na-Educacao-Basica2.pdf\" type=\"application\/pdf\" style=\"width:100%;height:600px\" aria-label=\"Incorporado de 2024-edital-Educacao-Fisica-na-Educacao-Basica2.\"><\/object><a id=\"wp-block-file--media-3ec7af95-5cc6-4705-bc54-71919bf7c2b8\" href=\"https:\/\/sites.uel.br\/cefe\/wp-content\/uploads\/2024\/07\/2024-edital-Educacao-Fisica-na-Educacao-Basica2.pdf\">2024-edital-Educacao-Fisica-na-Educacao-Basica2<\/a><a href=\"https:\/\/sites.uel.br\/cefe\/wp-content\/uploads\/2024\/07\/2024-edital-Educacao-Fisica-na-Educacao-Basica2.pdf\" class=\"wp-block-file__button wp-element-button\" download aria-describedby=\"wp-block-file--media-3ec7af95-5cc6-4705-bc54-71919bf7c2b8\">Baixar<\/a><\/div>\n\n\n\n<div class=\"wp-block-file\"><a id=\"wp-block-file--media-de8275d5-7f47-4828-bb63-f292696d7e6f\" href=\"https:\/\/sites.uel.br\/cefe\/wp-content\/uploads\/2024\/07\/2024-EDITAL-ANEXO-I.doc\" target=\"_blank\" rel=\"noreferrer noopener\">2024-EDITAL-ANEXO-I<\/a><a href=\"https:\/\/sites.uel.br\/cefe\/wp-content\/uploads\/2024\/07\/2024-EDITAL-ANEXO-I.doc\" class=\"wp-block-file__button wp-element-button\" download aria-describedby=\"wp-block-file--media-de8275d5-7f47-4828-bb63-f292696d7e6f\">Baixar<\/a><\/div>\n\n\n\n<div class=\"wp-block-file\"><a id=\"wp-block-file--media-2c28e299-cd35-45b7-a1c0-f1a7d2131fb9\" href=\"https:\/\/sites.uel.br\/cefe\/wp-content\/uploads\/2024\/07\/2024-EDITAL-ANEXO-II-1.docx\" target=\"_blank\" rel=\"noreferrer noopener\">2024 EDITAL ANEXO II<\/a><a href=\"https:\/\/sites.uel.br\/cefe\/wp-content\/uploads\/2024\/07\/2024-EDITAL-ANEXO-II-1.docx\" class=\"wp-block-file__button wp-element-button\" download aria-describedby=\"wp-block-file--media-2c28e299-cd35-45b7-a1c0-f1a7d2131fb9\">Baixar<\/a><\/div>\n\n\n\n<h2 class=\"wp-block-heading\">Atividade F\u00edsica e Sa\u00fade: Da Aten\u00e7\u00e3o Prim\u00e1ria ao Atendimento Hospitalar<\/h2>\n\n\n\n<div data-wp-interactive=\"core\/file\" class=\"wp-block-file\"><object data-wp-bind--hidden=\"!state.hasPdfPreview\" hidden class=\"wp-block-file__embed\" data=\"https:\/\/sites.uel.br\/cefe\/wp-content\/uploads\/2024\/11\/Edital-CEFE-DEF-n.05-24.pdf\" type=\"application\/pdf\" style=\"width:100%;height:600px\" aria-label=\"Incorporado de Edital CEFE-DEF n.05-24.\"><\/object><a id=\"wp-block-file--media-0e6e29df-d861-4323-8c88-0df64e557751\" href=\"https:\/\/sites.uel.br\/cefe\/wp-content\/uploads\/2024\/11\/Edital-CEFE-DEF-n.05-24.pdf\">Edital CEFE-DEF n.05-24<\/a><a href=\"https:\/\/sites.uel.br\/cefe\/wp-content\/uploads\/2024\/11\/Edital-CEFE-DEF-n.05-24.pdf\" class=\"wp-block-file__button wp-element-button\" download aria-describedby=\"wp-block-file--media-0e6e29df-d861-4323-8c88-0df64e557751\">Baixar<\/a><\/div>\n\n\n\n<div data-wp-interactive=\"core\/file\" class=\"wp-block-file\"><object data-wp-bind--hidden=\"!state.hasPdfPreview\" hidden class=\"wp-block-file__embed\" data=\"https:\/\/sites.uel.br\/cefe\/wp-content\/uploads\/2024\/10\/Edital-CEFE-DEF-n.04-24.pdf\" type=\"application\/pdf\" style=\"width:100%;height:600px\" aria-label=\"Incorporado de Edital CEFE-DEF n.04-24.\"><\/object><a id=\"wp-block-file--media-9d5161a0-3e33-4e55-9330-8106c970230c\" href=\"https:\/\/sites.uel.br\/cefe\/wp-content\/uploads\/2024\/10\/Edital-CEFE-DEF-n.04-24.pdf\">Edital CEFE-DEF n.04-24<\/a><a href=\"https:\/\/sites.uel.br\/cefe\/wp-content\/uploads\/2024\/10\/Edital-CEFE-DEF-n.04-24.pdf\" class=\"wp-block-file__button wp-element-button\" download aria-describedby=\"wp-block-file--media-9d5161a0-3e33-4e55-9330-8106c970230c\">Baixar<\/a><\/div>\n\n\n\n<div data-wp-interactive=\"core\/file\" class=\"wp-block-file\"><object data-wp-bind--hidden=\"!state.hasPdfPreview\" hidden class=\"wp-block-file__embed\" data=\"https:\/\/sites.uel.br\/cefe\/wp-content\/uploads\/2024\/09\/Edital-CEFE-n.03-Assinado.pdf\" type=\"application\/pdf\" style=\"width:100%;height:600px\" aria-label=\"Incorporado de Edital CEFE.\"><\/object><a id=\"wp-block-file--media-5b9c5f7d-f16c-4491-9aac-f989d43d0938\" href=\"https:\/\/sites.uel.br\/cefe\/wp-content\/uploads\/2024\/09\/Edital-CEFE-n.03-Assinado.pdf\">Edital CEFE<\/a><a href=\"https:\/\/sites.uel.br\/cefe\/wp-content\/uploads\/2024\/09\/Edital-CEFE-n.03-Assinado.pdf\" class=\"wp-block-file__button wp-element-button\" download aria-describedby=\"wp-block-file--media-5b9c5f7d-f16c-4491-9aac-f989d43d0938\">Baixar<\/a><\/div>\n\n\n\n<div data-wp-interactive=\"core\/file\" class=\"wp-block-file\"><object data-wp-bind--hidden=\"!state.hasPdfPreview\" hidden class=\"wp-block-file__embed\" data=\"https:\/\/sites.uel.br\/cefe\/wp-content\/uploads\/2024\/09\/Edital-Selecao-Coordenador-CEFE-DEF-0224.pdf\" type=\"application\/pdf\" style=\"width:100%;height:600px\" aria-label=\"Incorporado de Edital Sele\u00e7\u00e3o Coordenador.\"><\/object><a id=\"wp-block-file--media-aeeae38f-1de7-4854-a960-b69362c28ab0\" href=\"https:\/\/sites.uel.br\/cefe\/wp-content\/uploads\/2024\/09\/Edital-Selecao-Coordenador-CEFE-DEF-0224.pdf\">Edital Sele\u00e7\u00e3o Coordenador<\/a><a href=\"https:\/\/sites.uel.br\/cefe\/wp-content\/uploads\/2024\/09\/Edital-Selecao-Coordenador-CEFE-DEF-0224.pdf\" class=\"wp-block-file__button wp-element-button\" download aria-describedby=\"wp-block-file--media-aeeae38f-1de7-4854-a960-b69362c28ab0\">Baixar<\/a><\/div>\n\n\n\n<div data-wp-interactive=\"core\/file\" class=\"wp-block-file\"><object data-wp-bind--hidden=\"!state.hasPdfPreview\" hidden class=\"wp-block-file__embed\" data=\"https:\/\/sites.uel.br\/cefe\/wp-content\/uploads\/2024\/08\/Edital-2024-Atividade-Fisica-e-Saude.pdf\" type=\"application\/pdf\" style=\"width:100%;height:600px\" aria-label=\"Incorporado de Edital 2024 Atividade Fisica e Saude.\"><\/object><a id=\"wp-block-file--media-2ea9cac1-a566-4e44-9c4e-b7c6558cabf5\" href=\"https:\/\/sites.uel.br\/cefe\/wp-content\/uploads\/2024\/08\/Edital-2024-Atividade-Fisica-e-Saude.pdf\">Edital 2024 Atividade Fisica e Saude<\/a><a href=\"https:\/\/sites.uel.br\/cefe\/wp-content\/uploads\/2024\/08\/Edital-2024-Atividade-Fisica-e-Saude.pdf\" class=\"wp-block-file__button wp-element-button\" download aria-describedby=\"wp-block-file--media-2ea9cac1-a566-4e44-9c4e-b7c6558cabf5\">Baixar<\/a><\/div>\n\n\n\n<div class=\"wp-block-file\"><a id=\"wp-block-file--media-8ef35c6e-994f-4505-b8e0-90a507d4d437\" href=\"https:\/\/sites.uel.br\/cefe\/wp-content\/uploads\/2024\/07\/2024-EDITAL-ANEXO-I-1.doc\">2024 EDITAL ANEXO I<\/a><a href=\"https:\/\/sites.uel.br\/cefe\/wp-content\/uploads\/2024\/07\/2024-EDITAL-ANEXO-I-1.doc\" class=\"wp-block-file__button wp-element-button\" download aria-describedby=\"wp-block-file--media-8ef35c6e-994f-4505-b8e0-90a507d4d437\">Baixar<\/a><\/div>\n\n\n\n<div class=\"wp-block-file\"><a id=\"wp-block-file--media-91890aea-8648-4d7b-9c7c-c958e964797c\" href=\"https:\/\/sites.uel.br\/cefe\/wp-content\/uploads\/2024\/07\/2024-EDITAL-ANEXO-II-1.docx\">2024 EDITAL ANEXO II<\/a><a href=\"https:\/\/sites.uel.br\/cefe\/wp-content\/uploads\/2024\/07\/2024-EDITAL-ANEXO-II-1.docx\" class=\"wp-block-file__button wp-element-button\" download aria-describedby=\"wp-block-file--media-91890aea-8648-4d7b-9c7c-c958e964797c\">Baixar<\/a><\/div>\n\n\n\n<h2 class=\"wp-block-heading\">IV. REMOTO S\u00cdNCRONO<\/h2>\n\n\n\n<p><a href=\"http:\/\/www.uel.br\/pos\/treinamentoesportivo\/\" target=\"_blank\" rel=\"noreferrer noopener\">Treinamento Esportivo<\/a><\/p>\n\n\n\n<p>Coordenador: Prof. Dr. H\u00e9lcio Rossi Gon\u00e7alves <\/p>\n\n\n\n<p>Contato: helcio@uel.br<\/p>\n\n\n\n<h2 class=\"wp-block-heading\">V. ATIVIDADE F\u00cdSICA E SA\u00daDE: DA ATEN\u00c7\u00c3O PRIM\u00c1RIA AO ATENDIMENTO HOSPITALAR<\/h2>\n\n\n\n<p>Coordenadora: Karina Elaine de Souza Silva<\/p>\n\n\n\n<p>Contato: karinasilva@uel.br<\/p>\n\n\n\n<h2 class=\"wp-block-heading\">VI. EDUCA\u00c7\u00c3O F\u00cdSICA NA EDUCA\u00c7\u00c3O B\u00c1SICA<\/h2>\n\n\n\n<p>Coordenador: Carla Cristiane da Silva<\/p>\n\n\n\n<p>Contato: ccsilva@uel.br<\/p>\n\n\n\n<p><\/p>\n","protected":false},"excerpt":{"rendered":"<p>Coordenadora P\u00f3s Gradua\u00e7\u00e3o do CEFE: Prof.\u00aa Dr.\u00aa Angela Teixeira Victoria Palma Suplente: Prof.\u00aa Dr.\u00aa Ana Cl\u00e1udia Saladini Modalidades de acordo com a Resolu\u00e7\u00e3o CEPE 013\/2021, art.3\u00ba: I. PRESENCIAL GEST\u00c3O NO ESPORTE E LAZER Coordenador: Prof. Dr. Lu\u00eds Alberto Garcia Freitas Contato: lfreitas@uel.br Obs: N\u00e3o ofertado em 2025 Educa\u00e7\u00e3o F\u00edsica na Educa\u00e7\u00e3o B\u00e1sica Coordenadora: Prof\u00aa. Dr\u00aa. [&hellip;]<\/p>\n","protected":false},"author":7,"featured_media":0,"parent":0,"menu_order":0,"comment_status":"closed","ping_status":"closed","template":"","meta":{"_acf_changed":false,"footnotes":""},"class_list":["post-31","page","type-page","status-publish","hentry"],"acf":[],"_links":{"self":[{"href":"https:\/\/sites.uel.br\/cefe\/wp-json\/wp\/v2\/pages\/31","targetHints":{"allow":["GET"]}}],"collection":[{"href":"https:\/\/sites.uel.br\/cefe\/wp-json\/wp\/v2\/pages"}],"about":[{"href":"https:\/\/sites.uel.br\/cefe\/wp-json\/wp\/v2\/types\/page"}],"author":[{"embeddable":true,"href":"https:\/\/sites.uel.br\/cefe\/wp-json\/wp\/v2\/users\/7"}],"replies":[{"embeddable":true,"href":"https:\/\/sites.uel.br\/cefe\/wp-json\/wp\/v2\/comments?post=31"}],"version-history":[{"count":65,"href":"https:\/\/sites.uel.br\/cefe\/wp-json\/wp\/v2\/pages\/31\/revisions"}],"predecessor-version":[{"id":1933,"href":"https:\/\/sites.uel.br\/cefe\/wp-json\/wp\/v2\/pages\/31\/revisions\/1933"}],"wp:attachment":[{"href":"https:\/\/sites.uel.br\/cefe\/wp-json\/wp\/v2\/media?parent=31"}],"curies":[{"name":"wp","href":"https:\/\/api.w.org\/{rel}","templated":true}]}}