{"id":30,"date":"2021-03-29T14:35:16","date_gmt":"2021-03-29T17:35:16","guid":{"rendered":"https:\/\/sites.uel.br\/cefe\/?page_id=30"},"modified":"2024-03-18T21:19:56","modified_gmt":"2024-03-19T00:19:56","slug":"pos-graduacao","status":"publish","type":"page","link":"https:\/\/sites.uel.br\/cefe\/pos-graduacao\/","title":{"rendered":"P\u00f3s-Gradua\u00e7\u00e3o"},"content":{"rendered":"\n<p>Site do Programa de P\u00f3s-Gradua\u00e7\u00e3o <em>Stricto Sensu<\/em> UEL-UEM: <a href=\"https:\/\/www.uel.br\/pos\/ppgef\/portal\/\" target=\"_blank\" rel=\"noreferrer noopener\">https:\/\/www.uel.br\/pos\/ppgef\/portal\/<\/a><\/p>\n","protected":false},"excerpt":{"rendered":"<p>Site do Programa de P\u00f3s-Gradua\u00e7\u00e3o Stricto Sensu UEL-UEM: https:\/\/www.uel.br\/pos\/ppgef\/portal\/<\/p>\n","protected":false},"author":7,"featured_media":0,"parent":0,"menu_order":0,"comment_status":"closed","ping_status":"closed","template":"","meta":{"_acf_changed":false,"footnotes":""},"class_list":["post-30","page","type-page","status-publish","hentry"],"acf":[],"_links":{"self":[{"href":"https:\/\/sites.uel.br\/cefe\/wp-json\/wp\/v2\/pages\/30","targetHints":{"allow":["GET"]}}],"collection":[{"href":"https:\/\/sites.uel.br\/cefe\/wp-json\/wp\/v2\/pages"}],"about":[{"href":"https:\/\/sites.uel.br\/cefe\/wp-json\/wp\/v2\/types\/page"}],"author":[{"embeddable":true,"href":"https:\/\/sites.uel.br\/cefe\/wp-json\/wp\/v2\/users\/7"}],"replies":[{"embeddable":true,"href":"https:\/\/sites.uel.br\/cefe\/wp-json\/wp\/v2\/comments?post=30"}],"version-history":[{"count":4,"href":"https:\/\/sites.uel.br\/cefe\/wp-json\/wp\/v2\/pages\/30\/revisions"}],"predecessor-version":[{"id":1319,"href":"https:\/\/sites.uel.br\/cefe\/wp-json\/wp\/v2\/pages\/30\/revisions\/1319"}],"wp:attachment":[{"href":"https:\/\/sites.uel.br\/cefe\/wp-json\/wp\/v2\/media?parent=30"}],"curies":[{"name":"wp","href":"https:\/\/api.w.org\/{rel}","templated":true}]}}