{"id":29,"date":"2021-03-29T14:35:16","date_gmt":"2021-03-29T17:35:16","guid":{"rendered":"https:\/\/sites.uel.br\/cefe\/?page_id=29"},"modified":"2026-03-13T18:06:12","modified_gmt":"2026-03-13T21:06:12","slug":"educacao-fisica-bacharelado","status":"publish","type":"page","link":"https:\/\/sites.uel.br\/cefe\/educacao-fisica-bacharelado\/","title":{"rendered":"Educa\u00e7\u00e3o F\u00edsica &#8211; Bacharelado"},"content":{"rendered":"\n<p>Curso implantado em 2003, com \u00faltima oferta no vestibular de 2022, em funcionamento, foco na forma\u00e7\u00e3o para a \u00e1rea n\u00e3o escolar.<\/p>\n\n\n\n<p><strong>Site<\/strong>: <a href=\"http:\/\/graduacao.uel.br\/educacao-fisica\">Educa\u00e7\u00e3o F\u00edsica<\/a><\/p>\n\n\n\n<h2 class=\"wp-block-heading\">COLEGIADO<\/h2>\n\n\n\n<p>Coordenadora: Prof.\u00aa Dr.\u00aa Larissa Bobroff Darios<\/p>\n\n\n\n<p>Vice Coordenadora: Prof.\u00aa Dr.\u00aa Josiane Medina Pspst<\/p>\n\n\n\n<p>Contato: <a href=\"cefeacademico@uel.br\" data-type=\"URL\" data-id=\"cefeacademico@uel.br\">cefeacademico@uel.br<\/a> <\/p>\n\n\n\n<h2 class=\"wp-block-heading\">COORDENA\u00c7\u00c3O DE EST\u00c1GIO<\/h2>\n\n\n\n<p>Coordenadora: Prof.\u00aa Dr.\u00aa M\u00e1rcia Greguol<\/p>\n\n\n\n<p>Vice-Coordenador: Prof\u00aa. Dr\u00aa. M\u00e1rcia Marques Dib<\/p>\n\n\n\n<p><\/p>\n\n\n\n<h2 class=\"wp-block-heading\">COORDENA\u00c7\u00c3O DE TRABALHO DE CONCLUS\u00c3O DE CURSO<\/h2>\n\n\n\n<p>Coordenador: Prof. Dr. Helio Serassuelo Junior<\/p>\n\n\n\n<p>Vice-Coordenadora: Prof.\u00aa Dr.\u00aa Maria F\u00e1tima Glaner<\/p>\n\n\n\n<p><\/p>\n\n\n\n<p>REPRESENTANTE \u00c1REA PRINCIPAL<\/p>\n\n\n\n<p>Prof.\u00aa Dr.\u00aa Patricia Chimin Perandini<\/p>\n\n\n\n<p>Prof.\u00aa Dr.\u00aa Silvia Pavesi Sborquia<\/p>\n\n\n\n<p>Prof. Dr. Wilton Carlos de Santana<\/p>\n\n\n\n<p><\/p>\n\n\n\n<h2 class=\"wp-block-heading\">REPRESENTANTE \u00c1REA B\u00c1SICA<\/h2>\n\n\n\n<p>Prof.\u00aa Dr.\u00aa Ana Maria Pereira<\/p>\n\n\n\n<p>Prof. Dr. Eduardo Carlos Ferreira Tonani<\/p>\n\n\n\n<p><\/p>\n\n\n\n<h2 class=\"wp-block-heading\">REPRESENTANTE DISCENTE<\/h2>\n\n\n\n<p><strong>COORDENADOR DE AEX<\/strong><\/p>\n\n\n\n<p>Prof.\u00aa Dr.\u00aa Morgana Cl\u00e1udia da Silva<\/p>\n","protected":false},"excerpt":{"rendered":"<p>Curso implantado em 2003, com \u00faltima oferta no vestibular de 2022, em funcionamento, foco na forma\u00e7\u00e3o para a \u00e1rea n\u00e3o escolar. Site: Educa\u00e7\u00e3o F\u00edsica COLEGIADO Coordenadora: Prof.\u00aa Dr.\u00aa Larissa Bobroff Darios Vice Coordenadora: Prof.\u00aa Dr.\u00aa Josiane Medina Pspst Contato: cefeacademico@uel.br COORDENA\u00c7\u00c3O DE EST\u00c1GIO Coordenadora: Prof.\u00aa Dr.\u00aa M\u00e1rcia Greguol Vice-Coordenador: Prof\u00aa. Dr\u00aa. M\u00e1rcia Marques Dib COORDENA\u00c7\u00c3O [&hellip;]<\/p>\n","protected":false},"author":7,"featured_media":0,"parent":0,"menu_order":0,"comment_status":"closed","ping_status":"closed","template":"","meta":{"_acf_changed":false,"footnotes":""},"class_list":["post-29","page","type-page","status-publish","hentry"],"acf":[],"_links":{"self":[{"href":"https:\/\/sites.uel.br\/cefe\/wp-json\/wp\/v2\/pages\/29","targetHints":{"allow":["GET"]}}],"collection":[{"href":"https:\/\/sites.uel.br\/cefe\/wp-json\/wp\/v2\/pages"}],"about":[{"href":"https:\/\/sites.uel.br\/cefe\/wp-json\/wp\/v2\/types\/page"}],"author":[{"embeddable":true,"href":"https:\/\/sites.uel.br\/cefe\/wp-json\/wp\/v2\/users\/7"}],"replies":[{"embeddable":true,"href":"https:\/\/sites.uel.br\/cefe\/wp-json\/wp\/v2\/comments?post=29"}],"version-history":[{"count":15,"href":"https:\/\/sites.uel.br\/cefe\/wp-json\/wp\/v2\/pages\/29\/revisions"}],"predecessor-version":[{"id":1931,"href":"https:\/\/sites.uel.br\/cefe\/wp-json\/wp\/v2\/pages\/29\/revisions\/1931"}],"wp:attachment":[{"href":"https:\/\/sites.uel.br\/cefe\/wp-json\/wp\/v2\/media?parent=29"}],"curies":[{"name":"wp","href":"https:\/\/api.w.org\/{rel}","templated":true}]}}