{"id":26,"date":"2021-03-29T14:35:16","date_gmt":"2021-03-29T17:35:16","guid":{"rendered":"https:\/\/sites.uel.br\/cefe\/?page_id=26"},"modified":"2023-04-10T20:55:36","modified_gmt":"2023-04-10T23:55:36","slug":"departamentos","status":"publish","type":"page","link":"https:\/\/sites.uel.br\/cefe\/departamentos\/","title":{"rendered":"Departamentos"},"content":{"rendered":"\n<p><a href=\"https:\/\/sites.uel.br\/cefe\/def-departamento-educacao-fisica\/\" target=\"_blank\" rel=\"noreferrer noopener\">DEF &#8211; Departamento de Educa\u00e7\u00e3o F\u00edsica<\/a><\/p>\n\n\n\n<p><a href=\"https:\/\/sites.uel.br\/cefe\/des-ciencia-dos-esporte\/\" target=\"_blank\" rel=\"noreferrer noopener\">DES &#8211; Departamento de Ci\u00eancia dos Esportes<\/a><\/p>\n\n\n\n<p><a href=\"https:\/\/sites.uel.br\/cefe\/emh-estudo-do-movmento-humano\/\" target=\"_blank\" rel=\"noreferrer noopener\">EMH &#8211; Estudo do Movimento Humano<\/a><\/p>\n","protected":false},"excerpt":{"rendered":"<p>DEF &#8211; Departamento de Educa\u00e7\u00e3o F\u00edsica DES &#8211; Departamento de Ci\u00eancia dos Esportes EMH &#8211; Estudo do Movimento Humano<\/p>\n","protected":false},"author":7,"featured_media":0,"parent":0,"menu_order":0,"comment_status":"closed","ping_status":"closed","template":"","meta":{"_acf_changed":false,"footnotes":""},"class_list":["post-26","page","type-page","status-publish","hentry"],"acf":[],"_links":{"self":[{"href":"https:\/\/sites.uel.br\/cefe\/wp-json\/wp\/v2\/pages\/26","targetHints":{"allow":["GET"]}}],"collection":[{"href":"https:\/\/sites.uel.br\/cefe\/wp-json\/wp\/v2\/pages"}],"about":[{"href":"https:\/\/sites.uel.br\/cefe\/wp-json\/wp\/v2\/types\/page"}],"author":[{"embeddable":true,"href":"https:\/\/sites.uel.br\/cefe\/wp-json\/wp\/v2\/users\/7"}],"replies":[{"embeddable":true,"href":"https:\/\/sites.uel.br\/cefe\/wp-json\/wp\/v2\/comments?post=26"}],"version-history":[{"count":2,"href":"https:\/\/sites.uel.br\/cefe\/wp-json\/wp\/v2\/pages\/26\/revisions"}],"predecessor-version":[{"id":969,"href":"https:\/\/sites.uel.br\/cefe\/wp-json\/wp\/v2\/pages\/26\/revisions\/969"}],"wp:attachment":[{"href":"https:\/\/sites.uel.br\/cefe\/wp-json\/wp\/v2\/media?parent=26"}],"curies":[{"name":"wp","href":"https:\/\/api.w.org\/{rel}","templated":true}]}}