{"id":20,"date":"2021-03-29T14:35:16","date_gmt":"2021-03-29T17:35:16","guid":{"rendered":"https:\/\/sites.uel.br\/cefe\/?page_id=20"},"modified":"2025-06-05T22:55:17","modified_gmt":"2025-06-06T01:55:17","slug":"apresentacao","status":"publish","type":"page","link":"https:\/\/sites.uel.br\/cefe\/apresentacao\/","title":{"rendered":"Apresenta\u00e7\u00e3o"},"content":{"rendered":"\n<p>Conhe\u00e7a o CEFE &#8211; Centro de Educa\u00e7\u00e3o F\u00edsica e Esporte<\/p>\n\n\n\n<figure class=\"wp-block-embed is-type-video is-provider-youtube wp-block-embed-youtube wp-embed-aspect-16-9 wp-has-aspect-ratio\"><div class=\"wp-block-embed__wrapper\">\n<iframe loading=\"lazy\" title=\"Apresenta\u00e7\u00e3o do CEFE  - Centro de Educa\u00e7\u00e3o F\u00edsica e Esporte\" width=\"500\" height=\"281\" src=\"https:\/\/www.youtube.com\/embed\/cI--dxLk87Y?feature=oembed\" frameborder=\"0\" allow=\"accelerometer; autoplay; clipboard-write; encrypted-media; gyroscope; picture-in-picture; web-share\" referrerpolicy=\"strict-origin-when-cross-origin\" allowfullscreen><\/iframe>\n<\/div><\/figure>\n\n\n\n<p>RELAT\u00d3RIO DO CEFE<\/p>\n\n\n\n<p>GEST\u00c3O OUTUBRO\/2022 A 12\/2023<\/p>\n\n\n\n<div data-wp-interactive=\"core\/file\" class=\"wp-block-file\"><object data-wp-bind--hidden=\"!state.hasPdfPreview\" hidden class=\"wp-block-file__embed\" data=\"https:\/\/sites.uel.br\/cefe\/wp-content\/uploads\/2024\/10\/Relatorio-do-periodo-out-2022-a-dez-2023-CEFE-UEL.pdf\" type=\"application\/pdf\" style=\"width:100%;height:600px\" aria-label=\"Incorporado de Relatorio-do-periodo-out-2022-a-dez-2023-CEFE-UEL.\"><\/object><a id=\"wp-block-file--media-b68d37e7-f057-4c38-92b9-ad4958cf8daa\" href=\"https:\/\/sites.uel.br\/cefe\/wp-content\/uploads\/2024\/10\/Relatorio-do-periodo-out-2022-a-dez-2023-CEFE-UEL.pdf\">Relatorio-do-periodo-out-2022-a-dez-2023-CEFE-UEL<\/a><a href=\"https:\/\/sites.uel.br\/cefe\/wp-content\/uploads\/2024\/10\/Relatorio-do-periodo-out-2022-a-dez-2023-CEFE-UEL.pdf\" class=\"wp-block-file__button wp-element-button\" download aria-describedby=\"wp-block-file--media-b68d37e7-f057-4c38-92b9-ad4958cf8daa\">Baixar<\/a><\/div>\n\n\n\n<h2 class=\"wp-block-heading\">ABERTAS AS INCRI\u00c7\u00d5ES DE POS-GRADUA\u00c7\u00c3O EAD &#8220;NEAD&#8221;.<\/h2>\n\n\n\n<figure class=\"wp-block-image size-large\"><img loading=\"lazy\" decoding=\"async\" width=\"1024\" height=\"683\" src=\"https:\/\/sites.uel.br\/cefe\/wp-content\/uploads\/2025\/06\/banner-pos-graduacao--1024x683.jpg\" alt=\"\" class=\"wp-image-1869\" srcset=\"https:\/\/sites.uel.br\/cefe\/wp-content\/uploads\/2025\/06\/banner-pos-graduacao--1024x683.jpg 1024w, https:\/\/sites.uel.br\/cefe\/wp-content\/uploads\/2025\/06\/banner-pos-graduacao--300x200.jpg 300w, https:\/\/sites.uel.br\/cefe\/wp-content\/uploads\/2025\/06\/banner-pos-graduacao--768x512.jpg 768w, https:\/\/sites.uel.br\/cefe\/wp-content\/uploads\/2025\/06\/banner-pos-graduacao-.jpg 1536w\" sizes=\"auto, (max-width: 1024px) 100vw, 1024px\" \/><\/figure>\n\n\n\n<figure class=\"wp-block-embed is-type-wp-embed is-provider-nead wp-block-embed-nead\"><div class=\"wp-block-embed__wrapper\">\n<blockquote class=\"wp-embedded-content\" data-secret=\"ugX1RGDIy5\"><a href=\"https:\/\/sites.uel.br\/nead\/educacao-fisica-inclusiva\/\">Especializa\u00e7\u00e3o em Educa\u00e7\u00e3o F\u00edsica Inclusiva<\/a><\/blockquote><iframe loading=\"lazy\" class=\"wp-embedded-content\" sandbox=\"allow-scripts\" security=\"restricted\" style=\"position: absolute; visibility: hidden;\" title=\"&#8220;Especializa\u00e7\u00e3o em Educa\u00e7\u00e3o F\u00edsica Inclusiva&#8221; &#8212; NEAD\" src=\"https:\/\/sites.uel.br\/nead\/educacao-fisica-inclusiva\/embed\/#?secret=WqIp19UBRD#?secret=ugX1RGDIy5\" data-secret=\"ugX1RGDIy5\" width=\"500\" height=\"282\" frameborder=\"0\" marginwidth=\"0\" marginheight=\"0\" scrolling=\"no\"><\/iframe>\n<\/div><\/figure>\n\n\n\n<figure class=\"wp-block-embed is-type-wp-embed is-provider-nead wp-block-embed-nead\"><div class=\"wp-block-embed__wrapper\">\n<blockquote class=\"wp-embedded-content\" data-secret=\"88gXBIBjfE\"><a href=\"https:\/\/sites.uel.br\/nead\/educacao-fisica-na-educacao-basica\/\">Especializa\u00e7\u00e3o em Educa\u00e7\u00e3o F\u00edsica na Educa\u00e7\u00e3o B\u00e1sica<\/a><\/blockquote><iframe loading=\"lazy\" class=\"wp-embedded-content\" sandbox=\"allow-scripts\" security=\"restricted\" style=\"position: absolute; visibility: hidden;\" title=\"&#8220;Especializa\u00e7\u00e3o em Educa\u00e7\u00e3o F\u00edsica na Educa\u00e7\u00e3o B\u00e1sica&#8221; &#8212; NEAD\" src=\"https:\/\/sites.uel.br\/nead\/educacao-fisica-na-educacao-basica\/embed\/#?secret=GKyxD3jxj5#?secret=88gXBIBjfE\" data-secret=\"88gXBIBjfE\" width=\"500\" height=\"282\" frameborder=\"0\" marginwidth=\"0\" marginheight=\"0\" scrolling=\"no\"><\/iframe>\n<\/div><\/figure>\n\n\n\n<figure class=\"wp-block-embed is-type-wp-embed is-provider-nead wp-block-embed-nead\"><div class=\"wp-block-embed__wrapper\">\n<blockquote class=\"wp-embedded-content\" data-secret=\"kNnD4WQoKW\"><a href=\"https:\/\/sites.uel.br\/nead\/atividade-fisica-e-saude\/\">Especializa\u00e7\u00e3o em Atividade F\u00edsica e Sa\u00fade: da Aten\u00e7\u00e3o Prim\u00e1ria ao Atendimento Hospitalar<\/a><\/blockquote><iframe loading=\"lazy\" class=\"wp-embedded-content\" sandbox=\"allow-scripts\" security=\"restricted\" style=\"position: absolute; visibility: hidden;\" title=\"&#8220;Especializa\u00e7\u00e3o em Atividade F\u00edsica e Sa\u00fade: da Aten\u00e7\u00e3o Prim\u00e1ria ao Atendimento Hospitalar&#8221; &#8212; NEAD\" src=\"https:\/\/sites.uel.br\/nead\/atividade-fisica-e-saude\/embed\/#?secret=oSk5qjauZm#?secret=kNnD4WQoKW\" data-secret=\"kNnD4WQoKW\" width=\"500\" height=\"282\" frameborder=\"0\" marginwidth=\"0\" marginheight=\"0\" scrolling=\"no\"><\/iframe>\n<\/div><\/figure>\n","protected":false},"excerpt":{"rendered":"<p>Conhe\u00e7a o CEFE &#8211; Centro de Educa\u00e7\u00e3o F\u00edsica e Esporte RELAT\u00d3RIO DO CEFE GEST\u00c3O OUTUBRO\/2022 A 12\/2023 ABERTAS AS INCRI\u00c7\u00d5ES DE POS-GRADUA\u00c7\u00c3O EAD &#8220;NEAD&#8221;.<\/p>\n","protected":false},"author":7,"featured_media":0,"parent":0,"menu_order":0,"comment_status":"closed","ping_status":"closed","template":"","meta":{"_acf_changed":false,"footnotes":""},"class_list":["post-20","page","type-page","status-publish","hentry"],"acf":[],"_links":{"self":[{"href":"https:\/\/sites.uel.br\/cefe\/wp-json\/wp\/v2\/pages\/20","targetHints":{"allow":["GET"]}}],"collection":[{"href":"https:\/\/sites.uel.br\/cefe\/wp-json\/wp\/v2\/pages"}],"about":[{"href":"https:\/\/sites.uel.br\/cefe\/wp-json\/wp\/v2\/types\/page"}],"author":[{"embeddable":true,"href":"https:\/\/sites.uel.br\/cefe\/wp-json\/wp\/v2\/users\/7"}],"replies":[{"embeddable":true,"href":"https:\/\/sites.uel.br\/cefe\/wp-json\/wp\/v2\/comments?post=20"}],"version-history":[{"count":15,"href":"https:\/\/sites.uel.br\/cefe\/wp-json\/wp\/v2\/pages\/20\/revisions"}],"predecessor-version":[{"id":1870,"href":"https:\/\/sites.uel.br\/cefe\/wp-json\/wp\/v2\/pages\/20\/revisions\/1870"}],"wp:attachment":[{"href":"https:\/\/sites.uel.br\/cefe\/wp-json\/wp\/v2\/media?parent=20"}],"curies":[{"name":"wp","href":"https:\/\/api.w.org\/{rel}","templated":true}]}}