{"id":1940,"date":"2026-05-06T16:20:49","date_gmt":"2026-05-06T19:20:49","guid":{"rendered":"https:\/\/sites.uel.br\/cefe\/?page_id=1940"},"modified":"2026-05-06T18:09:52","modified_gmt":"2026-05-06T21:09:52","slug":"gesiecom","status":"publish","type":"page","link":"https:\/\/sites.uel.br\/cefe\/gesiecom\/","title":{"rendered":"GESIECOM"},"content":{"rendered":"\n<p><a href=\"https:\/\/dgp.cnpq.br\/dgp\/espelhogrupo\/39443\">Grupo de Estudo sobre inf\u00e2ncia, envelhecimento e comportamento motor<\/a><\/p>\n\n\n\n<p>O GESIECOM &#8211; Grupo de estudos e pesquisas sobre inf\u00e2ncia, envelhecimentos e comportamento motor, \u00e9 coordenado pela professora Juliana Bayeux Dascal, e investiga as possibilidades motoras do indiv\u00edduo ao longo da vida. A partir de uma melhor compreens\u00e3o dessas caracter\u00edsticas, almejamos aprimorar a qualidade de vida do indiv\u00edduo e tamb\u00e9m minimizar poss\u00edveis perdas associadas ao processo de envelhecimento, a partir da pr\u00e1tica regular de atividades motoras. Com a prerrogativa de manuten\u00e7\u00e3o de atividades realizadas ao longo da vida, pretendemos entender o quanto a atividade f\u00edsica pode facilitar esse processo, a fim de que o indiv\u00edduo seja capaz de continuar a realizar as atividades nos quais est\u00e1 habituado e at\u00e9 mesmo consiga superar aquelas nas quais apresentou dificuldades, permitindo que todas as possibilidades motoras sejam exploradas durante o processo vital. A compreens\u00e3o de aspectos motores durante a inf\u00e2ncia, adolesc\u00eancia, idade adulta e velhice, permitir\u00e1 maximizar possibilidades de interve\u00e7\u00e3o e analisar aspectos do controle, desenvolvimento e  aprendizagem motora que facilitar\u00e3o a atividade profissional na Educa\u00e7\u00e3o F\u00edsica.<\/p>\n\n\n\n<p>Instagram: <a href=\"https:\/\/www.instagram.com\/gesiecom_uel?igsh=dTV1bnpnaHF1czJ3\" data-type=\"link\" data-id=\"https:\/\/www.instagram.com\/gesiecom_uel?igsh=dTV1bnpnaHF1czJ3\">@gesiecom_uel<\/a><\/p>\n\n\n\n<p><\/p>\n","protected":false},"excerpt":{"rendered":"<p>Grupo de Estudo sobre inf\u00e2ncia, envelhecimento e comportamento motor O GESIECOM &#8211; Grupo de estudos e pesquisas sobre inf\u00e2ncia, envelhecimentos e comportamento motor, \u00e9 coordenado pela professora Juliana Bayeux Dascal, e investiga as possibilidades motoras do indiv\u00edduo ao longo da vida. A partir de uma melhor compreens\u00e3o dessas caracter\u00edsticas, almejamos aprimorar a qualidade de vida [&hellip;]<\/p>\n","protected":false},"author":13,"featured_media":0,"parent":0,"menu_order":0,"comment_status":"closed","ping_status":"closed","template":"","meta":{"_acf_changed":false,"footnotes":""},"class_list":["post-1940","page","type-page","status-publish","hentry"],"acf":[],"_links":{"self":[{"href":"https:\/\/sites.uel.br\/cefe\/wp-json\/wp\/v2\/pages\/1940","targetHints":{"allow":["GET"]}}],"collection":[{"href":"https:\/\/sites.uel.br\/cefe\/wp-json\/wp\/v2\/pages"}],"about":[{"href":"https:\/\/sites.uel.br\/cefe\/wp-json\/wp\/v2\/types\/page"}],"author":[{"embeddable":true,"href":"https:\/\/sites.uel.br\/cefe\/wp-json\/wp\/v2\/users\/13"}],"replies":[{"embeddable":true,"href":"https:\/\/sites.uel.br\/cefe\/wp-json\/wp\/v2\/comments?post=1940"}],"version-history":[{"count":6,"href":"https:\/\/sites.uel.br\/cefe\/wp-json\/wp\/v2\/pages\/1940\/revisions"}],"predecessor-version":[{"id":1958,"href":"https:\/\/sites.uel.br\/cefe\/wp-json\/wp\/v2\/pages\/1940\/revisions\/1958"}],"wp:attachment":[{"href":"https:\/\/sites.uel.br\/cefe\/wp-json\/wp\/v2\/media?parent=1940"}],"curies":[{"name":"wp","href":"https:\/\/api.w.org\/{rel}","templated":true}]}}