{"id":1704,"date":"2024-12-09T17:55:22","date_gmt":"2024-12-09T20:55:22","guid":{"rendered":"https:\/\/sites.uel.br\/cefe\/?page_id=1704"},"modified":"2024-12-12T14:35:29","modified_gmt":"2024-12-12T17:35:29","slug":"nemo","status":"publish","type":"page","link":"https:\/\/sites.uel.br\/cefe\/nemo\/","title":{"rendered":"NEMO"},"content":{"rendered":"\n<p>Laborat\u00f3rio de Neuroci\u00eancias Motoras<\/p>\n\n\n\n<p><\/p>\n\n\n\n<p><strong>Respons\u00e1vel:<\/strong> Prof. Dr. <a href=\"http:\/\/lattes.cnpq.br\/6001623592355733\">Victor Hugo Alves Okazaki<\/a><br><strong>Localiza\u00e7\u00e3o:<\/strong> Sala 919<\/p>\n\n\n\n<p class=\"has-text-align-left\"><strong>Objetivo:<\/strong> O Laborat\u00f3rio de Neuroci\u00eancias Motoras &#8211; NEMO tem como objetivo a forma\u00e7\u00e3o de recursos humanos (Inicia\u00e7\u00e3o Cient\u00edfica J\u00fanior, Inicia\u00e7\u00e3o Cient\u00edfica, Mestrado, Doutorado e P\u00f3s-Doutorado) para atua\u00e7\u00e3o na \u00e1rea das Neuroci\u00eancias Motoras para o entendimento do Controle Motor. O Laborat\u00f3rio possui como principais linhas de pesquisa o estudo da Estimula\u00e7\u00e3o Transcraniana por Corrente Cont\u00ednua (TDCs), Assimetrias Laterais Corticais e de Desempenho (Lateralidade e Eletroencefalografia), Biomec\u00e2nica e Controle Motor de Habilidades Esportivas (Arremesso de Jump no Basquetebol e P\u00eanalti no Futebol), Controle Postural e Equil\u00edbrio (Plataforma de For\u00e7a, Plataforma de Press\u00e3o e Plataforma de Equil\u00edbrio Din\u00e2mico), Treinamento Perceptivo (Tomada de Decis\u00e3o no P\u00eanalti do Futebol) e Desenvolvimento Tecnol\u00f3gico (Programa\u00e7\u00e3o de Softwares e Desenvolvimento de Hardwares de An\u00e1lise de Desempenho Motor, F\u00edsico e Perceptivo). Os participantes do NEMO receber\u00e3o treinamento para atua\u00e7\u00e3o nas \u00e1reas de Controle Motor, Aprendizagem Motora, Desenvolvimento Motor e Biomec\u00e2nica, al\u00e9m de treinamentos para atuar com equipamentos de Eletromiografia, Eletroencefalografia, Cinemetria, Fotogrametria, TDCs, Eletroestimula\u00e7\u00e3o, Plataforma de For\u00e7a, Plataforma de Press\u00e3o, Plataforma de Equil\u00edbrio Inst\u00e1vel, entre outros equipamentos e softwares desenvolvidos no pr\u00f3prio laborat\u00f3rio.<\/p>\n\n\n\n<p><strong>Contato:<\/strong><\/p>\n\n\n\n<p>Email: <a href=\"mailto:vhaokazaki@gmail.com\" target=\"_blank\" rel=\"noreferrer noopener\">vhaokazaki@gmail.com<\/a><br>Instagram: <a href=\"https:\/\/www.instagram.com\/vhaokazaki\/\">@vhaokazaki<\/a><\/p>\n\n\n\n<p><strong>M\u00eddias Digitais:<\/strong><\/p>\n\n\n\n<p>Youtube: <a href=\"http:\/\/www.youtube.com\/vhaokazaki\" target=\"_blank\" rel=\"noreferrer noopener\">http:\/\/www.youtube.com\/vhaokazaki<\/a><br>Researchgate: <a href=\"http:\/\/www.researchgate.net\/Profile\/Victor-Okazaki\" target=\"_blank\" rel=\"noreferrer noopener\">http:\/\/www.researchgate.net\/Profile\/Victor-Okazaki<\/a><br><\/p>\n","protected":false},"excerpt":{"rendered":"<p>Laborat\u00f3rio de Neuroci\u00eancias Motoras Respons\u00e1vel: Prof. Dr. Victor Hugo Alves OkazakiLocaliza\u00e7\u00e3o: Sala 919 Objetivo: O Laborat\u00f3rio de Neuroci\u00eancias Motoras &#8211; NEMO tem como objetivo a forma\u00e7\u00e3o de recursos humanos (Inicia\u00e7\u00e3o Cient\u00edfica J\u00fanior, Inicia\u00e7\u00e3o Cient\u00edfica, Mestrado, Doutorado e P\u00f3s-Doutorado) para atua\u00e7\u00e3o na \u00e1rea das Neuroci\u00eancias Motoras para o entendimento do Controle Motor. O Laborat\u00f3rio possui como [&hellip;]<\/p>\n","protected":false},"author":13,"featured_media":0,"parent":0,"menu_order":0,"comment_status":"closed","ping_status":"closed","template":"","meta":{"_acf_changed":false,"footnotes":""},"class_list":["post-1704","page","type-page","status-publish","hentry"],"acf":[],"_links":{"self":[{"href":"https:\/\/sites.uel.br\/cefe\/wp-json\/wp\/v2\/pages\/1704","targetHints":{"allow":["GET"]}}],"collection":[{"href":"https:\/\/sites.uel.br\/cefe\/wp-json\/wp\/v2\/pages"}],"about":[{"href":"https:\/\/sites.uel.br\/cefe\/wp-json\/wp\/v2\/types\/page"}],"author":[{"embeddable":true,"href":"https:\/\/sites.uel.br\/cefe\/wp-json\/wp\/v2\/users\/13"}],"replies":[{"embeddable":true,"href":"https:\/\/sites.uel.br\/cefe\/wp-json\/wp\/v2\/comments?post=1704"}],"version-history":[{"count":6,"href":"https:\/\/sites.uel.br\/cefe\/wp-json\/wp\/v2\/pages\/1704\/revisions"}],"predecessor-version":[{"id":1723,"href":"https:\/\/sites.uel.br\/cefe\/wp-json\/wp\/v2\/pages\/1704\/revisions\/1723"}],"wp:attachment":[{"href":"https:\/\/sites.uel.br\/cefe\/wp-json\/wp\/v2\/media?parent=1704"}],"curies":[{"name":"wp","href":"https:\/\/api.w.org\/{rel}","templated":true}]}}