{"id":1267,"date":"2023-12-06T19:16:23","date_gmt":"2023-12-06T22:16:23","guid":{"rendered":"https:\/\/sites.uel.br\/cefe\/?page_id=1267"},"modified":"2023-12-06T19:16:23","modified_gmt":"2023-12-06T22:16:23","slug":"programa-de-formacao-de-estudante-empreendedor-pfee","status":"publish","type":"page","link":"https:\/\/sites.uel.br\/cefe\/programa-de-formacao-de-estudante-empreendedor-pfee\/","title":{"rendered":"Programa de Forma\u00e7\u00e3o de Estudante Empreendedor &#8211; PFEE"},"content":{"rendered":"\n<p>Site oficial: <a href=\"https:\/\/www.uvpr.pr.gov.br\/pfee\/#\" target=\"_blank\" rel=\"noreferrer noopener\">https:\/\/www.uvpr.pr.gov.br\/pfee\/#<\/a><\/p>\n\n\n\n<p>Informa\u00e7\u00f5es do in\u00edcio: <a href=\"https:\/\/operobal.uel.br\/institucional\/2023\/12\/05\/programa-de-formacao-de-estudante-empreendedor-inicia-para-475-bolsistas-da-uel\/\" target=\"_blank\" rel=\"noreferrer noopener\">https:\/\/operobal.uel.br\/institucional\/2023\/12\/05\/programa-de-formacao-de-estudante-empreendedor-inicia-para-475-bolsistas-da-uel\/<\/a><\/p>\n","protected":false},"excerpt":{"rendered":"<p>Site oficial: https:\/\/www.uvpr.pr.gov.br\/pfee\/# Informa\u00e7\u00f5es do in\u00edcio: https:\/\/operobal.uel.br\/institucional\/2023\/12\/05\/programa-de-formacao-de-estudante-empreendedor-inicia-para-475-bolsistas-da-uel\/<\/p>\n","protected":false},"author":13,"featured_media":0,"parent":0,"menu_order":0,"comment_status":"closed","ping_status":"closed","template":"","meta":{"_acf_changed":false,"footnotes":""},"class_list":["post-1267","page","type-page","status-publish","hentry"],"acf":[],"_links":{"self":[{"href":"https:\/\/sites.uel.br\/cefe\/wp-json\/wp\/v2\/pages\/1267","targetHints":{"allow":["GET"]}}],"collection":[{"href":"https:\/\/sites.uel.br\/cefe\/wp-json\/wp\/v2\/pages"}],"about":[{"href":"https:\/\/sites.uel.br\/cefe\/wp-json\/wp\/v2\/types\/page"}],"author":[{"embeddable":true,"href":"https:\/\/sites.uel.br\/cefe\/wp-json\/wp\/v2\/users\/13"}],"replies":[{"embeddable":true,"href":"https:\/\/sites.uel.br\/cefe\/wp-json\/wp\/v2\/comments?post=1267"}],"version-history":[{"count":1,"href":"https:\/\/sites.uel.br\/cefe\/wp-json\/wp\/v2\/pages\/1267\/revisions"}],"predecessor-version":[{"id":1268,"href":"https:\/\/sites.uel.br\/cefe\/wp-json\/wp\/v2\/pages\/1267\/revisions\/1268"}],"wp:attachment":[{"href":"https:\/\/sites.uel.br\/cefe\/wp-json\/wp\/v2\/media?parent=1267"}],"curies":[{"name":"wp","href":"https:\/\/api.w.org\/{rel}","templated":true}]}}