{"id":103,"date":"2021-04-01T12:05:01","date_gmt":"2021-04-01T15:05:01","guid":{"rendered":"https:\/\/sites.uel.br\/cefe\/?page_id=103"},"modified":"2023-03-14T21:32:21","modified_gmt":"2023-03-15T00:32:21","slug":"grupos-de-pesquisa","status":"publish","type":"page","link":"https:\/\/sites.uel.br\/cefe\/grupos-de-pesquisa\/","title":{"rendered":"Grupos de Pesquisa"},"content":{"rendered":"\n<p><a href=\"http:\/\/dgp.cnpq.br\/buscaoperacional\/detalhegrupo.jsp?grupo=0080409ZPC80KK\" target=\"_blank\" rel=\"noreferrer noopener\">Atividade F\u00edsica Relacionada \u00e0 Sa\u00fade<\/a><\/p>\n\n\n\n<p><a href=\"http:\/\/dgp.cnpq.br\/buscaoperacional\/detalhegrupo.jsp?grupo=0080409SCSMPB5\" target=\"_blank\" rel=\"noreferrer noopener\">Ci\u00eancias do Esporte<\/a><\/p>\n\n\n\n<p><a href=\"http:\/\/dgp.cnpq.br\/buscaoperacional\/detalhegrupo.jsp?grupo=0080409Y8JT0A4\" target=\"_blank\" rel=\"noreferrer noopener\">Estudos e Pesquisas em Gin\u00e1stica<\/a><\/p>\n\n\n\n<p><a href=\"http:\/\/dgp.cnpq.br\/buscaoperacional\/detalhegrupo.jsp?grupo=0080409IPZBKS1\">Grupo de Estudos em Atividade F\u00edsica, Sa\u00fade e Qualidade de Vida<\/a><\/p>\n\n\n\n<p><a href=\"http:\/\/dgp.cnpq.br\/buscaoperacional\/detalhegrupo.jsp?grupo=0080409HBLS2DN\" target=\"_blank\" rel=\"noreferrer noopener\">Grupo de Estudo Dimens\u00f5es do Esporte Adaptado<\/a><\/p>\n\n\n\n<p><a href=\"http:\/\/dgp.cnpq.br\/buscaoperacional\/detalhegrupo.jsp?grupo=0080708EOV5GQX\" target=\"_blank\" rel=\"noreferrer noopener\">Grupo de Estudo em Ensino e Aprendizagem na Educa\u00e7\u00e3o F\u00edsica<\/a><\/p>\n\n\n\n<p><a href=\"http:\/\/dgp.cnpq.br\/buscaoperacional\/detalhegrupo.jsp?grupo=0080409HQ2BJS4\" target=\"_blank\" rel=\"noreferrer noopener\">Grupo de Estudo e Pesquisa em Atividade F\u00edsica e Defici\u00eancia<\/a><\/p>\n\n\n\n<p><a href=\"http:\/\/dgp.cnpq.br\/buscaoperacional\/detalhegrupo.jsp?grupo=00804093DKU5FM\" target=\"_blank\" rel=\"noreferrer noopener\">Grupo de&nbsp;Pesquisa Incluir&nbsp;<\/a><\/p>\n\n\n\n<p><a href=\"http:\/\/geafit.wordpress.com\/\" target=\"_blank\" rel=\"noreferrer noopener\">GEAFIT &#8211; Grupo de Estudo das Adapta\u00e7\u00f5es Fisiol\u00f3gicas ao Treinamento<\/a><\/p>\n\n\n\n<p><a href=\"http:\/\/www2.uel.br\/grupo-pesquisa\/geipef\/\" target=\"_blank\" rel=\"noreferrer noopener\">GEIPEF &#8211; Grupo de Estudos sobre Forma\u00e7\u00e3o e Interven\u00e7\u00e3o em Educa\u00e7\u00e3o F\u00edsica<\/a><strong>&nbsp;<\/strong><\/p>\n\n\n\n<p><a href=\"http:\/\/dgp.cnpq.br\/buscaoperacional\/detalhegrupo.jsp?grupo=0080409L2ENV4G\" target=\"_blank\" rel=\"noreferrer noopener\">GEPAFE &#8211; Grupo de Estudo e Pesquisa em Atividade F\u00edsica e Exerc\u00edcio<\/a><\/p>\n\n\n\n<p><a href=\"http:\/\/dgp.cnpq.br\/buscaoperacional\/detalhegrupo.jsp?grupo=0080409RY7JT0A\" target=\"_blank\" rel=\"noreferrer noopener\">GEPAFIS &#8211; Grupos de Estudo e Pesquisa: Atividade F\u00edsica e Sa\u00fade<\/a><\/p>\n\n\n\n<p><a href=\"http:\/\/www2.uel.br\/grupo-pesquisa\/gepedam\/index.htm\" target=\"_blank\" rel=\"noreferrer noopener\">GEPEDAM &#8211; Grupo de Estudos e Pesquisa em Desenvolvimento e Aprendizagem Motora<\/a><\/p>\n\n\n\n<p><a href=\"http:\/\/www2.uel.br\/grupo-pesquisa\/gepemene\/\" target=\"_blank\" rel=\"noreferrer noopener\">GEPEMENE &#8211; Grupo de Estudo e Pesquisa em Metabolismo, Nutri\u00e7\u00e3o e Exerc\u00edcio<\/a><\/p>\n\n\n\n<p><a href=\"http:\/\/dgp.cnpq.br\/buscaoperacional\/detalhegrupo.jsp?grupo=0080409Z6GR18I\" target=\"_blank\" rel=\"noreferrer noopener\">GEPEPE &#8211; Grupo de Estudo e Pesquisa em Pedagogia do Esporte<\/a><\/p>\n\n\n\n<p><a href=\"http:\/\/gepesine.wordpress.com\/\" target=\"_blank\" rel=\"noreferrer noopener\">GEPESINE \u2013 Grupo de Estudos e Pesquisa em Sistema Neuromuscular e Exerc\u00edcio<\/a><\/p>\n\n\n\n<p><a href=\"http:\/\/dgp.cnpq.br\/buscaoperacional\/detalhegrupo.jsp?grupo=00804093XNZ5EA\" target=\"_blank\" rel=\"noreferrer noopener\">GERIS &#8211; Grupo de Estudos sobre Representa\u00e7\u00e3o Social, Imagin\u00e1rio, Mem\u00f3ria e Interven\u00e7\u00e3o Profissional<\/a><\/p>\n\n\n\n<p><a href=\"http:\/\/dgp.cnpq.br\/buscaoperacional\/detalhegrupo.jsp?grupo=0080409BW3OXTQ\">LaPEF &#8211; Laborat\u00f3rio de Pesquisa em Educa\u00e7\u00e3o F\u00edsica<\/a><\/p>\n\n\n\n<p><a href=\"http:\/\/www.uel.br\/grupo-pesquisa\/mhtle\/index.htm\" target=\"_blank\" rel=\"noreferrer noopener\">MHTLE &#8211; Grupo de Estudos e Pesquisas Marxismo, Hist\u00f3ria, Tempo Livre e Educa\u00e7\u00e3o<\/a><\/p>\n\n\n\n<p><a rel=\"noreferrer noopener\" href=\"http:\/\/dgp.cnpq.br\/buscaoperacional\/detalhegrupo.jsp?grupo=00804090U4BLW6\" target=\"_blank\">NEMO &#8211; Neuroci\u00eancias Motoras<\/a><\/p>\n","protected":false},"excerpt":{"rendered":"<p>Atividade F\u00edsica Relacionada \u00e0 Sa\u00fade Ci\u00eancias do Esporte Estudos e Pesquisas em Gin\u00e1stica Grupo de Estudos em Atividade F\u00edsica, Sa\u00fade e Qualidade de Vida Grupo de Estudo Dimens\u00f5es do Esporte Adaptado Grupo de Estudo em Ensino e Aprendizagem na Educa\u00e7\u00e3o F\u00edsica Grupo de Estudo e Pesquisa em Atividade F\u00edsica e Defici\u00eancia Grupo de&nbsp;Pesquisa Incluir&nbsp; GEAFIT [&hellip;]<\/p>\n","protected":false},"author":8,"featured_media":0,"parent":0,"menu_order":0,"comment_status":"closed","ping_status":"closed","template":"","meta":{"_acf_changed":false,"footnotes":""},"class_list":["post-103","page","type-page","status-publish","hentry"],"acf":[],"_links":{"self":[{"href":"https:\/\/sites.uel.br\/cefe\/wp-json\/wp\/v2\/pages\/103","targetHints":{"allow":["GET"]}}],"collection":[{"href":"https:\/\/sites.uel.br\/cefe\/wp-json\/wp\/v2\/pages"}],"about":[{"href":"https:\/\/sites.uel.br\/cefe\/wp-json\/wp\/v2\/types\/page"}],"author":[{"embeddable":true,"href":"https:\/\/sites.uel.br\/cefe\/wp-json\/wp\/v2\/users\/8"}],"replies":[{"embeddable":true,"href":"https:\/\/sites.uel.br\/cefe\/wp-json\/wp\/v2\/comments?post=103"}],"version-history":[{"count":2,"href":"https:\/\/sites.uel.br\/cefe\/wp-json\/wp\/v2\/pages\/103\/revisions"}],"predecessor-version":[{"id":600,"href":"https:\/\/sites.uel.br\/cefe\/wp-json\/wp\/v2\/pages\/103\/revisions\/600"}],"wp:attachment":[{"href":"https:\/\/sites.uel.br\/cefe\/wp-json\/wp\/v2\/media?parent=103"}],"curies":[{"name":"wp","href":"https:\/\/api.w.org\/{rel}","templated":true}]}}