{"id":868,"date":"2021-05-24T10:37:15","date_gmt":"2021-05-24T13:37:15","guid":{"rendered":"https:\/\/sites.uel.br\/ceca\/?page_id=868"},"modified":"2026-02-04T10:47:17","modified_gmt":"2026-02-04T13:47:17","slug":"451-politica-e-gestao-da-educacao","status":"publish","type":"page","link":"https:\/\/sites.uel.br\/ceca\/451-politica-e-gestao-da-educacao\/","title":{"rendered":"451 \u2013 Pol\u00edtica e Gest\u00e3o da Educa\u00e7\u00e3o"},"content":{"rendered":"\n<div style=\"height:100px\" aria-hidden=\"true\" class=\"wp-block-spacer\"><\/div>\n\n\n\n<figure class=\"wp-block-table\"><table class=\"has-fixed-layout\"><tbody><tr><td class=\"has-text-align-center\" data-align=\"center\">Este conte\u00fado foi atualizado em 2026. Para ver as informa\u00e7\u00f5es mais recentes, acesse a nova p\u00e1gina.<br><a href=\"https:\/\/pos.uel.br\/politicaegestao\/\">Especializa\u00e7\u00e3o em Pol\u00edtica e Gest\u00e3o da Educa\u00e7\u00e3o<\/a><\/td><\/tr><\/tbody><\/table><\/figure>\n\n\n\n<div style=\"height:100px\" aria-hidden=\"true\" class=\"wp-block-spacer\"><\/div>\n","protected":false},"excerpt":{"rendered":"<p>Este conte\u00fado foi atualizado em 2026. Para ver as informa\u00e7\u00f5es mais recentes, acesse a nova p\u00e1gina.Especializa\u00e7\u00e3o em Pol\u00edtica e Gest\u00e3o da Educa\u00e7\u00e3o<\/p>\n","protected":false},"author":9,"featured_media":0,"parent":0,"menu_order":0,"comment_status":"closed","ping_status":"closed","template":"","meta":{"_acf_changed":false,"footnotes":""},"class_list":["post-868","page","type-page","status-publish","hentry"],"acf":[],"_links":{"self":[{"href":"https:\/\/sites.uel.br\/ceca\/wp-json\/wp\/v2\/pages\/868","targetHints":{"allow":["GET"]}}],"collection":[{"href":"https:\/\/sites.uel.br\/ceca\/wp-json\/wp\/v2\/pages"}],"about":[{"href":"https:\/\/sites.uel.br\/ceca\/wp-json\/wp\/v2\/types\/page"}],"author":[{"embeddable":true,"href":"https:\/\/sites.uel.br\/ceca\/wp-json\/wp\/v2\/users\/9"}],"replies":[{"embeddable":true,"href":"https:\/\/sites.uel.br\/ceca\/wp-json\/wp\/v2\/comments?post=868"}],"version-history":[{"count":181,"href":"https:\/\/sites.uel.br\/ceca\/wp-json\/wp\/v2\/pages\/868\/revisions"}],"predecessor-version":[{"id":6489,"href":"https:\/\/sites.uel.br\/ceca\/wp-json\/wp\/v2\/pages\/868\/revisions\/6489"}],"wp:attachment":[{"href":"https:\/\/sites.uel.br\/ceca\/wp-json\/wp\/v2\/media?parent=868"}],"curies":[{"name":"wp","href":"https:\/\/api.w.org\/{rel}","templated":true}]}}