{"id":819,"date":"2021-05-21T11:06:42","date_gmt":"2021-05-21T14:06:42","guid":{"rendered":"https:\/\/sites.uel.br\/ceca\/?page_id=819"},"modified":"2026-02-04T14:08:17","modified_gmt":"2026-02-04T17:08:17","slug":"354-design-digital","status":"publish","type":"page","link":"https:\/\/sites.uel.br\/ceca\/354-design-digital\/","title":{"rendered":"354 \u2013 M\u00eddias Digitais: design e comunica\u00e7\u00e3o 1\/2024"},"content":{"rendered":"\n<div style=\"height:100px\" aria-hidden=\"true\" class=\"wp-block-spacer\"><\/div>\n\n\n\n<figure class=\"wp-block-table\"><table class=\"has-fixed-layout\"><tbody><tr><td class=\"has-text-align-center\" data-align=\"center\">Este conte\u00fado foi atualizado em 2026. Para ver as informa\u00e7\u00f5es mais recentes, acesse a nova p\u00e1gina.<br><a href=\"https:\/\/pos.uel.br\/midiasdigitais\/\">Especializa\u00e7\u00e3o em M\u00eddias Digitais<\/a><\/td><\/tr><\/tbody><\/table><\/figure>\n\n\n\n<div style=\"height:100px\" aria-hidden=\"true\" class=\"wp-block-spacer\"><\/div>\n\n\n\n<p><\/p>\n","protected":false},"excerpt":{"rendered":"<p>Este conte\u00fado foi atualizado em 2026. Para ver as informa\u00e7\u00f5es mais recentes, acesse a nova p\u00e1gina.Especializa\u00e7\u00e3o em M\u00eddias Digitais<\/p>\n","protected":false},"author":9,"featured_media":0,"parent":0,"menu_order":0,"comment_status":"closed","ping_status":"closed","template":"","meta":{"_acf_changed":false,"footnotes":""},"class_list":["post-819","page","type-page","status-publish","hentry"],"acf":[],"_links":{"self":[{"href":"https:\/\/sites.uel.br\/ceca\/wp-json\/wp\/v2\/pages\/819","targetHints":{"allow":["GET"]}}],"collection":[{"href":"https:\/\/sites.uel.br\/ceca\/wp-json\/wp\/v2\/pages"}],"about":[{"href":"https:\/\/sites.uel.br\/ceca\/wp-json\/wp\/v2\/types\/page"}],"author":[{"embeddable":true,"href":"https:\/\/sites.uel.br\/ceca\/wp-json\/wp\/v2\/users\/9"}],"replies":[{"embeddable":true,"href":"https:\/\/sites.uel.br\/ceca\/wp-json\/wp\/v2\/comments?post=819"}],"version-history":[{"count":82,"href":"https:\/\/sites.uel.br\/ceca\/wp-json\/wp\/v2\/pages\/819\/revisions"}],"predecessor-version":[{"id":6479,"href":"https:\/\/sites.uel.br\/ceca\/wp-json\/wp\/v2\/pages\/819\/revisions\/6479"}],"wp:attachment":[{"href":"https:\/\/sites.uel.br\/ceca\/wp-json\/wp\/v2\/media?parent=819"}],"curies":[{"name":"wp","href":"https:\/\/api.w.org\/{rel}","templated":true}]}}