{"id":5866,"date":"2026-02-04T09:35:08","date_gmt":"2026-02-04T12:35:08","guid":{"rendered":"https:\/\/sites.uel.br\/ceca\/?page_id=5866"},"modified":"2026-02-04T10:15:04","modified_gmt":"2026-02-04T13:15:04","slug":"440-especializacao-em-direcao-de-arte-design-e-comunicacao-2","status":"publish","type":"page","link":"https:\/\/sites.uel.br\/ceca\/440-especializacao-em-direcao-de-arte-design-e-comunicacao-2\/","title":{"rendered":"440 &#8211; Especializa\u00e7\u00e3o em Dire\u00e7\u00e3o de Arte: Design e Comunica\u00e7\u00e3o"},"content":{"rendered":"\n<div style=\"height:132px\" aria-hidden=\"true\" class=\"wp-block-spacer\"><\/div>\n\n\n\n<figure class=\"wp-block-table is-style-regular\" style=\"font-size:24px\"><table class=\"has-background has-fixed-layout\" style=\"background-color:#ffeb0000\"><tbody><tr><td class=\"has-text-align-center\" data-align=\"center\">Este conte\u00fado foi atualizado em 2026. Para ver as informa\u00e7\u00f5es mais recentes, acesse a nova p\u00e1gina.<br><a href=\"https:\/\/pos.uel.br\/direcao-de-arte\/\">Dire\u00e7\u00e3o de Arte: design e comunica\u00e7\u00e3o 2026<\/a><\/td><\/tr><\/tbody><\/table><\/figure>\n\n\n\n<div style=\"height:132px\" aria-hidden=\"true\" class=\"wp-block-spacer\"><\/div>\n","protected":false},"excerpt":{"rendered":"<p>Este conte\u00fado foi atualizado em 2026. Para ver as informa\u00e7\u00f5es mais recentes, acesse a nova p\u00e1gina.Dire\u00e7\u00e3o de Arte: design e comunica\u00e7\u00e3o 2026<\/p>\n","protected":false},"author":9,"featured_media":0,"parent":0,"menu_order":0,"comment_status":"closed","ping_status":"closed","template":"page-templates\/template-docentes.php","meta":{"_acf_changed":false,"footnotes":""},"class_list":["post-5866","page","type-page","status-publish","hentry"],"acf":[],"_links":{"self":[{"href":"https:\/\/sites.uel.br\/ceca\/wp-json\/wp\/v2\/pages\/5866","targetHints":{"allow":["GET"]}}],"collection":[{"href":"https:\/\/sites.uel.br\/ceca\/wp-json\/wp\/v2\/pages"}],"about":[{"href":"https:\/\/sites.uel.br\/ceca\/wp-json\/wp\/v2\/types\/page"}],"author":[{"embeddable":true,"href":"https:\/\/sites.uel.br\/ceca\/wp-json\/wp\/v2\/users\/9"}],"replies":[{"embeddable":true,"href":"https:\/\/sites.uel.br\/ceca\/wp-json\/wp\/v2\/comments?post=5866"}],"version-history":[{"count":58,"href":"https:\/\/sites.uel.br\/ceca\/wp-json\/wp\/v2\/pages\/5866\/revisions"}],"predecessor-version":[{"id":6468,"href":"https:\/\/sites.uel.br\/ceca\/wp-json\/wp\/v2\/pages\/5866\/revisions\/6468"}],"wp:attachment":[{"href":"https:\/\/sites.uel.br\/ceca\/wp-json\/wp\/v2\/media?parent=5866"}],"curies":[{"name":"wp","href":"https:\/\/api.w.org\/{rel}","templated":true}]}}