{"id":48,"date":"2021-03-29T15:00:28","date_gmt":"2021-03-29T18:00:28","guid":{"rendered":"https:\/\/sites.uel.br\/ceca\/?page_id=48"},"modified":"2025-12-15T14:32:13","modified_gmt":"2025-12-15T17:32:13","slug":"editais-do-ceca","status":"publish","type":"page","link":"https:\/\/sites.uel.br\/ceca\/editais-do-ceca\/","title":{"rendered":"Editais do CECA"},"content":{"rendered":"\n<div style=\"height:41px\" aria-hidden=\"true\" class=\"wp-block-spacer\"><\/div>\n\n\n\n<p><a href=\"https:\/\/sites.uel.br\/ceca\/wp-content\/uploads\/2025\/12\/Resltado-Final-processo-seletivo-para-Coordenador-do-Curso-de-Gestao-Escolar-Modalidade-EAD.pdf\">EDITAL CECA EDU 03\/2025 &#8211; <strong>Resultado do processo seletivo<\/strong> para Coordenador do Curso de Especializa\u00e7\u00e3o em Gest\u00e3o Escolar Modalidade EAD &#8211; UEL\/CAPES-MEC\/UAB<\/a><\/p>\n\n\n\n<div style=\"height:50px\" aria-hidden=\"true\" class=\"wp-block-spacer\"><\/div>\n\n\n\n<p><a href=\"https:\/\/sites.uel.br\/ceca\/wp-content\/uploads\/2025\/11\/edital-homologacao-selecao-de-coordenador-assinado.pdf\">EDITAL CECA EDU 02\/2025 &#8211; <strong>Homologa\u00e7\u00e3o das inscri\u00e7\u00f5es<\/strong> para sele\u00e7\u00e3o de Coordenador do Curso de Especializa\u00e7\u00e3o em Gest\u00e3o Escolar Modalidade EAD &#8211; UEL\/CAPES-MEC\/UAB<\/a><\/p>\n\n\n\n<div style=\"height:50px\" aria-hidden=\"true\" class=\"wp-block-spacer\"><\/div>\n\n\n\n<p><a href=\"https:\/\/sites.uel.br\/ceca\/wp-content\/uploads\/2025\/11\/EDITAL_001_2025__COORDENADOR_DE_CURSO.pdf\">EDITAL CECA EDU 001\/2025 &#8211; <strong>Processo Seletivo para Coordenadoria do Curso de Especializa\u00e7\u00e3o, na modalidade a Dist\u00e2ncia (EaD)<\/strong> &#8211; UEL\/CAPES-MEC\/UAB<\/a><\/p>\n\n\n\n<div style=\"height:50px\" aria-hidden=\"true\" class=\"wp-block-spacer\"><\/div>\n\n\n\n<p><a href=\"https:\/\/sites.uel.br\/ceca\/wp-content\/uploads\/2022\/09\/Edital-No-001-DEFERIMENTO-CHAPAS.pdf\">Edital N\u00b001\/2022 &#8211; Comiss\u00e3o Eleitoral de Centro constitu\u00edda para conduzir o processo eleitoral na escolha de Diretor e Vice-Diretor do <strong>Centro de<\/strong> <strong>Educa\u00e7\u00e3o, Comunica\u00e7\u00e3o e Artes<\/strong><\/a><\/p>\n\n\n\n<div style=\"height:41px\" aria-hidden=\"true\" class=\"wp-block-spacer\"><\/div>\n\n\n\n<p><a href=\"https:\/\/sites.uel.br\/ceca\/wp-content\/uploads\/2022\/09\/Edital-N\u00b002-2022-Eleicao-para-Direcao-e-Vice-Direcao-do-CECA-e-disponibilizacao-de-computador-para-votacao.pdf\">Edital N\u00b002\/2022 <strong>Elei\u00e7\u00e3o<\/strong> para <strong>Dire\u00e7\u00e3o <\/strong>e <strong>Vice Dire\u00e7\u00e3o do CECA,<\/strong> e disponibiliza\u00e7\u00e3o de computador para vota\u00e7\u00e3o<\/a><\/p>\n\n\n\n<div style=\"height:100px\" aria-hidden=\"true\" class=\"wp-block-spacer\"><\/div>\n","protected":false},"excerpt":{"rendered":"<p>EDITAL CECA EDU 03\/2025 &#8211; Resultado do processo seletivo para Coordenador do Curso de Especializa\u00e7\u00e3o em Gest\u00e3o Escolar Modalidade EAD &#8211; UEL\/CAPES-MEC\/UAB EDITAL CECA EDU 02\/2025 &#8211; Homologa\u00e7\u00e3o das inscri\u00e7\u00f5es para sele\u00e7\u00e3o de Coordenador do Curso de Especializa\u00e7\u00e3o em Gest\u00e3o Escolar Modalidade EAD &#8211; UEL\/CAPES-MEC\/UAB EDITAL CECA EDU 001\/2025 &#8211; Processo Seletivo para Coordenadoria do [&hellip;]<\/p>\n","protected":false},"author":7,"featured_media":0,"parent":0,"menu_order":0,"comment_status":"closed","ping_status":"closed","template":"","meta":{"_acf_changed":false,"footnotes":""},"class_list":["post-48","page","type-page","status-publish","hentry"],"acf":[],"_links":{"self":[{"href":"https:\/\/sites.uel.br\/ceca\/wp-json\/wp\/v2\/pages\/48","targetHints":{"allow":["GET"]}}],"collection":[{"href":"https:\/\/sites.uel.br\/ceca\/wp-json\/wp\/v2\/pages"}],"about":[{"href":"https:\/\/sites.uel.br\/ceca\/wp-json\/wp\/v2\/types\/page"}],"author":[{"embeddable":true,"href":"https:\/\/sites.uel.br\/ceca\/wp-json\/wp\/v2\/users\/7"}],"replies":[{"embeddable":true,"href":"https:\/\/sites.uel.br\/ceca\/wp-json\/wp\/v2\/comments?post=48"}],"version-history":[{"count":19,"href":"https:\/\/sites.uel.br\/ceca\/wp-json\/wp\/v2\/pages\/48\/revisions"}],"predecessor-version":[{"id":6446,"href":"https:\/\/sites.uel.br\/ceca\/wp-json\/wp\/v2\/pages\/48\/revisions\/6446"}],"wp:attachment":[{"href":"https:\/\/sites.uel.br\/ceca\/wp-json\/wp\/v2\/media?parent=48"}],"curies":[{"name":"wp","href":"https:\/\/api.w.org\/{rel}","templated":true}]}}