{"id":44,"date":"2021-03-29T15:00:28","date_gmt":"2021-03-29T18:00:28","guid":{"rendered":"https:\/\/sites.uel.br\/ceca\/?page_id=44"},"modified":"2021-04-01T15:38:43","modified_gmt":"2021-04-01T18:38:43","slug":"stricto-sensu","status":"publish","type":"page","link":"https:\/\/sites.uel.br\/ceca\/stricto-sensu\/","title":{"rendered":"Stricto Sensu"},"content":{"rendered":"\n<hr class=\"wp-block-separator has-text-color has-background has-white-background-color has-white-color is-style-dots\"\/>\n\n\n\n<p><strong><span style=\"color:#00753b\" class=\"has-inline-color\">Doutorado<\/span><\/strong><\/p>\n\n\n\n<figure class=\"wp-block-table is-style-stripes\"><table class=\"has-fixed-layout\"><thead><tr><th class=\"has-text-align-left\" data-align=\"left\"><span style=\"color:#00753b\" class=\"has-inline-color\">Site do Curso<\/span><\/th><th class=\"has-text-align-left\" data-align=\"left\"><span style=\"color:#00753b\" class=\"has-inline-color\">Inscreva-se<\/span><\/th><\/tr><\/thead><tbody><tr><td class=\"has-text-align-left\" data-align=\"left\"><a href=\"http:\/\/www.uel.br\/pos\/ppgci\/portal\/pages\/apresentacao.php\" target=\"_blank\" rel=\"noreferrer noopener\"><span style=\"color:#727272\" class=\"has-inline-color\">Ci\u00eancia da Informa\u00e7\u00e3o<\/span><\/a><\/td><td class=\"has-text-align-left\" data-align=\"left\"><a href=\"https:\/\/www.sistemasweb.uel.br\/index.php?contents=system\/inscpos\/index.php&amp;pagina=view\/ListarDadosCurso.php&amp;cd_curso=443&amp;nr_resolucao=43\/2018\" rel=\"nofollow\"><span style=\"color:#727272\" class=\"has-inline-color\">Inscri\u00e7\u00e3o<\/span><\/a><\/td><\/tr><tr><td class=\"has-text-align-left\" data-align=\"left\"><a href=\"http:\/\/www.uel.br\/pos\/ppedu\/\" target=\"_blank\" rel=\"noreferrer noopener\"><span style=\"color:#727272\" class=\"has-inline-color\">Educa\u00e7\u00e3o<\/span><\/a><\/td><td class=\"has-text-align-left\" data-align=\"left\"><a href=\"https:\/\/www.sistemasweb.uel.br\/index.php?contents=system\/inscpos\/index.php&amp;pagina=view\/ListarDadosCurso.php&amp;cd_curso=374&amp;nr_resolucao=62\/2014\"><span style=\"color:#727272\" class=\"has-inline-color\">Inscri\u00e7\u00e3o<\/span><\/a><\/td><\/tr><\/tbody><\/table><\/figure>\n\n\n\n<hr class=\"wp-block-separator has-text-color has-background has-white-background-color has-white-color is-style-dots\"\/>\n\n\n\n<p><span style=\"color:#00753b\" class=\"has-inline-color\"><strong>Mestrado<\/strong><\/span><\/p>\n\n\n\n<figure class=\"wp-block-table is-style-stripes\"><table class=\"has-fixed-layout\"><thead><tr><th class=\"has-text-align-left\" data-align=\"left\"><span style=\"color:#00753b\" class=\"has-inline-color\">Site do Curso<\/span><\/th><th class=\"has-text-align-left\" data-align=\"left\"><span style=\"color:#00753b\" class=\"has-inline-color\">Inscreva-se<\/span><\/th><\/tr><\/thead><tbody><tr><td class=\"has-text-align-left\" data-align=\"left\"><a href=\"http:\/\/www.uel.br\/pos\/ppgci\/portal\/pages\/apresentacao.php\" target=\"_blank\" rel=\"noreferrer noopener\"><span style=\"color:#727272\" class=\"has-inline-color\">Ci\u00eancia da Informa\u00e7\u00e3o<\/span><\/a><\/td><td class=\"has-text-align-left\" data-align=\"left\"><a href=\"https:\/\/www.sistemasweb.uel.br\/index.php?contents=system\/inscpos\/index.php&amp;pagina=view\/ListarDadosCurso.php&amp;cd_curso=337&amp;nr_resolucao=43\/2018\"><span style=\"color:#727272\" class=\"has-inline-color\">Inscri\u00e7\u00e3o<\/span><\/a><\/td><\/tr><tr><td class=\"has-text-align-left\" data-align=\"left\"><a href=\"http:\/\/www.uel.br\/pos\/mestradocomunicacao\/\" target=\"_blank\" rel=\"noreferrer noopener\"><span style=\"color:#727272\" class=\"has-inline-color\">Comunica\u00e7\u00e3o<\/span><\/a><\/td><td class=\"has-text-align-left\" data-align=\"left\"><a href=\"https:\/\/www.sistemasweb.uel.br\/index.php?contents=system\/inscpos\/index.php&amp;pagina=view\/ListarDadosCurso.php&amp;cd_curso=255&amp;nr_resolucao=34\/2018\"><span style=\"color:#727272\" class=\"has-inline-color\">Inscri\u00e7\u00e3o<\/span><\/a><\/td><\/tr><tr><td class=\"has-text-align-left\" data-align=\"left\"><a href=\"http:\/\/www.uel.br\/pos\/ppedu\/\" target=\"_blank\" rel=\"noreferrer noopener\"><span style=\"color:#727272\" class=\"has-inline-color\">Educa\u00e7\u00e3o<\/span><\/a><\/td><td class=\"has-text-align-left\" data-align=\"left\"><a href=\"https:\/\/www.sistemasweb.uel.br\/index.php?contents=system\/inscpos\/index.php&amp;pagina=view\/ListarDadosCurso.php&amp;cd_curso=18&amp;nr_resolucao=62\/2014\"><span style=\"color:#727272\" class=\"has-inline-color\">Inscri\u00e7\u00e3o<\/span><\/a><\/td><\/tr><\/tbody><\/table><\/figure>\n\n\n\n<hr class=\"wp-block-separator has-text-color has-background has-white-background-color has-white-color is-style-dots\"\/>\n\n\n\n<p><span style=\"color:#00753b\" class=\"has-inline-color\"><strong>DOCUMENTOS<\/strong><\/span><\/p>\n\n\n\n<p><a href=\"http:\/\/www.uel.br\/ceca\/spg\/pages\/strictu-sensu\/formularios.php\"><span style=\"color:#727272\" class=\"has-inline-color\">Formul\u00e1rios<\/span><\/a><\/p>\n\n\n\n<p><a href=\"http:\/\/www.uel.br\/ceca\/spg\/pages\/strictu-sensu\/exame-de-qualificacao.php\" target=\"_blank\" rel=\"noreferrer noopener\"><span style=\"color:#727272\" class=\"has-inline-color\">Exame de qualifica\u00e7\u00e3o<\/span><\/a><\/p>\n\n\n\n<p><a href=\"http:\/\/www.uel.br\/ceca\/spg\/pages\/strictu-sensu\/defesa.php\"><span style=\"color:#727272\" class=\"has-inline-color\">Defesa<\/span><\/a><\/p>\n\n\n\n<p><\/p>\n","protected":false},"excerpt":{"rendered":"<p>Doutorado Site do Curso Inscreva-se Ci\u00eancia da Informa\u00e7\u00e3o Inscri\u00e7\u00e3o Educa\u00e7\u00e3o Inscri\u00e7\u00e3o Mestrado Site do Curso Inscreva-se Ci\u00eancia da Informa\u00e7\u00e3o Inscri\u00e7\u00e3o Comunica\u00e7\u00e3o Inscri\u00e7\u00e3o Educa\u00e7\u00e3o Inscri\u00e7\u00e3o DOCUMENTOS Formul\u00e1rios Exame de qualifica\u00e7\u00e3o Defesa<\/p>\n","protected":false},"author":7,"featured_media":0,"parent":0,"menu_order":0,"comment_status":"closed","ping_status":"closed","template":"","meta":{"_acf_changed":false,"footnotes":""},"class_list":["post-44","page","type-page","status-publish","hentry"],"acf":[],"_links":{"self":[{"href":"https:\/\/sites.uel.br\/ceca\/wp-json\/wp\/v2\/pages\/44","targetHints":{"allow":["GET"]}}],"collection":[{"href":"https:\/\/sites.uel.br\/ceca\/wp-json\/wp\/v2\/pages"}],"about":[{"href":"https:\/\/sites.uel.br\/ceca\/wp-json\/wp\/v2\/types\/page"}],"author":[{"embeddable":true,"href":"https:\/\/sites.uel.br\/ceca\/wp-json\/wp\/v2\/users\/7"}],"replies":[{"embeddable":true,"href":"https:\/\/sites.uel.br\/ceca\/wp-json\/wp\/v2\/comments?post=44"}],"version-history":[{"count":3,"href":"https:\/\/sites.uel.br\/ceca\/wp-json\/wp\/v2\/pages\/44\/revisions"}],"predecessor-version":[{"id":230,"href":"https:\/\/sites.uel.br\/ceca\/wp-json\/wp\/v2\/pages\/44\/revisions\/230"}],"wp:attachment":[{"href":"https:\/\/sites.uel.br\/ceca\/wp-json\/wp\/v2\/media?parent=44"}],"curies":[{"name":"wp","href":"https:\/\/api.w.org\/{rel}","templated":true}]}}