{"id":41,"date":"2021-03-29T15:00:28","date_gmt":"2021-03-29T18:00:28","guid":{"rendered":"https:\/\/sites.uel.br\/ceca\/?page_id=41"},"modified":"2025-10-13T15:43:15","modified_gmt":"2025-10-13T18:43:15","slug":"graduacao","status":"publish","type":"page","link":"https:\/\/sites.uel.br\/ceca\/graduacao\/","title":{"rendered":"Gradua\u00e7\u00e3o"},"content":{"rendered":"\n<figure class=\"wp-block-table is-style-stripes\"><table><tbody><tr><td><span style=\"color:#727272\" class=\"has-inline-color\"><a href=\"https:\/\/graduacao.uel.br\/arquivologia\/\">Arquivologia<\/a><\/span><\/td><td><span style=\"color:#727272\" class=\"has-inline-color\"><a href=\"https:\/\/graduacao.uel.br\/artes-cenicas\/\">Artes C\u00eanicas<\/a><\/span><\/td><\/tr><tr><td><span style=\"color:#727272\" class=\"has-inline-color\"><a href=\"https:\/\/graduacao.uel.br\/artes-visuais\/\">Artes Visuais<\/a><\/span><\/td><td><span style=\"color:#727272\" class=\"has-inline-color\"><a href=\"https:\/\/graduacao.uel.br\/biblioteconomia\/\">Biblioteconomia<\/a><\/span><\/td><\/tr><tr><td><span style=\"color:#727272\" class=\"has-inline-color\"><a href=\"https:\/\/graduacao.uel.br\/design-de-moda\/\">Design de Moda<\/a><\/span><\/td><td><span style=\"color:#727272\" class=\"has-inline-color\"><a href=\"https:\/\/graduacao.uel.br\/design-grafico\/\">Design Gr\u00e1fico<\/a><\/span><\/td><\/tr><tr><td><span style=\"color:#727272\" class=\"has-inline-color\"><a href=\"https:\/\/graduacao.uel.br\/jornalismo\/\">Jornalismo<\/a><\/span><\/td><td><span style=\"color:#727272\" class=\"has-inline-color\"><a href=\"https:\/\/graduacao.uel.br\/musica\/\">M\u00fasica<\/a><\/span><\/td><\/tr><tr><td><span style=\"color:#727272\" class=\"has-inline-color\"><a href=\"https:\/\/graduacao.uel.br\/pedagogia\/\">Pedagogia<\/a><\/span><\/td><td><span style=\"color:#727272\" class=\"has-inline-color\"><a href=\"https:\/\/graduacao.uel.br\/relacoes-publicas\/\">Rela\u00e7\u00f5es P\u00fablicas<\/a><\/span><\/td><\/tr><\/tbody><\/table><\/figure>\n\n\n\n<p><\/p>\n","protected":false},"excerpt":{"rendered":"<p>Arquivologia Artes C\u00eanicas Artes Visuais Biblioteconomia Design de Moda Design Gr\u00e1fico Jornalismo M\u00fasica Pedagogia Rela\u00e7\u00f5es P\u00fablicas<\/p>\n","protected":false},"author":7,"featured_media":0,"parent":0,"menu_order":0,"comment_status":"closed","ping_status":"closed","template":"","meta":{"_acf_changed":false,"footnotes":""},"class_list":["post-41","page","type-page","status-publish","hentry"],"acf":[],"_links":{"self":[{"href":"https:\/\/sites.uel.br\/ceca\/wp-json\/wp\/v2\/pages\/41","targetHints":{"allow":["GET"]}}],"collection":[{"href":"https:\/\/sites.uel.br\/ceca\/wp-json\/wp\/v2\/pages"}],"about":[{"href":"https:\/\/sites.uel.br\/ceca\/wp-json\/wp\/v2\/types\/page"}],"author":[{"embeddable":true,"href":"https:\/\/sites.uel.br\/ceca\/wp-json\/wp\/v2\/users\/7"}],"replies":[{"embeddable":true,"href":"https:\/\/sites.uel.br\/ceca\/wp-json\/wp\/v2\/comments?post=41"}],"version-history":[{"count":5,"href":"https:\/\/sites.uel.br\/ceca\/wp-json\/wp\/v2\/pages\/41\/revisions"}],"predecessor-version":[{"id":6398,"href":"https:\/\/sites.uel.br\/ceca\/wp-json\/wp\/v2\/pages\/41\/revisions\/6398"}],"wp:attachment":[{"href":"https:\/\/sites.uel.br\/ceca\/wp-json\/wp\/v2\/media?parent=41"}],"curies":[{"name":"wp","href":"https:\/\/api.w.org\/{rel}","templated":true}]}}