{"id":368,"date":"2021-04-06T09:57:06","date_gmt":"2021-04-06T12:57:06","guid":{"rendered":"https:\/\/sites.uel.br\/ceca\/?page_id=368"},"modified":"2024-11-21T16:45:42","modified_gmt":"2024-11-21T19:45:42","slug":"arquivologia","status":"publish","type":"page","link":"https:\/\/sites.uel.br\/ceca\/arquivologia\/","title":{"rendered":"Arquivologia"},"content":{"rendered":"\n<hr class=\"wp-block-separator has-text-color has-white-color has-css-opacity has-white-background-color has-background is-style-dots\"\/>\n\n\n\n<div style=\"height:60px\" aria-hidden=\"true\" class=\"wp-block-spacer\"><\/div>\n\n\n\n<p class=\"has-text-color\" style=\"color:#00753b\"><strong>Coorden\u00e7\u00e3o<\/strong><\/p>\n\n\n\n<p class=\"has-text-color\" style=\"color:#727272\">Profa. Let\u00edcia Gorri Molina<\/p>\n\n\n\n<div style=\"height:60px\" aria-hidden=\"true\" class=\"wp-block-spacer\"><\/div>\n\n\n\n<p class=\"has-text-color\" style=\"color:#00753b\"><br><strong>Telefone<\/strong><\/p>\n\n\n\n<p class=\"has-text-color\" style=\"color:#727272\">(43) 3371-5836<br><\/p>\n\n\n\n<div style=\"height:60px\" aria-hidden=\"true\" class=\"wp-block-spacer\"><\/div>\n\n\n\n<p class=\"has-text-color\" style=\"color:#00753b\"><strong>E-mail<\/strong><\/p>\n\n\n\n<p class=\"has-text-color\" style=\"color:#00753b\"><a href=\"mailto:colarq@uel.br\">colarq@uel.br<\/a><br><\/p>\n\n\n\n<div style=\"height:60px\" aria-hidden=\"true\" class=\"wp-block-spacer\"><\/div>\n\n\n\n<p class=\"has-text-color\" style=\"color:#00753b\"><strong>Site<\/strong><\/p>\n\n\n\n<p class=\"has-text-color\" style=\"color:#00753b\"><a href=\"http:\/\/graduacao.uel.br\/arquivologia\">Arquivologia<\/a><\/p>\n\n\n\n<div style=\"height:60px\" aria-hidden=\"true\" class=\"wp-block-spacer\"><\/div>\n\n\n\n<p class=\"has-verde-color has-text-color\"><strong><a href=\"https:\/\/sites.uel.br\/ceca\/wp-content\/uploads\/2021\/11\/PEMC_ARQUIVOLOGIA-E-BIBLIOTECONOMIA.pdf\">PLANO ESPECIAL DE MATRIZ CURRICULAR DO CURSO DE ARQUIVOLOGIA (25\/11\/2021)<\/a><\/strong><\/p>\n","protected":false},"excerpt":{"rendered":"<p>Coorden\u00e7\u00e3o Profa. Let\u00edcia Gorri Molina Telefone (43) 3371-5836 E-mail colarq@uel.br Site Arquivologia PLANO ESPECIAL DE MATRIZ CURRICULAR DO CURSO DE ARQUIVOLOGIA (25\/11\/2021)<\/p>\n","protected":false},"author":9,"featured_media":0,"parent":0,"menu_order":0,"comment_status":"closed","ping_status":"closed","template":"","meta":{"_acf_changed":false,"footnotes":""},"class_list":["post-368","page","type-page","status-publish","hentry"],"acf":[],"_links":{"self":[{"href":"https:\/\/sites.uel.br\/ceca\/wp-json\/wp\/v2\/pages\/368","targetHints":{"allow":["GET"]}}],"collection":[{"href":"https:\/\/sites.uel.br\/ceca\/wp-json\/wp\/v2\/pages"}],"about":[{"href":"https:\/\/sites.uel.br\/ceca\/wp-json\/wp\/v2\/types\/page"}],"author":[{"embeddable":true,"href":"https:\/\/sites.uel.br\/ceca\/wp-json\/wp\/v2\/users\/9"}],"replies":[{"embeddable":true,"href":"https:\/\/sites.uel.br\/ceca\/wp-json\/wp\/v2\/comments?post=368"}],"version-history":[{"count":13,"href":"https:\/\/sites.uel.br\/ceca\/wp-json\/wp\/v2\/pages\/368\/revisions"}],"predecessor-version":[{"id":6025,"href":"https:\/\/sites.uel.br\/ceca\/wp-json\/wp\/v2\/pages\/368\/revisions\/6025"}],"wp:attachment":[{"href":"https:\/\/sites.uel.br\/ceca\/wp-json\/wp\/v2\/media?parent=368"}],"curies":[{"name":"wp","href":"https:\/\/api.w.org\/{rel}","templated":true}]}}