{"id":253,"date":"2021-04-05T10:06:50","date_gmt":"2021-04-05T13:06:50","guid":{"rendered":"https:\/\/sites.uel.br\/ceca\/?page_id=253"},"modified":"2026-02-04T10:42:22","modified_gmt":"2026-02-04T13:42:22","slug":"263-ergonomia","status":"publish","type":"page","link":"https:\/\/sites.uel.br\/ceca\/263-ergonomia\/","title":{"rendered":"263 &#8211; Ergonomia"},"content":{"rendered":"\n<div style=\"height:100px\" aria-hidden=\"true\" class=\"wp-block-spacer\"><\/div>\n\n\n\n<figure class=\"wp-block-table\"><table class=\"has-fixed-layout\"><tbody><tr><td class=\"has-text-align-center\" data-align=\"center\">Este conte\u00fado foi atualizado em 2026. Para ver as informa\u00e7\u00f5es mais recentes, acesse a nova p\u00e1gina.<br><a href=\"https:\/\/pos.uel.br\/ergonomia\/\">Especializa\u00e7\u00e3o em Ergonomia<\/a><\/td><\/tr><\/tbody><\/table><\/figure>\n\n\n\n<div style=\"height:100px\" aria-hidden=\"true\" class=\"wp-block-spacer\"><\/div>\n","protected":false},"excerpt":{"rendered":"<p>Este conte\u00fado foi atualizado em 2026. Para ver as informa\u00e7\u00f5es mais recentes, acesse a nova p\u00e1gina.Especializa\u00e7\u00e3o em Ergonomia<\/p>\n","protected":false},"author":9,"featured_media":0,"parent":0,"menu_order":0,"comment_status":"closed","ping_status":"closed","template":"","meta":{"_acf_changed":false,"footnotes":""},"class_list":["post-253","page","type-page","status-publish","hentry"],"acf":[],"_links":{"self":[{"href":"https:\/\/sites.uel.br\/ceca\/wp-json\/wp\/v2\/pages\/253","targetHints":{"allow":["GET"]}}],"collection":[{"href":"https:\/\/sites.uel.br\/ceca\/wp-json\/wp\/v2\/pages"}],"about":[{"href":"https:\/\/sites.uel.br\/ceca\/wp-json\/wp\/v2\/types\/page"}],"author":[{"embeddable":true,"href":"https:\/\/sites.uel.br\/ceca\/wp-json\/wp\/v2\/users\/9"}],"replies":[{"embeddable":true,"href":"https:\/\/sites.uel.br\/ceca\/wp-json\/wp\/v2\/comments?post=253"}],"version-history":[{"count":156,"href":"https:\/\/sites.uel.br\/ceca\/wp-json\/wp\/v2\/pages\/253\/revisions"}],"predecessor-version":[{"id":6484,"href":"https:\/\/sites.uel.br\/ceca\/wp-json\/wp\/v2\/pages\/253\/revisions\/6484"}],"wp:attachment":[{"href":"https:\/\/sites.uel.br\/ceca\/wp-json\/wp\/v2\/media?parent=253"}],"curies":[{"name":"wp","href":"https:\/\/api.w.org\/{rel}","templated":true}]}}