{"id":207,"date":"2021-04-01T15:15:46","date_gmt":"2021-04-01T18:15:46","guid":{"rendered":"https:\/\/sites.uel.br\/ceca\/?page_id=207"},"modified":"2024-11-22T09:20:00","modified_gmt":"2024-11-22T12:20:00","slug":"relacoes-publicas","status":"publish","type":"page","link":"https:\/\/sites.uel.br\/ceca\/relacoes-publicas\/","title":{"rendered":"Rela\u00e7\u00f5es P\u00fablicas"},"content":{"rendered":"\n<div style=\"height:44px\" aria-hidden=\"true\" class=\"wp-block-spacer\"><\/div>\n\n\n\n<p class=\"has-text-color\" style=\"color:#00753b\"><strong>Coordena\u00e7\u00e3o<\/strong><\/p>\n\n\n\n<p class=\"has-text-color\" style=\"color:#727272\">Profa. Desire Blum Menezes Torres <\/p>\n\n\n\n<div style=\"height:60px\" aria-hidden=\"true\" class=\"wp-block-spacer\"><\/div>\n\n\n\n<p class=\"has-text-color\" style=\"color:#00753b\"><strong>Secret\u00e1ria<\/strong><\/p>\n\n\n\n<p class=\"has-text-color\" style=\"color:#727272\">Ana Paula da Silva<\/p>\n\n\n\n<div style=\"height:60px\" aria-hidden=\"true\" class=\"wp-block-spacer\"><\/div>\n\n\n\n<p class=\"has-text-color\" style=\"color:#00753b\"><strong>Telefone<\/strong><\/p>\n\n\n\n<p class=\"has-text-color\" style=\"color:#727272\">(43) 3371-4358<\/p>\n\n\n\n<div style=\"height:60px\" aria-hidden=\"true\" class=\"wp-block-spacer\"><\/div>\n\n\n\n<p class=\"has-text-color\" style=\"color:#00753b\"><strong>E-mail<\/strong><\/p>\n\n\n\n<p class=\"has-text-color\" style=\"color:#00753b\"><a href=\"mailto:rpublicas@uel.br\">rpublicas@uel.br<\/a><\/p>\n\n\n\n<div style=\"height:60px\" aria-hidden=\"true\" class=\"wp-block-spacer\"><\/div>\n\n\n\n<p class=\"has-text-color\" style=\"color:#00753b\"><strong>Site<\/strong><\/p>\n\n\n\n<p class=\"has-text-color\" style=\"color:#00753b\"><a href=\"http:\/\/graduacao.uel.br\/relacoes-publicas\">Rela\u00e7\u00f5es P\u00fablicas<\/a><\/p>\n\n\n\n<div style=\"height:60px\" aria-hidden=\"true\" class=\"wp-block-spacer\"><\/div>\n\n\n\n<p class=\"has-text-color\" style=\"color:#00753b\"><strong><a href=\"https:\/\/sites.uel.br\/ceca\/wp-content\/uploads\/2021\/11\/PEMC_RELACOES-PUBLICAS.pdf\">PLANO ESPECIAL DE MATRIZ CURRICULAR DO CURSO DE RELA\u00c7\u00d5ES P\u00daBLICAS (25\/11\/2021)<\/a><\/strong><\/p>\n","protected":false},"excerpt":{"rendered":"<p>Coordena\u00e7\u00e3o Profa. Desire Blum Menezes Torres Secret\u00e1ria Ana Paula da Silva Telefone (43) 3371-4358 E-mail rpublicas@uel.br Site Rela\u00e7\u00f5es P\u00fablicas PLANO ESPECIAL DE MATRIZ CURRICULAR DO CURSO DE RELA\u00c7\u00d5ES P\u00daBLICAS (25\/11\/2021)<\/p>\n","protected":false},"author":9,"featured_media":0,"parent":0,"menu_order":0,"comment_status":"closed","ping_status":"closed","template":"","meta":{"_acf_changed":false,"footnotes":""},"class_list":["post-207","page","type-page","status-publish","hentry"],"acf":[],"_links":{"self":[{"href":"https:\/\/sites.uel.br\/ceca\/wp-json\/wp\/v2\/pages\/207","targetHints":{"allow":["GET"]}}],"collection":[{"href":"https:\/\/sites.uel.br\/ceca\/wp-json\/wp\/v2\/pages"}],"about":[{"href":"https:\/\/sites.uel.br\/ceca\/wp-json\/wp\/v2\/types\/page"}],"author":[{"embeddable":true,"href":"https:\/\/sites.uel.br\/ceca\/wp-json\/wp\/v2\/users\/9"}],"replies":[{"embeddable":true,"href":"https:\/\/sites.uel.br\/ceca\/wp-json\/wp\/v2\/comments?post=207"}],"version-history":[{"count":10,"href":"https:\/\/sites.uel.br\/ceca\/wp-json\/wp\/v2\/pages\/207\/revisions"}],"predecessor-version":[{"id":6041,"href":"https:\/\/sites.uel.br\/ceca\/wp-json\/wp\/v2\/pages\/207\/revisions\/6041"}],"wp:attachment":[{"href":"https:\/\/sites.uel.br\/ceca\/wp-json\/wp\/v2\/media?parent=207"}],"curies":[{"name":"wp","href":"https:\/\/api.w.org\/{rel}","templated":true}]}}