{"id":19,"date":"2021-03-29T14:52:49","date_gmt":"2021-03-29T17:52:49","guid":{"rendered":"https:\/\/sites.uel.br\/ceca\/?page_id=19"},"modified":"2023-12-13T16:18:06","modified_gmt":"2023-12-13T19:18:06","slug":"departamentos","status":"publish","type":"page","link":"https:\/\/sites.uel.br\/ceca\/departamentos\/","title":{"rendered":"Departamentos"},"content":{"rendered":"\n<hr class=\"wp-block-separator has-text-color has-white-color has-css-opacity has-white-background-color has-background is-style-dots\" \/>\n\n\n\n<p><a href=\"https:\/\/www.uel.br\/ceca\/educacaoartistica\/\" data-type=\"URL\" data-id=\"https:\/\/sites.uel.br\/ceca\/arte-visual\/\" target=\"_blank\" rel=\"noreferrer noopener\"><span style=\"color:#727272\" class=\"has-inline-color\">Arte Visua<\/span><\/a>l<\/p>\n\n\n\n<p><span style=\"color:#727272\" class=\"has-inline-color\"><a href=\"https:\/\/www.uel.br\/ceca\/cin\/\" target=\"_blank\" rel=\"noreferrer noopener\">Ci\u00eancia da Informa\u00e7\u00e3o<\/a><\/span><\/p>\n\n\n\n<p><a href=\"https:\/\/www.uel.br\/ceca\/jornalismo\/\" target=\"_blank\" rel=\"noreferrer noopener\"><span style=\"color:#727272\" class=\"has-inline-color\">Comunica\u00e7\u00e3o<\/span><\/a><\/p>\n\n\n\n<p><span style=\"color:#727272\" class=\"has-inline-color\"><a href=\"https:\/\/designuel.wixsite.com\/designuel\">Design<\/a><\/span><\/p>\n\n\n\n<p><a href=\"https:\/\/www.uel.br\/ceca\/pedagogia\/\" target=\"_blank\" rel=\"noreferrer noopener\"><span style=\"color:#727272\" class=\"has-inline-color\">Educa\u00e7\u00e3o<\/span><\/a><\/p>\n\n\n\n<p><a href=\"https:\/\/www.uel.br\/ceca\/artescenicas\/\" target=\"_blank\" rel=\"noreferrer noopener\"><span style=\"color:#727272\" class=\"has-inline-color\">M\u00fasica e Teatro<\/span><\/a><\/p>\n","protected":false},"excerpt":{"rendered":"<p>Arte Visual Ci\u00eancia da Informa\u00e7\u00e3o Comunica\u00e7\u00e3o Design Educa\u00e7\u00e3o M\u00fasica e Teatro<\/p>\n","protected":false},"author":7,"featured_media":0,"parent":0,"menu_order":0,"comment_status":"closed","ping_status":"closed","template":"","meta":{"_acf_changed":false,"footnotes":""},"class_list":["post-19","page","type-page","status-publish","hentry"],"acf":[],"_links":{"self":[{"href":"https:\/\/sites.uel.br\/ceca\/wp-json\/wp\/v2\/pages\/19","targetHints":{"allow":["GET"]}}],"collection":[{"href":"https:\/\/sites.uel.br\/ceca\/wp-json\/wp\/v2\/pages"}],"about":[{"href":"https:\/\/sites.uel.br\/ceca\/wp-json\/wp\/v2\/types\/page"}],"author":[{"embeddable":true,"href":"https:\/\/sites.uel.br\/ceca\/wp-json\/wp\/v2\/users\/7"}],"replies":[{"embeddable":true,"href":"https:\/\/sites.uel.br\/ceca\/wp-json\/wp\/v2\/comments?post=19"}],"version-history":[{"count":15,"href":"https:\/\/sites.uel.br\/ceca\/wp-json\/wp\/v2\/pages\/19\/revisions"}],"predecessor-version":[{"id":5304,"href":"https:\/\/sites.uel.br\/ceca\/wp-json\/wp\/v2\/pages\/19\/revisions\/5304"}],"wp:attachment":[{"href":"https:\/\/sites.uel.br\/ceca\/wp-json\/wp\/v2\/media?parent=19"}],"curies":[{"name":"wp","href":"https:\/\/api.w.org\/{rel}","templated":true}]}}