{"id":182,"date":"2021-04-01T14:35:56","date_gmt":"2021-04-01T17:35:56","guid":{"rendered":"https:\/\/sites.uel.br\/ceca\/?page_id=182"},"modified":"2024-11-21T16:47:10","modified_gmt":"2024-11-21T19:47:10","slug":"artes-cenicas","status":"publish","type":"page","link":"https:\/\/sites.uel.br\/ceca\/artes-cenicas\/","title":{"rendered":"Artes C\u00eanicas"},"content":{"rendered":"\n<div style=\"height:60px\" aria-hidden=\"true\" class=\"wp-block-spacer\"><\/div>\n\n\n\n<p><strong><span style=\"color:#00753b\" class=\"has-inline-color\">Coordena\u00e7\u00e3o<\/span><\/strong><\/p>\n\n\n\n<p><span style=\"color:#727272\" class=\"has-inline-color\">Profa. Sandra Parra Furlanete<\/span> <\/p>\n\n\n\n<div style=\"height:60px\" aria-hidden=\"true\" class=\"wp-block-spacer\"><\/div>\n\n\n\n<p><strong><span style=\"color:#00753b\" class=\"has-inline-color\">Secret\u00e1ria<\/span><\/strong><\/p>\n\n\n\n<p><span style=\"color:#727272\" class=\"has-inline-color\">S\u00edlvia Maria Rodrigues<\/span><\/p>\n\n\n\n<div style=\"height:60px\" aria-hidden=\"true\" class=\"wp-block-spacer\"><\/div>\n\n\n\n<p><strong><span style=\"color:#00753b\" class=\"has-inline-color\">Telefone<\/span><\/strong><\/p>\n\n\n\n<p><span style=\"color:#727272\" class=\"has-inline-color\">(43) 3371-5832<\/span><\/p>\n\n\n\n<div style=\"height:60px\" aria-hidden=\"true\" class=\"wp-block-spacer\"><\/div>\n\n\n\n<p><strong><span style=\"color:#00753b\" class=\"has-inline-color\">Site<\/span><\/strong><\/p>\n\n\n\n<p><a href=\"http:\/\/graduacao.uel.br\/artes-cenicas\">Artes C\u00eanicas<\/a><\/p>\n\n\n\n<div style=\"height:60px\" aria-hidden=\"true\" class=\"wp-block-spacer\"><\/div>\n\n\n\n<p class=\"has-text-color\" style=\"color:#00753b\"><a href=\"https:\/\/sites.uel.br\/ceca\/wp-content\/uploads\/2021\/11\/PEMC-ARTES-CENICAS.pdf\"><strong>PLANO ESPECIAL DE MATRIZ CURRICULAR 2021_ARTES CENICAS<\/strong> <strong>(25\/11\/2021)<\/strong><\/a><\/p>\n","protected":false},"excerpt":{"rendered":"<p>Coordena\u00e7\u00e3o Profa. Sandra Parra Furlanete Secret\u00e1ria S\u00edlvia Maria Rodrigues Telefone (43) 3371-5832 Site Artes C\u00eanicas PLANO ESPECIAL DE MATRIZ CURRICULAR 2021_ARTES CENICAS (25\/11\/2021)<\/p>\n","protected":false},"author":9,"featured_media":0,"parent":0,"menu_order":0,"comment_status":"closed","ping_status":"closed","template":"","meta":{"_acf_changed":false,"footnotes":""},"class_list":["post-182","page","type-page","status-publish","hentry"],"acf":[],"_links":{"self":[{"href":"https:\/\/sites.uel.br\/ceca\/wp-json\/wp\/v2\/pages\/182","targetHints":{"allow":["GET"]}}],"collection":[{"href":"https:\/\/sites.uel.br\/ceca\/wp-json\/wp\/v2\/pages"}],"about":[{"href":"https:\/\/sites.uel.br\/ceca\/wp-json\/wp\/v2\/types\/page"}],"author":[{"embeddable":true,"href":"https:\/\/sites.uel.br\/ceca\/wp-json\/wp\/v2\/users\/9"}],"replies":[{"embeddable":true,"href":"https:\/\/sites.uel.br\/ceca\/wp-json\/wp\/v2\/comments?post=182"}],"version-history":[{"count":9,"href":"https:\/\/sites.uel.br\/ceca\/wp-json\/wp\/v2\/pages\/182\/revisions"}],"predecessor-version":[{"id":6026,"href":"https:\/\/sites.uel.br\/ceca\/wp-json\/wp\/v2\/pages\/182\/revisions\/6026"}],"wp:attachment":[{"href":"https:\/\/sites.uel.br\/ceca\/wp-json\/wp\/v2\/media?parent=182"}],"curies":[{"name":"wp","href":"https:\/\/api.w.org\/{rel}","templated":true}]}}