{"id":18,"date":"2021-03-29T14:52:49","date_gmt":"2021-03-29T17:52:49","guid":{"rendered":"https:\/\/sites.uel.br\/ceca\/?page_id=18"},"modified":"2022-03-16T15:47:47","modified_gmt":"2022-03-16T18:47:47","slug":"representacao-do-ceca","status":"publish","type":"page","link":"https:\/\/sites.uel.br\/ceca\/representacao-do-ceca\/","title":{"rendered":"Representa\u00e7\u00e3o do CECA"},"content":{"rendered":"\n<hr class=\"wp-block-separator has-text-color has-background has-white-background-color has-white-color is-style-dots\"\/>\n\n\n\n<hr class=\"wp-block-separator has-text-color has-background has-white-background-color has-white-color is-style-dots\"\/>\n\n\n\n<p><mark style=\"background-color:rgba(0, 0, 0, 0);color:#00753b\" class=\"has-inline-color\"><strong>Coordenador da Comiss\u00e3o de Extens\u00e3o do Centro<\/strong> <\/mark><\/p>\n\n\n\n<p>Benjamin Luiz Franklin<\/p>\n\n\n\n<hr class=\"wp-block-separator has-text-color has-background has-white-background-color has-white-color is-style-dots\"\/>\n\n\n\n<p><mark style=\"background-color:rgba(0, 0, 0, 0);color:#00753b\" class=\"has-inline-color\"><strong>Membros do Comit\u00ea Assessor PROIC \u2013 \u00c1rea de Ci\u00eancias Humanas<\/strong> <\/mark><\/p>\n\n\n\n<hr class=\"wp-block-separator has-text-color has-background has-white-background-color has-white-color is-style-dots\"\/>\n\n\n\n<p><strong><span style=\"color:#00753b\" class=\"has-inline-color\">Membro do Comit\u00ea de \u00c9tica em Pesquisa Envolvendo Seres Humanos<\/span><\/strong><\/p>\n\n\n\n<p> <\/p>\n\n\n\n<hr class=\"wp-block-separator has-text-color has-background has-white-background-color has-white-color is-style-dots\"\/>\n\n\n\n<p><strong><span style=\"color:#00753b\" class=\"has-inline-color\">Representante do CECA do Colegiado dos Programas de P\u00f3s-gradua\u00e7\u00e3o Stricto Sensu<\/span><\/strong> <\/p>\n\n\n\n<p><\/p>\n\n\n\n<hr class=\"wp-block-separator has-text-color has-background has-white-background-color has-white-color is-style-dots\"\/>\n\n\n\n<p><mark style=\"background-color:rgba(0, 0, 0, 0);color:#00753b\" class=\"has-inline-color\"><strong>Representante do CECA do Colegiado dos Programas de P\u00f3s-gradua\u00e7\u00e3o Lato Sensu<\/strong> <\/mark><\/p>\n\n\n\n<p><\/p>\n\n\n\n<hr class=\"wp-block-separator has-text-color has-background has-white-background-color has-white-color is-style-dots\"\/>\n\n\n\n<p><mark style=\"background-color:rgba(0, 0, 0, 0);color:#00753b\" class=\"has-inline-color\"><strong>Representa\u00e7\u00e3o do CECA do Colegiado dos Programas de P\u00f3s-Gradua\u00e7\u00e3o Lato Sensu \u2013 C\u00e2mara de P\u00f3s-Gradua\u00e7\u00e3o<\/strong> <\/mark><\/p>\n\n\n\n<p><\/p>\n\n\n\n<hr class=\"wp-block-separator has-text-color has-background has-white-background-color has-white-color is-style-dots\"\/>\n\n\n\n<p><mark style=\"background-color:rgba(0, 0, 0, 0);color:#00753b\" class=\"has-inline-color\"><strong>Representante do CECA junto \u00e0 CPCD \u2013 Comiss\u00e3o Permanente de Capacita\u00e7\u00e3o Docente<\/strong> <\/mark><\/p>\n\n\n\n<p>  Soraia Chafic El Kfouri Salerno<\/p>\n\n\n\n<hr class=\"wp-block-separator has-text-color has-background has-white-background-color has-white-color is-style-dots\"\/>\n\n\n\n<p><mark style=\"background-color:rgba(0, 0, 0, 0);color:#00753b\" class=\"has-inline-color\"><strong>Coordenador da Comiss\u00e3o de Pesquisa do Centro<\/strong> <\/mark><\/p>\n\n\n\n<p>Fabio Parra Furlanete<\/p>\n\n\n\n<hr class=\"wp-block-separator has-text-color has-background has-white-background-color has-white-color is-style-dots\"\/>\n\n\n\n<p><mark style=\"background-color:rgba(0, 0, 0, 0);color:#00753b\" class=\"has-inline-color\"><strong>Coordenadora do Comit\u00ea Editorial da Revista Semina \u2013 Ci\u00eancias Sociais Aplicadas<\/strong> <\/mark><\/p>\n\n\n\n<p><\/p>\n\n\n\n<hr class=\"wp-block-separator has-text-color has-background has-white-background-color has-white-color is-style-dots\"\/>\n\n\n\n<p><strong><span style=\"color:#00753b\" class=\"has-inline-color\">Membro do Comit\u00ea Assessor PROIC \u2013 \u00c1rea de Ci\u00eancias Sociais Aplicadas<\/span><\/strong><\/p>\n\n\n\n<p><\/p>\n\n\n\n<hr class=\"wp-block-separator has-text-color has-background has-white-background-color has-white-color is-style-dots\"\/>\n\n\n\n<p><mark style=\"background-color:rgba(0, 0, 0, 0);color:#00753b\" class=\"has-inline-color\"><strong>Membro da Comiss\u00e3o Universidades para os \u00cdndios \u2013 CUIA\/UEL<\/strong> <\/mark><\/p>\n\n\n\n<p><\/p>\n\n\n\n<hr class=\"wp-block-separator has-text-color has-background has-white-background-color has-white-color is-style-dots\"\/>\n\n\n\n<p><mark style=\"background-color:rgba(0, 0, 0, 0);color:#00753b\" class=\"has-inline-color\"><strong>Membro do Comit\u00ea Assessor PROIC \u2013 \u00c1rea: Lingu\u00edstica, Letras e Artes<\/strong> <\/mark><\/p>\n\n\n\n<p><\/p>\n\n\n\n<hr class=\"wp-block-separator has-text-color has-background has-white-background-color has-white-color is-style-dots\"\/>\n\n\n\n<p><mark style=\"background-color:rgba(0, 0, 0, 0);color:#00753b\" class=\"has-inline-color\"><strong>Membro do Conselho Editorial da Editora<\/strong> <\/mark><\/p>\n\n\n\n<p><mark style=\"background-color:rgba(0, 0, 0, 0);color:#727272\" class=\"has-inline-color\"> <\/mark><\/p>\n\n\n\n<hr class=\"wp-block-separator has-text-color has-background has-white-background-color has-white-color is-style-dots\"\/>\n\n\n\n<p><mark style=\"background-color:rgba(0, 0, 0, 0);color:#00753b\" class=\"has-inline-color\"><strong>Membros do Comit\u00ea Consultivo Editorial T\u00e9cnico Pedag\u00f3gico Infanto-juvenil<\/strong> <\/mark><\/p>\n\n\n\n<p><\/p>\n\n\n\n<hr class=\"wp-block-separator has-text-color has-background has-white-background-color has-white-color is-style-dots\"\/>\n\n\n\n<p><strong><span style=\"color:#00753b\" class=\"has-inline-color\">Membro do Comit\u00ea de Desenvolvimento Tecnol\u00f3gico<\/span><\/strong> <\/p>\n\n\n\n<p><\/p>\n\n\n\n<hr class=\"wp-block-separator has-text-color has-background has-white-background-color has-white-color is-style-dots\"\/>\n\n\n\n<p><strong><span style=\"color:#00753b\" class=\"has-inline-color\">Representante do CECA na Comiss\u00e3o de Biblioteca<\/span><\/strong><\/p>\n\n\n\n<p><\/p>\n\n\n\n<p><mark style=\"background-color:rgba(0, 0, 0, 0);color:#00753b\" class=\"has-inline-color\"><strong>Membro do Comit\u00ea Consultivo Editorial T\u00e9cnico Pedag\u00f3gico Infanto-Juvenil<\/strong> <\/mark><\/p>\n","protected":false},"excerpt":{"rendered":"<p>Coordenador da Comiss\u00e3o de Extens\u00e3o do Centro Benjamin Luiz Franklin Membros do Comit\u00ea Assessor PROIC \u2013 \u00c1rea de Ci\u00eancias Humanas Membro do Comit\u00ea de \u00c9tica em Pesquisa Envolvendo Seres Humanos Representante do CECA do Colegiado dos Programas de P\u00f3s-gradua\u00e7\u00e3o Stricto Sensu Representante do CECA do Colegiado dos Programas de P\u00f3s-gradua\u00e7\u00e3o Lato Sensu Representa\u00e7\u00e3o do CECA [&hellip;]<\/p>\n","protected":false},"author":7,"featured_media":0,"parent":0,"menu_order":0,"comment_status":"closed","ping_status":"closed","template":"","meta":{"_acf_changed":false,"footnotes":""},"class_list":["post-18","page","type-page","status-publish","hentry"],"acf":[],"_links":{"self":[{"href":"https:\/\/sites.uel.br\/ceca\/wp-json\/wp\/v2\/pages\/18","targetHints":{"allow":["GET"]}}],"collection":[{"href":"https:\/\/sites.uel.br\/ceca\/wp-json\/wp\/v2\/pages"}],"about":[{"href":"https:\/\/sites.uel.br\/ceca\/wp-json\/wp\/v2\/types\/page"}],"author":[{"embeddable":true,"href":"https:\/\/sites.uel.br\/ceca\/wp-json\/wp\/v2\/users\/7"}],"replies":[{"embeddable":true,"href":"https:\/\/sites.uel.br\/ceca\/wp-json\/wp\/v2\/comments?post=18"}],"version-history":[{"count":5,"href":"https:\/\/sites.uel.br\/ceca\/wp-json\/wp\/v2\/pages\/18\/revisions"}],"predecessor-version":[{"id":4567,"href":"https:\/\/sites.uel.br\/ceca\/wp-json\/wp\/v2\/pages\/18\/revisions\/4567"}],"wp:attachment":[{"href":"https:\/\/sites.uel.br\/ceca\/wp-json\/wp\/v2\/media?parent=18"}],"curies":[{"name":"wp","href":"https:\/\/api.w.org\/{rel}","templated":true}]}}