{"id":16,"date":"2021-03-29T14:52:49","date_gmt":"2021-03-29T17:52:49","guid":{"rendered":"https:\/\/sites.uel.br\/ceca\/?page_id=16"},"modified":"2021-06-28T10:32:08","modified_gmt":"2021-06-28T13:32:08","slug":"mapa-do-ceca","status":"publish","type":"page","link":"https:\/\/sites.uel.br\/ceca\/mapa-do-ceca\/","title":{"rendered":"Mapa do CECA"},"content":{"rendered":"\n<p class=\"has-text-align-center has-cinza-escuro-color has-text-color has-medium-font-size\"><strong>Conhe\u00e7a o CECA<\/strong><\/p>\n\n\n\n<iframe src=\"https:\/\/www.google.com\/maps\/embed?pb=!4v1624886092843!6m8!1m7!1s2QL5KS6OmBDWU7b3FyWM5A!2m2!1d-23.32406218990321!2d-51.20582791083874!3f211.31233449460825!4f-6.510338517254041!5f0.7820865974627469\" width=\"100%\" height=\"500\" style=\"border:0;\" allowfullscreen=\"\" loading=\"lazy\"><\/iframe>\n\n\n\n<p class=\"has-text-align-center has-cinza-escuro-color has-text-color\"><strong><span class=\"has-inline-color has-cinza-escuro-color\">Localiza\u00e7\u00e3o do CECA<\/span><\/strong><\/p>\n\n\n\n<iframe src=\"https:\/\/www.google.com\/maps\/embed?pb=!1m14!1m8!1m3!1d3663.7699291554054!2d-51.20639873997899!3d-23.32410489442163!3m2!1i1024!2i768!4f13.1!3m3!1m2!1s0x0%3A0x5ea71bbe0bc7cbd2!2zQ0VDQSAtIENlbnRybyBkZSBFZHVjYcOnw6NvLCBDb211bmljYcOnw6NvIGUgQXJ0ZXM!5e0!3m2!1spt-BR!2sbr!4v1624886542243!5m2!1spt-BR!2sbr\" width=\"100%\" height=\"450\" style=\"border:0;\" allowfullscreen=\"\" loading=\"lazy\"><\/iframe>\n","protected":false},"excerpt":{"rendered":"<p>Conhe\u00e7a o CECA Localiza\u00e7\u00e3o do CECA<\/p>\n","protected":false},"author":7,"featured_media":436,"parent":0,"menu_order":0,"comment_status":"closed","ping_status":"closed","template":"","meta":{"_acf_changed":false,"footnotes":""},"class_list":["post-16","page","type-page","status-publish","has-post-thumbnail","hentry"],"acf":[],"_links":{"self":[{"href":"https:\/\/sites.uel.br\/ceca\/wp-json\/wp\/v2\/pages\/16","targetHints":{"allow":["GET"]}}],"collection":[{"href":"https:\/\/sites.uel.br\/ceca\/wp-json\/wp\/v2\/pages"}],"about":[{"href":"https:\/\/sites.uel.br\/ceca\/wp-json\/wp\/v2\/types\/page"}],"author":[{"embeddable":true,"href":"https:\/\/sites.uel.br\/ceca\/wp-json\/wp\/v2\/users\/7"}],"replies":[{"embeddable":true,"href":"https:\/\/sites.uel.br\/ceca\/wp-json\/wp\/v2\/comments?post=16"}],"version-history":[{"count":12,"href":"https:\/\/sites.uel.br\/ceca\/wp-json\/wp\/v2\/pages\/16\/revisions"}],"predecessor-version":[{"id":1151,"href":"https:\/\/sites.uel.br\/ceca\/wp-json\/wp\/v2\/pages\/16\/revisions\/1151"}],"wp:featuredmedia":[{"embeddable":true,"href":"https:\/\/sites.uel.br\/ceca\/wp-json\/wp\/v2\/media\/436"}],"wp:attachment":[{"href":"https:\/\/sites.uel.br\/ceca\/wp-json\/wp\/v2\/media?parent=16"}],"curies":[{"name":"wp","href":"https:\/\/api.w.org\/{rel}","templated":true}]}}