{"id":13,"date":"2021-03-29T14:52:49","date_gmt":"2021-03-29T17:52:49","guid":{"rendered":"https:\/\/sites.uel.br\/ceca\/?page_id=13"},"modified":"2026-03-16T14:25:57","modified_gmt":"2026-03-16T17:25:57","slug":"conselho-de-centro","status":"publish","type":"page","link":"https:\/\/sites.uel.br\/ceca\/conselho-de-centro\/","title":{"rendered":"Conselho de Centro"},"content":{"rendered":"\n<div style=\"height:31px\" aria-hidden=\"true\" class=\"wp-block-spacer\"><\/div>\n\n\n\n<p>De acordo com o Art. 39 do Estatuto da UEL, o Conselho de Centro do CECA \u00e9 \u00f3rg\u00e3o deliberativo e consultivo, composto pelos seguintes membros:<\/p>\n\n\n\n<div style=\"height:31px\" aria-hidden=\"true\" class=\"wp-block-spacer\"><\/div>\n\n\n\n<h4 class=\"wp-block-heading has-verde-escuro-color has-text-color has-link-color has-medium-font-size wp-elements-fb0897baaa041edfbea57af7b72e010e\">Diretor do Centro<\/h4>\n\n\n\n<div style=\"height:31px\" aria-hidden=\"true\" class=\"wp-block-spacer\"><\/div>\n\n\n\n<p class=\"has-medium-font-size\">Edmilson Lenard\u00e3o<\/p>\n\n\n\n<div style=\"height:31px\" aria-hidden=\"true\" class=\"wp-block-spacer\"><\/div>\n\n\n\n<h4 class=\"wp-block-heading has-verde-escuro-color has-text-color has-link-color wp-elements-af8b7a4a92531130ad6caac1e1bd0dbd\">Vice-Diretor do Centro<\/h4>\n\n\n\n<div style=\"height:31px\" aria-hidden=\"true\" class=\"wp-block-spacer\"><\/div>\n\n\n\n<p>Rosane Suely Alvares Lunardelli<\/p>\n\n\n\n<div style=\"height:31px\" aria-hidden=\"true\" class=\"wp-block-spacer\"><\/div>\n\n\n\n<h4 class=\"wp-block-heading has-verde-escuro-color has-text-color has-link-color has-medium-font-size wp-elements-971c626df0443de8328cc6357ab073b5\">Departamento de Educa\u00e7\u00e3o<\/h4>\n\n\n\n<div style=\"height:31px\" aria-hidden=\"true\" class=\"wp-block-spacer\"><\/div>\n\n\n\n<p>Simone Burioli<br>Ana Priscilla Christiano (suplente)<\/p>\n\n\n\n<div style=\"height:31px\" aria-hidden=\"true\" class=\"wp-block-spacer\"><\/div>\n\n\n\n<h4 class=\"wp-block-heading has-verde-escuro-color has-text-color has-link-color has-medium-font-size wp-elements-631ba19bb33313959c871b9b4042778f\">Departamento de Comunica\u00e7\u00e3o<\/h4>\n\n\n\n<div style=\"height:31px\" aria-hidden=\"true\" class=\"wp-block-spacer\"><\/div>\n\n\n\n<p>Rodolfo Rorato Londero<br>&#8212;&#8212;&#8212;&#8212;&#8212;&#8212;&#8212;&#8212;- (suplente)<\/p>\n\n\n\n<div style=\"height:31px\" aria-hidden=\"true\" class=\"wp-block-spacer\"><\/div>\n\n\n\n<h4 class=\"wp-block-heading has-verde-escuro-color has-text-color has-link-color has-medium-font-size wp-elements-86e266154e53f7d7906af13719c31b0c\">Departamento de Ci\u00eancia da Informa\u00e7\u00e3o<\/h4>\n\n\n\n<div style=\"height:31px\" aria-hidden=\"true\" class=\"wp-block-spacer\"><\/div>\n\n\n\n<p>Thais Batista Zaninelli<br>Benjamin Luiz Franklin (suplente)<\/p>\n\n\n\n<div style=\"height:31px\" aria-hidden=\"true\" class=\"wp-block-spacer\"><\/div>\n\n\n\n<h4 class=\"wp-block-heading has-verde-escuro-color has-text-color has-link-color wp-elements-1bbdd567c2274e4495043cc6f0ebb3fc\">Departamento de Arte Visual<\/h4>\n\n\n\n<div style=\"height:31px\" aria-hidden=\"true\" class=\"wp-block-spacer\"><\/div>\n\n\n\n<p>Vanessa Tavares da Silva<br>Edson Luiz da Silva Vieira (suplente)<\/p>\n\n\n\n<div style=\"height:31px\" aria-hidden=\"true\" class=\"wp-block-spacer\"><\/div>\n\n\n\n<h4 class=\"wp-block-heading has-verde-escuro-color has-text-color has-link-color wp-elements-fbbd03aa8ad310dc09f5a6d8e73d6b03\">Departamento de Design<\/h4>\n\n\n\n<p>Danielle De Marchi Tozatti<br>Paula da Silva Hatadani (suplente)<\/p>\n\n\n\n<div style=\"height:31px\" aria-hidden=\"true\" class=\"wp-block-spacer\"><\/div>\n\n\n\n<h4 class=\"wp-block-heading has-verde-escuro-color has-text-color has-link-color wp-elements-7ce0bf7ce9066cd673cbadf058cc2afb\">Departamento de M\u00fasica e Teatro<\/h4>\n\n\n\n<div style=\"height:31px\" aria-hidden=\"true\" class=\"wp-block-spacer\"><\/div>\n\n\n\n<p>Camilo Scandolara<br>Alexandre Remuzzi Ficagna (suplente)<\/p>\n\n\n\n<div style=\"height:31px\" aria-hidden=\"true\" class=\"wp-block-spacer\"><\/div>\n\n\n\n<h4 class=\"wp-block-heading has-verde-escuro-color has-text-color has-link-color wp-elements-3cf255122f23253f82cfd6ace18891ef\">Diretora do Col\u00e9gio de Aplica\u00e7\u00e3o Pedag\u00f3gica da UEL<\/h4>\n\n\n\n<div style=\"height:31px\" aria-hidden=\"true\" class=\"wp-block-spacer\"><\/div>\n\n\n\n<p>Ricardo Lopes Fonseca<\/p>\n\n\n\n<p>&#8212;&#8212;&#8212;&#8212;&#8212;&#8212;&#8212;&#8212;(suplente)<\/p>\n\n\n\n<div style=\"height:31px\" aria-hidden=\"true\" class=\"wp-block-spacer\"><\/div>\n\n\n\n<h4 class=\"wp-block-heading has-verde-escuro-color has-text-color has-link-color wp-elements-3a82f4070156f12705a40f39f6b0f3d3\">Casa de Cultura<\/h4>\n\n\n\n<div style=\"height:31px\" aria-hidden=\"true\" class=\"wp-block-spacer\"><\/div>\n\n\n\n<p>Marta Dantas da Silva<\/p>\n\n\n\n<div style=\"height:31px\" aria-hidden=\"true\" class=\"wp-block-spacer\"><\/div>\n\n\n\n<h4 class=\"wp-block-heading has-verde-escuro-color has-text-color has-link-color wp-elements-3a24f57088469986ae7a8545389d1a70\">TV UEL \u2013 Televis\u00e3o Cultural e Educativa da UEL<\/h4>\n\n\n\n<div style=\"height:31px\" aria-hidden=\"true\" class=\"wp-block-spacer\"><\/div>\n\n\n\n<p>C\u00e9lio dos Santos Costa<\/p>\n\n\n\n<div style=\"height:31px\" aria-hidden=\"true\" class=\"wp-block-spacer\"><\/div>\n\n\n\n<h4 class=\"wp-block-heading has-verde-escuro-color has-text-color has-link-color wp-elements-8960bfdae9ae9088ee74e9965ece7f43\">R\u00e1dio FM UEL<\/h4>\n\n\n\n<div style=\"height:31px\" aria-hidden=\"true\" class=\"wp-block-spacer\"><\/div>\n\n\n\n<p>Edyr Pedro da Silva<\/p>\n\n\n\n<div style=\"height:31px\" aria-hidden=\"true\" class=\"wp-block-spacer\"><\/div>\n\n\n\n<h4 class=\"wp-block-heading has-verde-escuro-color has-text-color has-link-color wp-elements-df67da0933526b77c059e699ba30be70\">Colegiado de Arquivologia<\/h4>\n\n\n\n<div style=\"height:31px\" aria-hidden=\"true\" class=\"wp-block-spacer\"><\/div>\n\n\n\n<p>Iz\u00e2ngela Maria Sansoni Tonello de Oliveira<br>Ana Maria Mendes Miranda (suplente)<\/p>\n\n\n\n<div style=\"height:31px\" aria-hidden=\"true\" class=\"wp-block-spacer\"><\/div>\n\n\n\n<h4 class=\"wp-block-heading has-verde-escuro-color has-text-color has-link-color wp-elements-76927f29b625c2094a24872e0ffbf851\">Colegiado de Artes C\u00eanicas<\/h4>\n\n\n\n<div style=\"height:31px\" aria-hidden=\"true\" class=\"wp-block-spacer\"><\/div>\n\n\n\n<p>Sandra Parra Furlanete<\/p>\n\n\n\n<p>&#8212;&#8212;&#8212;&#8212;&#8212;&#8212;&#8212;(suplente)<\/p>\n\n\n\n<div style=\"height:31px\" aria-hidden=\"true\" class=\"wp-block-spacer\"><\/div>\n\n\n\n<h4 class=\"wp-block-heading has-verde-escuro-color has-text-color has-link-color wp-elements-e979be06a46b05c04b0b2e0cc1555f97\">Colegiado de Artes Visuais<\/h4>\n\n\n\n<div style=\"height:31px\" aria-hidden=\"true\" class=\"wp-block-spacer\"><\/div>\n\n\n\n<p>Roberta Puccetti<br>C\u00e2ndia Alayde de Carvalho Bittencourt (suplente)<\/p>\n\n\n\n<div style=\"height:31px\" aria-hidden=\"true\" class=\"wp-block-spacer\"><\/div>\n\n\n\n<h4 class=\"wp-block-heading has-verde-escuro-color has-text-color has-link-color wp-elements-d82c734868203e2a0e08bc720fd0c209\">Colegiado de Biblioteconomia<\/h4>\n\n\n\n<div style=\"height:31px\" aria-hidden=\"true\" class=\"wp-block-spacer\"><\/div>\n\n\n\n<p>Adriana Rosecler Alcar\u00e1 Engelamnn<br>Juliana Cardoso dos Santos (suplente)<\/p>\n\n\n\n<div style=\"height:31px\" aria-hidden=\"true\" class=\"wp-block-spacer\"><\/div>\n\n\n\n<h4 class=\"wp-block-heading has-verde-escuro-color has-text-color has-link-color wp-elements-8cb3d4ebb781d621fd9c3631ed34a1bc\">Colegiado de Comunica\u00e7\u00e3o \u2013 Jornalismo<\/h4>\n\n\n\n<p><br>Silvio Ricardo Dem\u00e9trio<br>Ayoub Hanna Ayoub (Suplente)<\/p>\n\n\n\n<div style=\"height:31px\" aria-hidden=\"true\" class=\"wp-block-spacer\"><\/div>\n\n\n\n<h4 class=\"wp-block-heading has-verde-escuro-color has-text-color has-link-color wp-elements-55a42386c7b1178b6e3257f3e3c0de1f\">Colegiado de Comunica\u00e7\u00e3o \u2013 Rela\u00e7\u00f5es P\u00fablicas<\/h4>\n\n\n\n<div style=\"height:31px\" aria-hidden=\"true\" class=\"wp-block-spacer\"><\/div>\n\n\n\n<p>Rozinaldo Antonio Miano<br>Daniel de Oliveira Figueiredo (Suplente)<\/p>\n\n\n\n<div style=\"height:31px\" aria-hidden=\"true\" class=\"wp-block-spacer\"><\/div>\n\n\n\n<h4 class=\"wp-block-heading has-verde-escuro-color has-text-color has-link-color wp-elements-a09c214aa7a17a7bf175b8d623c6d65c\">Colegiado de Design Gr\u00e1fico<\/h4>\n\n\n\n<div style=\"height:31px\" aria-hidden=\"true\" class=\"wp-block-spacer\"><\/div>\n\n\n\n<p>Marcelo Castro Andreo<br>Ana Paula Perfetto Demarchi (Suplente)<\/p>\n\n\n\n<div style=\"height:31px\" aria-hidden=\"true\" class=\"wp-block-spacer\"><\/div>\n\n\n\n<h4 class=\"wp-block-heading has-verde-escuro-color has-text-color has-link-color wp-elements-f77cbb0bdaf47f929745994ce0ef760f\">Colegiado de Design de Moda<\/h4>\n\n\n\n<div style=\"height:31px\" aria-hidden=\"true\" class=\"wp-block-spacer\"><\/div>\n\n\n\n<p>Lucimar de F\u00e1tima Bilmaia Em\u00eddio<br>Franciele Menegucci (Suplente)<\/p>\n\n\n\n<div style=\"height:31px\" aria-hidden=\"true\" class=\"wp-block-spacer\"><\/div>\n\n\n\n<h4 class=\"wp-block-heading has-verde-escuro-color has-text-color has-link-color wp-elements-cf24ae80bbe3eed6c800506b68fec58d\">Colegiado de M\u00fasica<\/h4>\n\n\n\n<div style=\"height:31px\" aria-hidden=\"true\" class=\"wp-block-spacer\"><\/div>\n\n\n\n<p>Fernando Hiroki Kozu<br>Leandro Augusto dos Reis (Suplente)<\/p>\n\n\n\n<div style=\"height:31px\" aria-hidden=\"true\" class=\"wp-block-spacer\"><\/div>\n\n\n\n<h4 class=\"wp-block-heading has-verde-escuro-color has-text-color has-link-color wp-elements-d0279af66cab78aadd9b0c464ae2e5c1\">Colegiado de Pedagogia<\/h4>\n\n\n\n<div style=\"height:31px\" aria-hidden=\"true\" class=\"wp-block-spacer\"><\/div>\n\n\n\n<p>Eliacir Neves Fran\u00e7a<br>&#8212;&#8212;&#8212;&#8212;&#8212;&#8212;&#8212;&#8212;&#8212;- (suplente)<\/p>\n\n\n\n<div style=\"height:31px\" aria-hidden=\"true\" class=\"wp-block-spacer\"><\/div>\n\n\n\n<h4 class=\"wp-block-heading has-verde-escuro-color has-text-color has-link-color wp-elements-f559753291502f99fd4561a7acba6928\">Programa de Mestrado em Educa\u00e7\u00e3o<\/h4>\n\n\n\n<div style=\"height:31px\" aria-hidden=\"true\" class=\"wp-block-spacer\"><\/div>\n\n\n\n<p>Eliane Cleide da Silva Czernicz<br>Dirce Aparecida Foletto de Moraes (Suplente)<\/p>\n\n\n\n<div style=\"height:31px\" aria-hidden=\"true\" class=\"wp-block-spacer\"><\/div>\n\n\n\n<h4 class=\"wp-block-heading has-verde-escuro-color has-text-color has-link-color wp-elements-39c4e1de1ec36293505d2f98dcc1b222\">Programa de Mestrado em Comunica\u00e7\u00e3o Visual<\/h4>\n\n\n\n<div style=\"height:31px\" aria-hidden=\"true\" class=\"wp-block-spacer\"><\/div>\n\n\n\n<p>Manoel Dourado Batos<br>Andr\u00e9 Azevedo da Fonseca (Suplente)<\/p>\n\n\n\n<div style=\"height:31px\" aria-hidden=\"true\" class=\"wp-block-spacer\"><\/div>\n\n\n\n<h4 class=\"wp-block-heading has-verde-escuro-color has-text-color has-link-color wp-elements-28a9df398cb2bac82b82261fca1d0f8f\">Programa de Mestrado em Gest\u00e3o da Informa\u00e7\u00e3o<\/h4>\n\n\n\n<p><br>Let\u00edcia Gorri Molina<br>Ana Cristina de Albuquerque (Suplente)<\/p>\n\n\n\n<div style=\"height:31px\" aria-hidden=\"true\" class=\"wp-block-spacer\"><\/div>\n\n\n\n<h4 class=\"wp-block-heading has-verde-escuro-color has-text-color has-link-color wp-elements-9e55e49df7ce3033e3b065cd95ed896d\">Representante dos Colegiados dos Cursos de P\u00f3s-Gradua\u00e7\u00e3o Lato Sensu do CECA<\/h4>\n\n\n\n<div style=\"height:31px\" aria-hidden=\"true\" class=\"wp-block-spacer\"><\/div>\n\n\n\n<p>Adriana Regina de Jesus<br>\u00a0&#8212;&#8212;&#8212;&#8212;&#8212;&#8212;&#8212;&#8212;&#8212;-(suplente)<\/p>\n\n\n\n<div style=\"height:31px\" aria-hidden=\"true\" class=\"wp-block-spacer\"><\/div>\n\n\n\n<h4 class=\"wp-block-heading has-verde-escuro-color has-text-color has-link-color wp-elements-7be275c85914cd6ffc43401494f4f681\">Comiss\u00e3o de Extens\u00e3o do CECA<\/h4>\n\n\n\n<div style=\"height:31px\" aria-hidden=\"true\" class=\"wp-block-spacer\"><\/div>\n\n\n\n<p>Claudio Pereira de Sampaio<br>&#8212;&#8212;&#8212;&#8212;&#8212;&#8212;&#8212;&#8211; (Suplente)<\/p>\n\n\n\n<div style=\"height:31px\" aria-hidden=\"true\" class=\"wp-block-spacer\"><\/div>\n\n\n\n<h4 class=\"wp-block-heading has-verde-escuro-color has-text-color has-link-color wp-elements-b0de00511cee3a90c8bfceb1f0457d06\">Comiss\u00e3o de Pesquisa do CECA<\/h4>\n\n\n\n<div style=\"height:31px\" aria-hidden=\"true\" class=\"wp-block-spacer\"><\/div>\n\n\n\n<p>Adriana Medeiros Farias<br>Ana Paula Perfetto Demarchi (Suplente)<\/p>\n\n\n\n<div style=\"height:31px\" aria-hidden=\"true\" class=\"wp-block-spacer\"><\/div>\n\n\n\n<h4 class=\"wp-block-heading has-verde-escuro-color has-text-color has-link-color wp-elements-d132e7bdc912b1a0be48d8de04d34482\">Representantes discentes do CECA<\/h4>\n\n\n\n<div style=\"height:31px\" aria-hidden=\"true\" class=\"wp-block-spacer\"><\/div>\n\n\n\n<h4 class=\"wp-block-heading has-verde-escuro-color has-text-color has-link-color wp-elements-f4fc8112b0d739a8083e2773e5f5fdc2\">Representantes dos servidores t\u00e9cnico-administrativos<\/h4>\n\n\n\n<div style=\"height:31px\" aria-hidden=\"true\" class=\"wp-block-spacer\"><\/div>\n\n\n\n<p>Aparecida Roseney de Oliveira<br>Eliane Faustino de Souza<br>Giselle Aparecida Marcati Almeida<br>Jacinta de F\u00e1tima Duarte Cruz<\/p>\n\n\n\n<div style=\"height:31px\" aria-hidden=\"true\" class=\"wp-block-spacer\"><\/div>\n\n\n\n<h4 class=\"wp-block-heading has-verde-escuro-color has-text-color has-link-color wp-elements-208bd84cc58d74622fb8ee7b6684b6a1\">CONVIDADOS:<\/h4>\n\n\n\n<div style=\"height:31px\" aria-hidden=\"true\" class=\"wp-block-spacer\"><\/div>\n\n\n\n<h4 class=\"wp-block-heading has-verde-escuro-color has-text-color has-link-color wp-elements-f9df767a7e9aae82a26c1a6a98693df8\">Representante do CECA na Comiss\u00e3o de Biblioteca<\/h4>\n\n\n\n<div style=\"height:31px\" aria-hidden=\"true\" class=\"wp-block-spacer\"><\/div>\n\n\n\n<p>Rosane Suely Alvares Lunardelli (Titular)<br>Rovilson Jos\u00e9 da Silva (Suplente)<\/p>\n\n\n\n<div style=\"height:31px\" aria-hidden=\"true\" class=\"wp-block-spacer\"><\/div>\n\n\n\n<h4 class=\"wp-block-heading has-verde-escuro-color has-text-color has-link-color wp-elements-35f24bd1163940d6623dfd04004caf8e\">Membro do Comit\u00ea de \u00c9tica em Pesquisa envolvendo Seres Humanos.<\/h4>\n\n\n\n<div style=\"height:31px\" aria-hidden=\"true\" class=\"wp-block-spacer\"><\/div>\n\n\n\n<h4 class=\"wp-block-heading has-verde-escuro-color has-text-color has-link-color wp-elements-3796eb6d6da638805da02fef5a2364f3\">Representante do CECA na COPESE<\/h4>\n\n\n\n<div style=\"height:31px\" aria-hidden=\"true\" class=\"wp-block-spacer\"><\/div>\n\n\n\n<p>Silvia Alves dos Santos<\/p>\n\n\n\n<div style=\"height:31px\" aria-hidden=\"true\" class=\"wp-block-spacer\"><\/div>\n\n\n\n<h4 class=\"wp-block-heading has-verde-escuro-color has-text-color has-link-color wp-elements-c462c0902b1179420b6c3be6b5d54f17\">Representante do CECA na CPCD<\/h4>\n\n\n\n<div style=\"height:31px\" aria-hidden=\"true\" class=\"wp-block-spacer\"><\/div>\n\n\n\n<p>Soraia Chafic El Kfouri Salerno<\/p>\n\n\n\n<div style=\"height:31px\" aria-hidden=\"true\" class=\"wp-block-spacer\"><\/div>\n\n\n\n<h4 class=\"wp-block-heading has-verde-escuro-color has-text-color has-link-color wp-elements-4c2497314324112947292fc92da49d5f\">Representante do Centro no Conselho Universit\u00e1rio<\/h4>\n\n\n\n<div style=\"height:31px\" aria-hidden=\"true\" class=\"wp-block-spacer\"><\/div>\n\n\n\n<p>Kennedy Piau Ferreira<\/p>\n\n\n\n<div style=\"height:31px\" aria-hidden=\"true\" class=\"wp-block-spacer\"><\/div>\n\n\n\n<h4 class=\"wp-block-heading has-verde-escuro-color has-text-color has-link-color wp-elements-a67cfda712b6f2c82309180a079539ee\">Coordenador da Comiss\u00e3o de P\u00f3s-Gradua\u00e7\u00e3o do CECA<\/h4>\n\n\n\n<div style=\"height:31px\" aria-hidden=\"true\" class=\"wp-block-spacer\"><\/div>\n\n\n\n<p>Manoel Dourado Bastos<br>Vanessa Tavares de Oliveira Barros (suplente)<\/p>\n","protected":false},"excerpt":{"rendered":"<p>De acordo com o Art. 39 do Estatuto da UEL, o Conselho de Centro do CECA \u00e9 \u00f3rg\u00e3o deliberativo e consultivo, composto pelos seguintes membros: Diretor do Centro Edmilson Lenard\u00e3o Vice-Diretor do Centro Rosane Suely Alvares Lunardelli Departamento de Educa\u00e7\u00e3o Simone BurioliAna Priscilla Christiano (suplente) Departamento de Comunica\u00e7\u00e3o Rodolfo Rorato Londero&#8212;&#8212;&#8212;&#8212;&#8212;&#8212;&#8212;&#8212;- (suplente) Departamento de Ci\u00eancia [&hellip;]<\/p>\n","protected":false},"author":7,"featured_media":0,"parent":0,"menu_order":0,"comment_status":"closed","ping_status":"closed","template":"","meta":{"_acf_changed":false,"footnotes":""},"class_list":["post-13","page","type-page","status-publish","hentry"],"acf":[],"_links":{"self":[{"href":"https:\/\/sites.uel.br\/ceca\/wp-json\/wp\/v2\/pages\/13","targetHints":{"allow":["GET"]}}],"collection":[{"href":"https:\/\/sites.uel.br\/ceca\/wp-json\/wp\/v2\/pages"}],"about":[{"href":"https:\/\/sites.uel.br\/ceca\/wp-json\/wp\/v2\/types\/page"}],"author":[{"embeddable":true,"href":"https:\/\/sites.uel.br\/ceca\/wp-json\/wp\/v2\/users\/7"}],"replies":[{"embeddable":true,"href":"https:\/\/sites.uel.br\/ceca\/wp-json\/wp\/v2\/comments?post=13"}],"version-history":[{"count":86,"href":"https:\/\/sites.uel.br\/ceca\/wp-json\/wp\/v2\/pages\/13\/revisions"}],"predecessor-version":[{"id":6505,"href":"https:\/\/sites.uel.br\/ceca\/wp-json\/wp\/v2\/pages\/13\/revisions\/6505"}],"wp:attachment":[{"href":"https:\/\/sites.uel.br\/ceca\/wp-json\/wp\/v2\/media?parent=13"}],"curies":[{"name":"wp","href":"https:\/\/api.w.org\/{rel}","templated":true}]}}