{"id":12,"date":"2021-03-29T14:52:49","date_gmt":"2021-03-29T17:52:49","guid":{"rendered":"https:\/\/sites.uel.br\/ceca\/?page_id=12"},"modified":"2021-04-06T14:51:28","modified_gmt":"2021-04-06T17:51:28","slug":"apresentacao","status":"publish","type":"page","link":"https:\/\/sites.uel.br\/ceca\/apresentacao\/","title":{"rendered":"Apresenta\u00e7\u00e3o"},"content":{"rendered":"\n<hr class=\"wp-block-separator has-text-color has-background has-white-background-color has-white-color is-style-dots\"\/>\n\n\n\n<figure class=\"wp-block-image size-large\"><img loading=\"lazy\" decoding=\"async\" width=\"1024\" height=\"536\" src=\"https:\/\/sites.uel.br\/ceca\/wp-content\/uploads\/2021\/04\/Entrada-do-Ceca-1024x536-2.jpg\" alt=\"\" class=\"wp-image-440\" srcset=\"https:\/\/sites.uel.br\/ceca\/wp-content\/uploads\/2021\/04\/Entrada-do-Ceca-1024x536-2.jpg 1024w, https:\/\/sites.uel.br\/ceca\/wp-content\/uploads\/2021\/04\/Entrada-do-Ceca-1024x536-2-300x157.jpg 300w, https:\/\/sites.uel.br\/ceca\/wp-content\/uploads\/2021\/04\/Entrada-do-Ceca-1024x536-2-768x402.jpg 768w\" sizes=\"auto, (max-width: 1024px) 100vw, 1024px\" \/><\/figure>\n\n\n\n<hr class=\"wp-block-separator has-text-color has-background has-white-background-color has-white-color is-style-dots\"\/>\n\n\n\n<p class=\"has-text-align-left\">O Centro de Educa\u00e7\u00e3o, Comunica\u00e7\u00e3o e Artes nasceu da jun\u00e7\u00e3o do C. E. &#8211; Centro de Educa\u00e7\u00e3o e do C.C.A. &#8211; Centro de Comunica\u00e7\u00e3o e Artes . O CECA \u2013 Centro de Educa\u00e7\u00e3o, Comunica\u00e7\u00e3o e Artes \u2013 foi criado pela Resolu\u00e7\u00e3o n\u00ba 414\/77, de 28\/10\/1977. Na mesma data, a Resolu\u00e7\u00e3o n\u00ba 415\/77 apresenta a forma\u00e7\u00e3o dos departamentos pertencentes ao CECA: Educa\u00e7\u00e3o, Comunica\u00e7\u00e3o e Artes, Biblioteconomia e Educa\u00e7\u00e3o F\u00edsica.<\/p>\n\n\n\n<p class=\"has-text-align-left\">Na Resolu\u00e7\u00e3o n\u00ba 653\/81, de 4\/12\/1981, o Departamento de Comunica\u00e7\u00e3o e Artes do Centro de Educa\u00e7\u00e3o, Comunica\u00e7\u00e3o e Artes \u00e9 dividido em Departamento de Comunica\u00e7\u00e3o e Departamento de Arte.<\/p>\n\n\n\n<p class=\"has-text-align-left\">Desde a cria\u00e7\u00e3o do CECA, o Departamento de Educa\u00e7\u00e3o F\u00edsica fazia parte da sua composi\u00e7\u00e3o. A Resolu\u00e7\u00e3o n\u00ba 1035\/86, de 2 de junho de 1986, extinguiu o Departamento de Educa\u00e7\u00e3o F\u00edsica do CECA e criou o Centro de Educa\u00e7\u00e3o F\u00edsica e Desportos, assim d\u00e1 nova configura\u00e7\u00e3o ao Centro de Educa\u00e7\u00e3o, Comunica\u00e7\u00e3o e Artes com a divis\u00e3o nos seguintes departamentos: Educa\u00e7\u00e3o, Comunica\u00e7\u00e3o, Arte e Biblioteconomia. <\/p>\n\n\n\n<p class=\"has-text-align-left\">Em 1996, pela Resolu\u00e7\u00e3o n\u00ba 3098, o Departamento de Biblioteconomia passa a ser chamado de Departamento de Ci\u00eancia da Informa\u00e7\u00e3o. <\/p>\n\n\n\n<p class=\"has-text-align-left\">Em 2004, com a vig\u00eancia do atual Regimento da UEL, o CECA passa a ser composto por seis departamentos:<\/p>\n\n\n\n<ul class=\"wp-block-list\"><li>Departamento de Arte Visual;<\/li><li>Departamento de Ci\u00eancia da Informa\u00e7\u00e3o;<\/li><li>Departamento de Comunica\u00e7\u00e3o;<\/li><li>Departamento de Design;<\/li><li>Departamento de Educa\u00e7\u00e3o;<\/li><li>Departamento de M\u00fasica e Teatro. <\/li><\/ul>\n\n\n\n<p class=\"has-text-align-left\">Os Cursos de Gradua\u00e7\u00e3o ofertados pelo CECA s\u00e3o:<\/p>\n\n\n\n<ul class=\"wp-block-list\"><li>Arquivologia;<\/li><li>Artes C\u00eanicas;<\/li><li>Artes Visuais;<\/li><li>Biblioteconomia;<\/li><li>Design Gr\u00e1fico<\/li><li>Design de Moda;<\/li><li>Jornalismo;<\/li><li>Pedagogia;<\/li><li>M\u00fasica;<\/li><li>Rela\u00e7\u00f5es P\u00fablicas.<\/li><\/ul>\n\n\n\n<p class=\"has-text-align-left\">O CECA tamb\u00e9m conta com quatro \u00d3rg\u00e3os Suplementares vinculados academicamente ao Centro:<\/p>\n\n\n\n<div class=\"wp-block-group\"><div class=\"wp-block-group__inner-container is-layout-flow wp-block-group-is-layout-flow\">\n<ul class=\"wp-block-list\"><li>Col\u00e9gio de Aplica\u00e7\u00e3o Pedag\u00f3gica da Universidade Estadual de Londrina Professor Jos\u00e9 Alo\u00edsio Arag\u00e3o \u2013 Educa\u00e7\u00e3o Infantil, Ensino Fundamental, M\u00e9dio e Profissional;<\/li><li>Casa de Cultura;<\/li><li>TV UEL \u2013 Televis\u00e3o Cultural e Educativa da Universidade Estadual de Londrina;<\/li><li>R\u00e1dio UEL FM.<\/li><\/ul>\n\n\n\n<div class=\"wp-block-media-text alignwide is-stacked-on-mobile is-image-fill\" style=\"grid-template-columns:45% auto\"><figure class=\"wp-block-media-text__media\" style=\"background-image:url(https:\/\/sites.uel.br\/ceca\/wp-content\/uploads\/2021\/04\/radio-uel-uel-1024x759-1.jpg);background-position:50% 50%\"><img loading=\"lazy\" decoding=\"async\" width=\"1024\" height=\"759\" src=\"https:\/\/sites.uel.br\/ceca\/wp-content\/uploads\/2021\/04\/radio-uel-uel-1024x759-1.jpg\" alt=\"\" class=\"wp-image-438 size-full\" srcset=\"https:\/\/sites.uel.br\/ceca\/wp-content\/uploads\/2021\/04\/radio-uel-uel-1024x759-1.jpg 1024w, https:\/\/sites.uel.br\/ceca\/wp-content\/uploads\/2021\/04\/radio-uel-uel-1024x759-1-300x222.jpg 300w, https:\/\/sites.uel.br\/ceca\/wp-content\/uploads\/2021\/04\/radio-uel-uel-1024x759-1-768x569.jpg 768w\" sizes=\"auto, (max-width: 1024px) 100vw, 1024px\" \/><\/figure><div class=\"wp-block-media-text__content\">\n<p class=\"has-large-font-size\">R\u00e1dio UEL FM 107,9<\/p>\n<\/div><\/div>\n\n\n\n<p><\/p>\n<\/div><\/div>\n\n\n\n<p class=\"has-text-align-left\">ESTRUTURA F\u00cdSICA:<\/p>\n\n\n\n<p class=\"has-text-align-left\">A primeira parte da Ala T\u00e9rrea onde funciona atualmente o pr\u00e9dio do CECA foi inaugurada em julho de 1983. Em 1987 conclui-se a constru\u00e7\u00e3o dos dois primeiros blocos do CECA e foi feita a transfer\u00eancia da Secretaria Geral do CECA e dos departamentos de educa\u00e7\u00e3o, comunica\u00e7\u00e3o e biblioteconomia. O departamento de Arte permaneceu nos blocos de madeira, o chamado \u201cCequinha\u201d, ou CECA Arte, at\u00e9 in\u00edcio de 2012, quando recebeu um novo pr\u00e9dio inaugurado em 23 de abril de 2012.<\/p>\n\n\n\n<p><\/p>\n","protected":false},"excerpt":{"rendered":"<p>O Centro de Educa\u00e7\u00e3o, Comunica\u00e7\u00e3o e Artes nasceu da jun\u00e7\u00e3o do C. E. &#8211; Centro de Educa\u00e7\u00e3o e do C.C.A. &#8211; Centro de Comunica\u00e7\u00e3o e Artes . O CECA \u2013 Centro de Educa\u00e7\u00e3o, Comunica\u00e7\u00e3o e Artes \u2013 foi criado pela Resolu\u00e7\u00e3o n\u00ba 414\/77, de 28\/10\/1977. Na mesma data, a Resolu\u00e7\u00e3o n\u00ba 415\/77 apresenta a forma\u00e7\u00e3o [&hellip;]<\/p>\n","protected":false},"author":7,"featured_media":0,"parent":0,"menu_order":0,"comment_status":"closed","ping_status":"closed","template":"","meta":{"_acf_changed":false,"footnotes":""},"class_list":["post-12","page","type-page","status-publish","hentry"],"acf":[],"_links":{"self":[{"href":"https:\/\/sites.uel.br\/ceca\/wp-json\/wp\/v2\/pages\/12","targetHints":{"allow":["GET"]}}],"collection":[{"href":"https:\/\/sites.uel.br\/ceca\/wp-json\/wp\/v2\/pages"}],"about":[{"href":"https:\/\/sites.uel.br\/ceca\/wp-json\/wp\/v2\/types\/page"}],"author":[{"embeddable":true,"href":"https:\/\/sites.uel.br\/ceca\/wp-json\/wp\/v2\/users\/7"}],"replies":[{"embeddable":true,"href":"https:\/\/sites.uel.br\/ceca\/wp-json\/wp\/v2\/comments?post=12"}],"version-history":[{"count":8,"href":"https:\/\/sites.uel.br\/ceca\/wp-json\/wp\/v2\/pages\/12\/revisions"}],"predecessor-version":[{"id":441,"href":"https:\/\/sites.uel.br\/ceca\/wp-json\/wp\/v2\/pages\/12\/revisions\/441"}],"wp:attachment":[{"href":"https:\/\/sites.uel.br\/ceca\/wp-json\/wp\/v2\/media?parent=12"}],"curies":[{"name":"wp","href":"https:\/\/api.w.org\/{rel}","templated":true}]}}